{"id":13803,"date":"2023-07-13T04:03:08","date_gmt":"2023-07-13T04:03:08","guid":{"rendered":"https:\/\/www.lotterycritic.com\/resultados-loteria\/resultados-de-la-loteria-de-delaware-de-revise-los-numeros-ganadores-de-la-loteria-de-delaware-de-de-esta-noche\/"},"modified":"2023-08-11T11:48:50","modified_gmt":"2023-08-11T11:48:50","slug":"delaware","status":"publish","type":"page","link":"https:\/\/www.lotterycritic.com\/es\/resultados-loteria\/delaware\/","title":{"rendered":"Resultados de La Loter\u00eda de Delaware (DE) &#8211; Comprueba Los N\u00fameros Ganadores de Hoy En Delaware"},"content":{"rendered":"<p><section><div class=\"section-anchor\" id=\"acerca-de-la-loter--a-de-delaware\"><\/div><\/p>\n<p><\/p>\n<h2>Acerca de la Loter\u00eda de Delaware<\/h2>\n<p>Delaware fue uno de los primeros estados de Estados Unidos en implementar una loter\u00eda moderna, con el primer sorteo de Lotto tomando lugar en marzo de 1975. Sus beneficios alcanzan unos 500 millones de d\u00f3lares por a\u00f1o y gran parte se invierte en la comunidad local. La loter\u00eda es la quinta m\u00e1s grande fuente de ingresos de Delaware. Siendo as\u00ed, desde su creaci\u00f3n, la loter\u00eda ha contribuido con $5.8 miles de millones al estado.<\/p>\n<h3>Reglas de la Loter\u00eda de Delaware<\/h3>\n<p>Los participantes deben tener 18 a\u00f1os de edad o m\u00e1s para poder jugar a la Loter\u00eda de Delaware. La Loter\u00eda de Delaware tambi\u00e9n patrocina algunas loter\u00edas de video, loter\u00edas de deportes, y juegos de mesa en casinos de Delaware; debe tener 21 a\u00f1os de edad para estos juegos.<\/p>\n<h2>Billetes de la Loter\u00eda de Delaware<\/h2>\n<p>Puede comprar billetes de la Loter\u00eda de DE en m\u00e1s de 600 puntos de venta autorizados por todo el estado, antes de conocer los resultados. Adem\u00e1s, si se convierte en un afortunado ganador de alguno de los juegos de la loter\u00eda, tendr\u00e1 un a\u00f1o para reclamar su premio.<\/p>\n<h3>\u00bfPuedo comprar billetes de la Loter\u00eda de DE en l\u00ednea?<\/h3>\n<p>En la mayor\u00eda de los casos, no puede comprar billetes de la Loter\u00eda de Delaware en l\u00ednea. Sin embargo, puede jugar en casinos virtuales como el Delaware Park, Dover Downs, y Harrington.<\/p>\n<p>\n<\/section><\/p>\n<p><section><div class=\"section-anchor\" id=\"calendario-de-sorteos-y-juegos\"><\/div><\/p>\n<p><\/p>\n<h2>Calendario de sorteos y juegos de la Loter\u00eda de Delaware<\/h2>\n<h3>Powerball<\/h3>\n<p>El Powerball es un juego de loter\u00eda presente en varios estados, que ofrece un premio mayor de alrededor de $40 millones por sorteo. En este sorteo, los jugadores escogen cinco n\u00fameros de balota blanca del 1 al 69, y un n\u00famero rojo Powerball del 1 al 26. Si bien puede ganar el premio mayor si acierta los cinco n\u00fameros y el Powerball, hay otros ocho niveles de premios por debajo, incluyendo la devoluci\u00f3n de $4 si coincide en el Powerball. Los billetes cuestan $2, pero puede saltar a un billete de $3 para jugar con el Power Play, que es un multiplicador de hasta 10 veces para premios por fuera del premio mayor.<\/p>\n<h3>Mega Millions<\/h3>\n<p>El Mega Millions es otro juego multiestado disponible en Delaware con otro premio mayor de hasta $40 millones. Para jugar al Mega Millions, elija cinco n\u00fameros y un n\u00famero Mega Ball. Tendr\u00e1 que acertar en los seis n\u00fameros para ganar el premio mayor, pero existen otros ocho premios m\u00e1s disponibles. Vale con $2 para poder jugar al Mega Millions, y con el billete de $3 que incluye el Megaplier, cualquier cantidad ganada por fuera del premio mayor, se multiplicar\u00e1 por hasta 5 veces.<\/p>\n<h3>Lotto America<\/h3>\n<p>Ciudadanos de todo el pa\u00eds disfrutan del Lotto America, y funciona de una forma similar a otros juegos presentes en m\u00faltiples estados. A diferencia del Lucky for Life, los billetes del Lotto America cuentan solo $1, pero puede mejorarlo a un billete de $2 con el multiplicador All-Star Bonus. Deber\u00e1 escoger cinco n\u00fameros, adem\u00e1s del Star Ball, siendo necesario acertar en los seis para llevarse el premio mayor. El multiplicador de hasta 5 veces aplica para premios que no son el premio mayor, si a\u00f1ade el All-Star Bonus.<\/p>\n<h3>Lucky for Life<\/h3>\n<p>El Lucky for Life es otro juego para varios de los estados, donde puede ganar $1,000 por d\u00eda de por vida, si acierta cinco n\u00fameros y el Lucky Ball. El segundo premio del Lucky for Life, si coincide en los cinco n\u00fameros sin el Lucky Ball, son $25,000 al a\u00f1o de por vida. En el Lucky for Life, hay ocho premios adicionales, as\u00ed que hay mucho por qu\u00e9 jugar.<\/p>\n<h3>Multi-Win Lotto<\/h3>\n<p>El premio m\u00e1ximo en el Multi-Win Lotto comienza en los $50,000 y los billetes cuestan solo $2. En esta loter\u00eda, tendr\u00e1 que escoger seis n\u00fameros del 1 al 35. As\u00ed como el nombre de Multi-Win Lotto sugiere, existen m\u00faltiples formas de ganar el juego:<\/p>\n<ul>\n<li aria-level=\"1\"><b>Gana una l\u00ednea <\/b><span style=\"font-weight: 400;\">\u2014 Acierte tres, cuatro, cinco o seis n\u00fameros en una misma l\u00ednea.<\/span><\/li>\n<\/ul>\n<ul>\n<li aria-level=\"1\"><b>Gana combinaci\u00f3n <\/b><span style=\"font-weight: 400;\">\u2014 Coincida en al menos seis n\u00fameros de las tres l\u00edneas.<\/span><\/li>\n<\/ul>\n<ul>\n<li aria-level=\"1\"><b>Gana en ambos sentidos <\/b><span style=\"font-weight: 400;\">\u2014 En un mismo billete, puede ganar una l\u00ednea y una combinaci\u00f3n.<\/span><\/li>\n<\/ul>\n<ul>\n<li aria-level=\"1\"><b>No acierta ning\u00fan n\u00famero <\/b><span style=\"font-weight: 400;\">\u2014 Si no acierta en ninguno de los n\u00fameros en las tres l\u00edneas, gana $2.<\/span><\/li>\n<\/ul>\n<h3>Play 3<\/h3>\n<p>Si le gusta la posibilidad de ganar en m\u00faltiples ocasiones, puede que tambi\u00e9n le interese el Play 3. A diferencia del Multi-Win Lotto, este juego, que se sortea dos veces al d\u00eda, involucra solo tres n\u00fameros para varias formas diferentes de apostar y ganar:<\/p>\n<ul>\n<li style=\"font-weight: 400;\" aria-level=\"1\"><span style=\"font-weight: 400;\">Straight<\/span><\/li>\n<li style=\"font-weight: 400;\" aria-level=\"1\"><span style=\"font-weight: 400;\">Box<\/span><\/li>\n<li style=\"font-weight: 400;\" aria-level=\"1\"><span style=\"font-weight: 400;\">Front Pair<\/span><\/li>\n<li style=\"font-weight: 400;\" aria-level=\"1\"><span style=\"font-weight: 400;\">Back Pair<\/span><\/li>\n<li style=\"font-weight: 400;\" aria-level=\"1\"><span style=\"font-weight: 400;\">Straight\/Box<\/span><\/li>\n<li style=\"font-weight: 400;\" aria-level=\"1\"><span style=\"font-weight: 400;\">Combinaci\u00f3n<\/span><\/li>\n<\/ul>\n<p>El premio mayor es para el estilo Striaght, donde acierta los tres n\u00fameros en el orden correcto; se lleva $500 para una apuesta de $1 o $250 apostando $0.50.<\/p>\n<h3>Play 4<\/h3>\n<p><span style=\"font-weight: 400;\">El Play 4 funciona similar, pero con un n\u00famero extra, incrementando el valor del premio mayor para un Straight hasta los $5,000 para una apuesta de $1, o $2,500 para una apuesta de $0.50. Los sorteos suceden dos veces al d\u00eda, tanto para el Play 4 como para el Play 3, todos los d\u00edas a excepci\u00f3n de domingo, donde solo se juega el sorteo de la noche.<\/span><\/p>\n<h2><span style=\"font-weight: 400;\">Calendario de juegos de la Loter\u00eda de Delaware<\/span><\/h2>\n<table>\n<tbody>\n<tr>\n<td><span style=\"font-weight: 400;\">Powerball<\/span><\/td>\n<td><span style=\"font-weight: 400;\">Lunes, mi\u00e9rcoles, s\u00e1bado<\/span><\/td>\n<td><span style=\"font-weight: 400;\">10:59 pm<\/span><\/td>\n<\/tr>\n<tr>\n<td><span style=\"font-weight: 400;\">Mega Millions<\/span><\/td>\n<td><span style=\"font-weight: 400;\">Martes, viernes<\/span><\/td>\n<td><span style=\"font-weight: 400;\">11:00 pm<\/span><\/td>\n<\/tr>\n<tr>\n<td><span style=\"font-weight: 400;\">Lotto America<\/span><\/td>\n<td><span style=\"font-weight: 400;\">Mi\u00e9rcoles, s\u00e1bado<\/span><\/td>\n<td><span style=\"font-weight: 400;\">11:00 pm<\/span><\/td>\n<\/tr>\n<tr>\n<td><span style=\"font-weight: 400;\">Multi-Win Lotto<\/span><\/td>\n<td><span style=\"font-weight: 400;\">Lunes, mi\u00e9rcoles, viernes<\/span><\/td>\n<td><span style=\"font-weight: 400;\">7:57 pm<\/span><\/td>\n<\/tr>\n<tr>\n<td><span style=\"font-weight: 400;\">Lucky for Life<\/span><\/td>\n<td><span style=\"font-weight: 400;\">Todos los d\u00edas<\/span><\/td>\n<td><span style=\"font-weight: 400;\">10:38 pm<\/span><\/td>\n<\/tr>\n<tr>\n<td><span style=\"font-weight: 400;\">Play 3<\/span><\/td>\n<td><span style=\"font-weight: 400;\">Lunes a s\u00e1bado en el d\u00eda, todos los d\u00edas en la noche<\/span><\/td>\n<td><span style=\"font-weight: 400;\">1:58 pm, 7:57 pm<\/span><\/td>\n<\/tr>\n<tr>\n<td><span style=\"font-weight: 400;\">Play 4\u00a0<\/span><\/td>\n<td><span style=\"font-weight: 400;\">Lunes a s\u00e1bado en el d\u00eda, todos los d\u00edas en la noche<\/span><\/td>\n<td><span style=\"font-weight: 400;\">1:58 pm, 7:57 pm<\/span><\/td>\n<\/tr>\n<\/tbody>\n<\/table>\n<p>\n<\/section><\/p>\n<p><section><div class=\"section-anchor\" id=\"c--mo-reclamar-un-premio\"><\/div><\/p>\n<p><\/p>\n<h2>C\u00f3mo reclamar un premio de la Loter\u00eda de Delaware<\/h2>\n<p>Solo se necesitan unos cuantos pasos para reclamar su premio, es caso de ser un feliz ganador:<\/p>\n<ol>\n<li style=\"font-weight: 400;\" aria-level=\"1\"><span style=\"font-weight: 400;\">Lo primero que debe hacer es firmar su billete. Esto prueba que usted es el due\u00f1o del billete ganador original.<\/span><\/li>\n<li style=\"font-weight: 400;\" aria-level=\"1\"><span style=\"font-weight: 400;\">Para premios de la loter\u00eda de Delaware por debajo de $600, puede reclamarlo en efectivo en cualquier punto de venta de la Loter\u00eda de Delaware. Como alternativa, despu\u00e9s de confirmar los resultados de la loter\u00eda, puede hacer el reclamo enviando el billete a la <a href=\"https:\/\/www.lotterycritic.com\/reviews\/the-lottery-office-review\/\">oficina de la Loter\u00eda<\/a> de Delaware. Tambi\u00e9n tendr\u00e1 que adjuntar un formulario de reclamo junto con el billete.<\/span><\/li>\n<li style=\"font-weight: 400;\" aria-level=\"1\"><span style=\"font-weight: 400;\">Si su premio se halla entre los $600 y $5,000, tendr\u00e1 que reclamarlo ya sea en la Oficina de la Loter\u00eda de Delaware o los centros de redenci\u00f3n de Wilmington o Georgetown.<\/span><\/li>\n<li style=\"font-weight: 400;\" aria-level=\"1\"><span style=\"font-weight: 400;\">Para premios grandes de m\u00e1s de $5,000, despu\u00e9s de confirmar los resultados de la Loter\u00eda de DE, tendr\u00e1 que dirigirse hacia la Oficina de la Loter\u00eda de Delaware en cualquier d\u00eda h\u00e1bil.<\/span><\/li>\n<\/ol>\n<p>\n<\/section><\/p>\n<p><section><div class=\"section-anchor\" id=\"ganadores-notables\"><\/div><\/p>\n<p><\/p>\n<h2>Ganadores notables de las Loter\u00edas de Delaware<\/h2>\n<p>Hay nuevos ganadores de la Loter\u00eda de Delaware todo el tiempo; estos son algunos de los afortunados:<\/p>\n<ul>\n<li style=\"font-weight: 400;\" aria-level=\"1\"><span style=\"font-weight: 400;\"><strong>Una cajera an\u00f3nima de 51 a\u00f1os de Smyrna<\/strong> gan\u00f3 $20,000 en el Lotto America en octubre de 2021. Hab\u00eda estado comprando solo billetes Quick Pick por un mes cuando se llev\u00f3 el premio.<\/span><\/li>\n<li style=\"font-weight: 400;\" aria-level=\"1\"><span style=\"font-weight: 400;\"><strong>Un hombre de Wilmington<\/strong> gan\u00f3 unos atractivos $10,000 en el premio del Mega Millions en agosto de 2021. Era un veterano de los juegos, que compr\u00f3 su primer billete de la Loter\u00eda de Delaware en 1987. Obtuvo un beneficio de 2x gracias al Megaplier.<\/span><\/li>\n<li style=\"font-weight: 400;\" aria-level=\"1\"><span style=\"font-weight: 400;\">Otra de las victorias del Mega Millions fue en mayo de 2021, cuando <strong>diecisiete compa\u00f1eros de trabajo de Newark<\/strong> compartieron un premio mayor de $1,000,000 despu\u00e9s de acumular billetes. Los trabajadores compraron cinco billetes Quick Pick en el Four Seasons ShopRite y sus expectativas fueron superadas con el premio.<\/span><\/li>\n<\/ul>\n<p>\n<\/section><\/p>\n<p><section><div class=\"section-anchor\" id=\"raspa-y-gana\"><\/div><\/p>\n<p><\/p>\n<h2>Raspa-y-gana de la Loter\u00eda de Delaware<\/h2>\n<p>La Loter\u00eda de Delaware ofrece un amplio rango de juegos raspables instant\u00e1neos en vendedores autorizados. El precio de los tiquetes van desde $1 hasta $25, con el premio mayor del Cash Xtreme que alcanza $250,000. Los juegos instant\u00e1neos vienen con una variedad de estilos de juego y temas, por lo que siempre hay algo para cualquier persona.<\/p>\n<p>Otro de los juegos populares de Delaware, en algunos sitios, es Keno. El Keno es un juego de estilo bingo en donde los jugadores escogen hasta 10 n\u00fameros, con apuestas de entre $1 y $20. El premio sube hasta los $100,000 cuando acierta los n\u00fameros sorteados.<\/p>\n<h3>Segundas oportunidades con la Loter\u00eda de Delaware \u2013 \u00bfQu\u00e9 es el Second Chance?<\/h3>\n<p>Los juegos de segunda oportunidad est\u00e1n disponibles para juegos raspables y le otorga otra oportunidad de ganar si su billete no fue ganador en la primera ronda.<\/p>\n<h3>\u00bfC\u00f3mo funciona el Second Chance para la Loter\u00eda de DE?<\/h3>\n<p>La Loter\u00eda de Delaware, en ocasiones, dispone de promociones de segunda oportunidad para juegos raspables instant\u00e1neos, pero no de manera consistente. Le aconsejamos unirse al Players Club de la Loter\u00eda de Delaware para mantenerse informado sobre promociones vigentes.<\/p>\n<p>\n<\/section><\/p>\n<p><section><div class=\"section-anchor\" id=\"informaci--n\"><\/div><\/p>\n<p><\/p>\n<h2>Informaci\u00f3n sobre la Loter\u00eda de Delaware<\/h2>\n<h3>Oficinas de la Loter\u00eda de Delaware<\/h3>\n<p><span style=\"font-weight: 400;\">La Oficina Principal de la Loter\u00eda de Delaware est\u00e1 ubicada en\u00a01575 McKee Road, Suite 102, Dover, DE 19904.<\/span><\/p>\n<h3>Soporte al cliente de la Loter\u00eda de Delaware<\/h3>\n<p>Existen algunos m\u00e9todos para que los clientes se pongan en contacto con la loter\u00eda:<\/p>\n<ul>\n<li style=\"font-weight: 400;\" aria-level=\"1\"><a href=\"https:\/\/www.delottery.com\/Contact-Us\"><span style=\"font-weight: 400;\">Formulario de contacto<\/span><\/a><span style=\"font-weight: 400;\">\u00a0en el sitio web<\/span><\/li>\n<li style=\"font-weight: 400;\" aria-level=\"1\"><span style=\"font-weight: 400;\">Secci\u00f3n de Preguntas frecuentes<\/span><\/li>\n<li style=\"font-weight: 400;\" aria-level=\"1\"><span style=\"font-weight: 400;\">M\u00f3vil \u2014 302-739-5291<\/span><\/li>\n<li style=\"font-weight: 400;\" aria-level=\"1\"><span style=\"font-weight: 400;\">Tel\u00e9fono \u2014 302-739-7586<\/span><\/li>\n<li style=\"font-weight: 400;\" aria-level=\"1\"><span style=\"font-weight: 400;\">Fax \u2014 302-739-6706<\/span><\/li>\n<\/ul>\n<h3>Cuentas en redes sociales de la Loter\u00eda de Delaware<\/h3>\n<p>Tambi\u00e9n puede seguir a la Loter\u00eda de Delaware en redes sociales para mantenerse actualizado sobre noticias recientes y ponerse en contacto:<\/p>\n<ul>\n<li style=\"font-weight: 400;\" aria-level=\"1\"><a href=\"https:\/\/www.facebook.com\/delottery\"><span style=\"font-weight: 400;\">Facebook<\/span><\/a><\/li>\n<li style=\"font-weight: 400;\" aria-level=\"1\"><a href=\"https:\/\/twitter.com\/delottery\"><span style=\"font-weight: 400;\">Twitter<\/span><\/a><\/li>\n<li style=\"font-weight: 400;\" aria-level=\"1\"><a href=\"https:\/\/www.instagram.com\/delottery\/\"><span style=\"font-weight: 400;\">Instagram<\/span><\/a><\/li>\n<\/ul>\n<p>\n<\/section><\/p>\n<p><section><div class=\"section-anchor\" id=\"aplicaciones-y-tecnolog--a\"><\/div><\/p>\n<p><\/p>\n<h2>Aplicaciones y Tecnolog\u00eda de la Loter\u00eda de Delaware<\/h2>\n<p>La Loter\u00eda de Delaware ofrece la aplicaci\u00f3n <span style=\"font-weight: 400;\">Collect N Win, descargable para m\u00f3viles y tablets.<\/span><\/p>\n<p><b>La aplicaci\u00f3n de la Loter\u00eda de Delaware cuenta con las siguientes funciones clave:<\/b><\/p>\n<ul>\n<li style=\"font-weight: 400;\" aria-level=\"1\"><span style=\"font-weight: 400;\">Ver sus billetes de loter\u00eda<\/span><\/li>\n<li style=\"font-weight: 400;\" aria-level=\"1\"><span style=\"font-weight: 400;\">Escanear su billete para ver si es un ganador<\/span><\/li>\n<li style=\"font-weight: 400;\" aria-level=\"1\"><span style=\"font-weight: 400;\">Reunir s\u00edmbolos cuando escanee para obtener una participaci\u00f3n gratuita en el sorteo de la loter\u00eda durante promociones.<\/span><\/li>\n<\/ul>\n<p>\n<\/section><\/p>\n<p><section><div class=\"section-anchor\" id=\"informaci--n-sobre-impuestos\"><\/div><\/p>\n<p><\/p>\n<h2>Informaci\u00f3n sobre impuestos en Delaware<\/h2>\n<p>Premios de m\u00e1s de $5,000 est\u00e1n sujetos al 24 % en impuestos federales. Adicionalmente, impuestos sobre la renta de Delaware, son aplicados a cualquier ganancia por loter\u00edas.<\/p>\n<p>\n<\/section><\/p>\n<p><section><div class=\"section-anchor\" id=\"preguntas-frecuentes\"><\/div><\/p>\n<p><\/p>\n<h2>Preguntas frecuentes sobre la Loter\u00eda de Delaware<\/h2>\n<h4>\u00bfLas reglas de la loter\u00eda son diferentes si juega en l\u00ednea?<\/h4>\n<p>La mayor\u00eda de los juegos de la Loter\u00eda de Delaware solo pueden jugarse comprando billetes en puntos autorizados, por lo que aplican las mismas reglas para todos ellos. Juegos de video en casinos de Delaware tendr\u00e1n sus propias reglas, por ejemplo, se requiere de un m\u00ednimo de 21 a\u00f1os de edad, en lugar de 18.<\/p>\n<h4>\u00bfC\u00f3mo s\u00e9 que las loter\u00edas listadas en Lottery Critic son leg\u00edtimas?<\/h4>\n<p>Nuestra informaci\u00f3n proviene de las p\u00e1ginas oficiales de la loter\u00eda, y revisamos los juegos de cerca para asegurarnos de que todo sea correcto.<\/p>\n<h4>\u00bfCu\u00e1nto tarda en recibir su premio, en caso de ganar la Loter\u00eda de Delaware?<\/h4>\n<p>Los ganadores pueden recoger los premios por debajo de $600 en puntos de venta, justo despu\u00e9s del sorteo. Si env\u00eda su billete por correo, el proceso toma alrededor de 15 d\u00edas.<\/p>\n<p>\n<\/section><\/p>\n","protected":false},"excerpt":{"rendered":"","protected":false},"author":2,"featured_media":0,"parent":13250,"menu_order":37,"comment_status":"closed","ping_status":"closed","template":"lottery-results-location-child-template.php","meta":{"footnotes":""},"class_list":["post-13803","page","type-page","status-publish","hentry"],"acf":[],"yoast_head":"<!-- This site is optimized with the Yoast SEO plugin v23.4 - https:\/\/yoast.com\/wordpress\/plugins\/seo\/ -->\n<title>Resultados Loter\u00eda de Delaware - N\u00fameros Ganadores de Hoy [abril 2026 ]<\/title>\n<meta name=\"description\" content=\"Encuentre los resultados de la Loter\u00eda de Delaware, premios y pagos para el Powerball, Mega Millions, Lotto America y m\u00e1s\u2026 Lottery Critic - Las mejores rese\u00f1as y resultados de loter\u00eda en l\u00ednea.\" \/>\n<meta name=\"robots\" content=\"index, follow, max-snippet:-1, max-image-preview:large, max-video-preview:-1\" \/>\n<link rel=\"canonical\" href=\"https:\/\/www.lotterycritic.com\/es\/resultados-loteria\/delaware\/\" \/>\n<meta property=\"og:locale\" content=\"es_ES\" \/>\n<meta property=\"og:type\" content=\"article\" \/>\n<meta property=\"og:title\" content=\"Resultados Loter\u00eda de Delaware - N\u00fameros Ganadores de Hoy [abril 2026 ]\" \/>\n<meta property=\"og:description\" content=\"Encuentre los resultados de la Loter\u00eda de Delaware, premios y pagos para el Powerball, Mega Millions, Lotto America y m\u00e1s\u2026 Lottery Critic - Las mejores rese\u00f1as y resultados de loter\u00eda en l\u00ednea.\" \/>\n<meta property=\"og:url\" content=\"https:\/\/www.lotterycritic.com\/es\/resultados-loteria\/delaware\/\" \/>\n<meta property=\"og:site_name\" content=\"Lottery Critic\" \/>\n<meta property=\"article:modified_time\" content=\"2023-08-11T11:48:50+00:00\" \/>\n<meta name=\"twitter:card\" content=\"summary_large_image\" \/>\n<meta name=\"twitter:label1\" content=\"Tiempo de lectura\" \/>\n\t<meta name=\"twitter:data1\" content=\"9 minutos\" \/>\n<script type=\"application\/ld+json\" class=\"yoast-schema-graph\">{\"@context\":\"https:\/\/schema.org\",\"@graph\":[{\"@type\":\"WebPage\",\"@id\":\"https:\/\/www.lotterycritic.com\/es\/resultados-loteria\/delaware\/\",\"url\":\"https:\/\/www.lotterycritic.com\/es\/resultados-loteria\/delaware\/\",\"name\":\"Resultados Loter\u00eda de Delaware - N\u00fameros Ganadores de Hoy [abril 2026 ]\",\"isPartOf\":{\"@id\":\"https:\/\/www.lotterycritic.com\/es\/#website\"},\"datePublished\":\"2023-07-13T04:03:08+00:00\",\"dateModified\":\"2023-08-11T11:48:50+00:00\",\"description\":\"Encuentre los resultados de la Loter\u00eda de Delaware, premios y pagos para el Powerball, Mega Millions, Lotto America y m\u00e1s\u2026 Lottery Critic - Las mejores rese\u00f1as y resultados de loter\u00eda en l\u00ednea.\",\"breadcrumb\":{\"@id\":\"https:\/\/www.lotterycritic.com\/es\/resultados-loteria\/delaware\/#breadcrumb\"},\"inLanguage\":\"es\",\"potentialAction\":[{\"@type\":\"ReadAction\",\"target\":[\"https:\/\/www.lotterycritic.com\/es\/resultados-loteria\/delaware\/\"]}]},{\"@type\":\"BreadcrumbList\",\"@id\":\"https:\/\/www.lotterycritic.com\/es\/resultados-loteria\/delaware\/#breadcrumb\",\"itemListElement\":[{\"@type\":\"ListItem\",\"position\":1,\"name\":\"Home\",\"item\":\"https:\/\/www.lotterycritic.com\/es\/\"},{\"@type\":\"ListItem\",\"position\":2,\"name\":\"Resultados de La Loter\u00eda Americana &#8211; Los \u00daltimos N\u00fameros Ganadores de La Loter\u00eda de Estados Unidos\",\"item\":\"https:\/\/www.lotterycritic.com\/es\/resultados-loteria\/\"},{\"@type\":\"ListItem\",\"position\":3,\"name\":\"Resultados de La Loter\u00eda de Delaware (DE) &#8211; Comprueba Los N\u00fameros Ganadores de Hoy En Delaware\"}]},{\"@type\":\"WebSite\",\"@id\":\"https:\/\/www.lotterycritic.com\/es\/#website\",\"url\":\"https:\/\/www.lotterycritic.com\/es\/\",\"name\":\"Lottery Critic\",\"description\":\"Your Guide to Lottery Results, Winning Numbers &amp; More\u2026\",\"potentialAction\":[{\"@type\":\"SearchAction\",\"target\":{\"@type\":\"EntryPoint\",\"urlTemplate\":\"https:\/\/www.lotterycritic.com\/es\/?s={search_term_string}\"},\"query-input\":{\"@type\":\"PropertyValueSpecification\",\"valueRequired\":true,\"valueName\":\"search_term_string\"}}],\"inLanguage\":\"es\"}]}<\/script>\n<!-- \/ Yoast SEO plugin. -->","yoast_head_json":{"title":"Resultados Loter\u00eda de Delaware - N\u00fameros Ganadores de Hoy [abril 2026 ]","description":"Encuentre los resultados de la Loter\u00eda de Delaware, premios y pagos para el Powerball, Mega Millions, Lotto America y m\u00e1s\u2026 Lottery Critic - Las mejores rese\u00f1as y resultados de loter\u00eda en l\u00ednea.","robots":{"index":"index","follow":"follow","max-snippet":"max-snippet:-1","max-image-preview":"max-image-preview:large","max-video-preview":"max-video-preview:-1"},"canonical":"https:\/\/www.lotterycritic.com\/es\/resultados-loteria\/delaware\/","og_locale":"es_ES","og_type":"article","og_title":"Resultados Loter\u00eda de Delaware - N\u00fameros Ganadores de Hoy [abril 2026 ]","og_description":"Encuentre los resultados de la Loter\u00eda de Delaware, premios y pagos para el Powerball, Mega Millions, Lotto America y m\u00e1s\u2026 Lottery Critic - Las mejores rese\u00f1as y resultados de loter\u00eda en l\u00ednea.","og_url":"https:\/\/www.lotterycritic.com\/es\/resultados-loteria\/delaware\/","og_site_name":"Lottery Critic","article_modified_time":"2023-08-11T11:48:50+00:00","twitter_card":"summary_large_image","twitter_misc":{"Tiempo de lectura":"9 minutos"},"schema":{"@context":"https:\/\/schema.org","@graph":[{"@type":"WebPage","@id":"https:\/\/www.lotterycritic.com\/es\/resultados-loteria\/delaware\/","url":"https:\/\/www.lotterycritic.com\/es\/resultados-loteria\/delaware\/","name":"Resultados Loter\u00eda de Delaware - N\u00fameros Ganadores de Hoy [abril 2026 ]","isPartOf":{"@id":"https:\/\/www.lotterycritic.com\/es\/#website"},"datePublished":"2023-07-13T04:03:08+00:00","dateModified":"2023-08-11T11:48:50+00:00","description":"Encuentre los resultados de la Loter\u00eda de Delaware, premios y pagos para el Powerball, Mega Millions, Lotto America y m\u00e1s\u2026 Lottery Critic - Las mejores rese\u00f1as y resultados de loter\u00eda en l\u00ednea.","breadcrumb":{"@id":"https:\/\/www.lotterycritic.com\/es\/resultados-loteria\/delaware\/#breadcrumb"},"inLanguage":"es","potentialAction":[{"@type":"ReadAction","target":["https:\/\/www.lotterycritic.com\/es\/resultados-loteria\/delaware\/"]}]},{"@type":"BreadcrumbList","@id":"https:\/\/www.lotterycritic.com\/es\/resultados-loteria\/delaware\/#breadcrumb","itemListElement":[{"@type":"ListItem","position":1,"name":"Home","item":"https:\/\/www.lotterycritic.com\/es\/"},{"@type":"ListItem","position":2,"name":"Resultados de La Loter\u00eda Americana &#8211; Los \u00daltimos N\u00fameros Ganadores de La Loter\u00eda de Estados Unidos","item":"https:\/\/www.lotterycritic.com\/es\/resultados-loteria\/"},{"@type":"ListItem","position":3,"name":"Resultados de La Loter\u00eda de Delaware (DE) &#8211; Comprueba Los N\u00fameros Ganadores de Hoy En Delaware"}]},{"@type":"WebSite","@id":"https:\/\/www.lotterycritic.com\/es\/#website","url":"https:\/\/www.lotterycritic.com\/es\/","name":"Lottery Critic","description":"Your Guide to Lottery Results, Winning Numbers &amp; More\u2026","potentialAction":[{"@type":"SearchAction","target":{"@type":"EntryPoint","urlTemplate":"https:\/\/www.lotterycritic.com\/es\/?s={search_term_string}"},"query-input":{"@type":"PropertyValueSpecification","valueRequired":true,"valueName":"search_term_string"}}],"inLanguage":"es"}]}},"_links":{"self":[{"href":"https:\/\/www.lotterycritic.com\/es\/wp-json\/wp\/v2\/pages\/13803"}],"collection":[{"href":"https:\/\/www.lotterycritic.com\/es\/wp-json\/wp\/v2\/pages"}],"about":[{"href":"https:\/\/www.lotterycritic.com\/es\/wp-json\/wp\/v2\/types\/page"}],"author":[{"embeddable":true,"href":"https:\/\/www.lotterycritic.com\/es\/wp-json\/wp\/v2\/users\/2"}],"replies":[{"embeddable":true,"href":"https:\/\/www.lotterycritic.com\/es\/wp-json\/wp\/v2\/comments?post=13803"}],"version-history":[{"count":4,"href":"https:\/\/www.lotterycritic.com\/es\/wp-json\/wp\/v2\/pages\/13803\/revisions"}],"predecessor-version":[{"id":14025,"href":"https:\/\/www.lotterycritic.com\/es\/wp-json\/wp\/v2\/pages\/13803\/revisions\/14025"}],"up":[{"embeddable":true,"href":"https:\/\/www.lotterycritic.com\/es\/wp-json\/wp\/v2\/pages\/13250"}],"wp:attachment":[{"href":"https:\/\/www.lotterycritic.com\/es\/wp-json\/wp\/v2\/media?parent=13803"}],"curies":[{"name":"wp","href":"https:\/\/api.w.org\/{rel}","templated":true}]}}