{"id":13799,"date":"2023-07-13T02:09:45","date_gmt":"2023-07-13T02:09:45","guid":{"rendered":"https:\/\/www.lotterycritic.com\/resultados-loteria\/connecticut\/resultados-del-play4-de-la-loteria-de-connecticut-numeros-ganadores-tarde-mediodia-noche\/"},"modified":"2023-08-11T11:48:09","modified_gmt":"2023-08-11T11:48:09","slug":"play4","status":"publish","type":"page","link":"https:\/\/www.lotterycritic.com\/es\/resultados-loteria\/connecticut\/play4\/","title":{"rendered":"Resultados del Play 4 de Delaware (DE) y N\u00fameros Ganadores de Hoy [Noche + D\u00eda]"},"content":{"rendered":"<p><section><div class=\"section-anchor\" id=\"c--mo-jugar\"><\/div><\/p>\n<h2><span style=\"font-weight: 400;\">C\u00f3mo jugar al Play4 de la Loter\u00eda de Connecticut<\/span><\/h2>\n<p>El Play4 de la Loter\u00eda de Connecticut se juega dos veces al d\u00eda con un premio mayor de $5,000 por cada sorteo. Su posible premio depende de la cantidad que haya apostado y el estilo de juego que haya escogido.<\/p>\n<p>Para jugar, escoja 4 n\u00fameros, cada uno del 0 al 9, y elija uno de los siguientes estilos de juego:<\/p>\n<ul>\n<li><b>Straight: <\/b><span style=\"font-weight: 400;\">Tendr\u00e1 que acertar los n\u00fameros ganadores en el orden exacto.<\/span><\/li>\n<li><b>Box: <\/b><span style=\"font-weight: 400;\">Puede coincidir en los n\u00fameros ganadores en cualquier orden.<\/span><\/li>\n<li><b>Straight \/ Box: <\/b><span style=\"font-weight: 400;\">Puede acertar en cualquier orden o en el orden exacto de los n\u00fameros sorteados.<\/span><\/li>\n<li><b>Combo: <\/b><span style=\"font-weight: 400;\">Estar\u00e1 jugando con apuestas Straight para todas las posibles combinaciones resultantes de sus n\u00fameros escogidos, aumentando sus probabilidades de ganar.<\/span><\/li>\n<\/ul>\n<p>\n<\/section><\/p>\n<p><section><div class=\"section-anchor\" id=\"calendario-de-sorteos\"><\/div><\/p>\n<h2><span style=\"font-weight: 400;\">Calendario de sorteos del Play4 de Connecticut<\/span><\/h2>\n<p><span style=\"font-weight: 400;\">Los sorteos del Play4 se juegan dos veces al d\u00eda, al mediod\u00eda y la noche.<\/span><\/p>\n<p>\n<\/section><\/p>\n<p><section><div class=\"section-anchor\" id=\"pagos-y-probabilidades\"><\/div><\/p>\n<h2><span style=\"font-weight: 400;\">Pagos y Probabilidades de ganar el Play4 de la Loter\u00eda de Connecticut<\/span><\/h2>\n<p>La cantidad m\u00e1xima del premio depende de su apuesta. Puede apostar en incrementos de $0.50 hasta un l\u00edmite de $5.<\/p>\n<p>Estos ser\u00e1n los premios dependiendo de su apuesta:<\/p>\n<p><img decoding=\"async\" class=\"aligncenter wp-image-13800 size-full\" src=\"https:\/\/www.lotterycritic.com\/wp-content\/uploads\/2019\/02\/CT-Lottery-Play4-Prize-Payout-Table.png\" alt=\"Connecticut Lottery Play 4 prize payout table\" width=\"749\" height=\"228\" srcset=\"https:\/\/www.lotterycritic.com\/wp-content\/uploads\/2019\/02\/CT-Lottery-Play4-Prize-Payout-Table.png 749w, https:\/\/www.lotterycritic.com\/wp-content\/uploads\/2019\/02\/CT-Lottery-Play4-Prize-Payout-Table-300x91.png 300w\" sizes=\"(max-width: 749px) 100vw, 749px\" \/><\/p>\n<p>\n<\/section><\/p>\n<ul>\n<li><a href=\"https:\/\/www.lotterycritic.com\/es\/resultados-loteria\/connecticut\/\">Resultados y premios de la Loter\u00eda de Connecticut<\/a><\/li>\n<\/ul>\n","protected":false},"excerpt":{"rendered":"<p>Resultados y premios de la Loter\u00eda de Connecticut<\/p>\n","protected":false},"author":2,"featured_media":0,"parent":13791,"menu_order":4,"comment_status":"closed","ping_status":"closed","template":"lottery-results-game-child-template.php","meta":{"footnotes":""},"class_list":["post-13799","page","type-page","status-publish","hentry"],"acf":[],"yoast_head":"<!-- This site is optimized with the Yoast SEO plugin v23.4 - https:\/\/yoast.com\/wordpress\/plugins\/seo\/ -->\n<title>Play 4 de Delaware (DE): Resultados y N\u00fameros Ganadores Hoy [Noche + D\u00eda]<\/title>\n<meta name=\"description\" content=\"Encuentre todo lo que necesita saber sobre la loter\u00eda Play4 de Connecticut: los resultados m\u00e1s recientes, n\u00fameros ganadores, pagos, probabilidades, hora de sorteo, y m\u00e1s.\" \/>\n<meta name=\"robots\" content=\"index, follow, max-snippet:-1, max-image-preview:large, max-video-preview:-1\" \/>\n<link rel=\"canonical\" href=\"https:\/\/www.lotterycritic.com\/es\/resultados-loteria\/connecticut\/play4\/\" \/>\n<meta property=\"og:locale\" content=\"es_ES\" \/>\n<meta property=\"og:type\" content=\"article\" \/>\n<meta property=\"og:title\" content=\"Play 4 de Delaware (DE): Resultados y N\u00fameros Ganadores Hoy [Noche + D\u00eda]\" \/>\n<meta property=\"og:description\" content=\"Encuentre todo lo que necesita saber sobre la loter\u00eda Play4 de Connecticut: los resultados m\u00e1s recientes, n\u00fameros ganadores, pagos, probabilidades, hora de sorteo, y m\u00e1s.\" \/>\n<meta property=\"og:url\" content=\"https:\/\/www.lotterycritic.com\/es\/resultados-loteria\/connecticut\/play4\/\" \/>\n<meta property=\"og:site_name\" content=\"Lottery Critic\" \/>\n<meta property=\"article:modified_time\" content=\"2023-08-11T11:48:09+00:00\" \/>\n<meta property=\"og:image\" content=\"https:\/\/www.lotterycritic.com\/wp-content\/uploads\/2019\/02\/CT-Lottery-Play4-Prize-Payout-Table.png\" \/>\n<meta name=\"twitter:card\" content=\"summary_large_image\" \/>\n<meta name=\"twitter:label1\" content=\"Tiempo de lectura\" \/>\n\t<meta name=\"twitter:data1\" content=\"2 minutos\" \/>\n<script type=\"application\/ld+json\" class=\"yoast-schema-graph\">{\"@context\":\"https:\/\/schema.org\",\"@graph\":[{\"@type\":\"WebPage\",\"@id\":\"https:\/\/www.lotterycritic.com\/es\/resultados-loteria\/connecticut\/play4\/\",\"url\":\"https:\/\/www.lotterycritic.com\/es\/resultados-loteria\/connecticut\/play4\/\",\"name\":\"Play 4 de Delaware (DE): Resultados y N\u00fameros Ganadores Hoy [Noche + D\u00eda]\",\"isPartOf\":{\"@id\":\"https:\/\/www.lotterycritic.com\/es\/#website\"},\"primaryImageOfPage\":{\"@id\":\"https:\/\/www.lotterycritic.com\/es\/resultados-loteria\/connecticut\/play4\/#primaryimage\"},\"image\":{\"@id\":\"https:\/\/www.lotterycritic.com\/es\/resultados-loteria\/connecticut\/play4\/#primaryimage\"},\"thumbnailUrl\":\"https:\/\/www.lotterycritic.com\/wp-content\/uploads\/2019\/02\/CT-Lottery-Play4-Prize-Payout-Table.png\",\"datePublished\":\"2023-07-13T02:09:45+00:00\",\"dateModified\":\"2023-08-11T11:48:09+00:00\",\"description\":\"Encuentre todo lo que necesita saber sobre la loter\u00eda Play4 de Connecticut: los resultados m\u00e1s recientes, n\u00fameros ganadores, pagos, probabilidades, hora de sorteo, y m\u00e1s.\",\"breadcrumb\":{\"@id\":\"https:\/\/www.lotterycritic.com\/es\/resultados-loteria\/connecticut\/play4\/#breadcrumb\"},\"inLanguage\":\"es\",\"potentialAction\":[{\"@type\":\"ReadAction\",\"target\":[\"https:\/\/www.lotterycritic.com\/es\/resultados-loteria\/connecticut\/play4\/\"]}]},{\"@type\":\"ImageObject\",\"inLanguage\":\"es\",\"@id\":\"https:\/\/www.lotterycritic.com\/es\/resultados-loteria\/connecticut\/play4\/#primaryimage\",\"url\":\"https:\/\/www.lotterycritic.com\/wp-content\/uploads\/2019\/02\/CT-Lottery-Play4-Prize-Payout-Table.png\",\"contentUrl\":\"https:\/\/www.lotterycritic.com\/wp-content\/uploads\/2019\/02\/CT-Lottery-Play4-Prize-Payout-Table.png\"},{\"@type\":\"BreadcrumbList\",\"@id\":\"https:\/\/www.lotterycritic.com\/es\/resultados-loteria\/connecticut\/play4\/#breadcrumb\",\"itemListElement\":[{\"@type\":\"ListItem\",\"position\":1,\"name\":\"Home\",\"item\":\"https:\/\/www.lotterycritic.com\/es\/\"},{\"@type\":\"ListItem\",\"position\":2,\"name\":\"Resultados de La Loter\u00eda Americana &#8211; Los \u00daltimos N\u00fameros Ganadores de La Loter\u00eda de Estados Unidos\",\"item\":\"https:\/\/www.lotterycritic.com\/es\/resultados-loteria\/\"},{\"@type\":\"ListItem\",\"position\":3,\"name\":\"Resultados de La Loter\u00eda de Connecticut (CT) &#8211; Comprueba Los N\u00fameros Ganadores de Hoy En Connecticut\",\"item\":\"https:\/\/www.lotterycritic.com\/es\/resultados-loteria\/connecticut\/\"},{\"@type\":\"ListItem\",\"position\":4,\"name\":\"Resultados del Play 4 de Delaware (DE) y N\u00fameros Ganadores de Hoy [Noche + D\u00eda]\"}]},{\"@type\":\"WebSite\",\"@id\":\"https:\/\/www.lotterycritic.com\/es\/#website\",\"url\":\"https:\/\/www.lotterycritic.com\/es\/\",\"name\":\"Lottery Critic\",\"description\":\"Your Guide to Lottery Results, Winning Numbers &amp; More\u2026\",\"potentialAction\":[{\"@type\":\"SearchAction\",\"target\":{\"@type\":\"EntryPoint\",\"urlTemplate\":\"https:\/\/www.lotterycritic.com\/es\/?s={search_term_string}\"},\"query-input\":{\"@type\":\"PropertyValueSpecification\",\"valueRequired\":true,\"valueName\":\"search_term_string\"}}],\"inLanguage\":\"es\"}]}<\/script>\n<!-- \/ Yoast SEO plugin. -->","yoast_head_json":{"title":"Play 4 de Delaware (DE): Resultados y N\u00fameros Ganadores Hoy [Noche + D\u00eda]","description":"Encuentre todo lo que necesita saber sobre la loter\u00eda Play4 de Connecticut: los resultados m\u00e1s recientes, n\u00fameros ganadores, pagos, probabilidades, hora de sorteo, y m\u00e1s.","robots":{"index":"index","follow":"follow","max-snippet":"max-snippet:-1","max-image-preview":"max-image-preview:large","max-video-preview":"max-video-preview:-1"},"canonical":"https:\/\/www.lotterycritic.com\/es\/resultados-loteria\/connecticut\/play4\/","og_locale":"es_ES","og_type":"article","og_title":"Play 4 de Delaware (DE): Resultados y N\u00fameros Ganadores Hoy [Noche + D\u00eda]","og_description":"Encuentre todo lo que necesita saber sobre la loter\u00eda Play4 de Connecticut: los resultados m\u00e1s recientes, n\u00fameros ganadores, pagos, probabilidades, hora de sorteo, y m\u00e1s.","og_url":"https:\/\/www.lotterycritic.com\/es\/resultados-loteria\/connecticut\/play4\/","og_site_name":"Lottery Critic","article_modified_time":"2023-08-11T11:48:09+00:00","og_image":[{"url":"https:\/\/www.lotterycritic.com\/wp-content\/uploads\/2019\/02\/CT-Lottery-Play4-Prize-Payout-Table.png"}],"twitter_card":"summary_large_image","twitter_misc":{"Tiempo de lectura":"2 minutos"},"schema":{"@context":"https:\/\/schema.org","@graph":[{"@type":"WebPage","@id":"https:\/\/www.lotterycritic.com\/es\/resultados-loteria\/connecticut\/play4\/","url":"https:\/\/www.lotterycritic.com\/es\/resultados-loteria\/connecticut\/play4\/","name":"Play 4 de Delaware (DE): Resultados y N\u00fameros Ganadores Hoy [Noche + D\u00eda]","isPartOf":{"@id":"https:\/\/www.lotterycritic.com\/es\/#website"},"primaryImageOfPage":{"@id":"https:\/\/www.lotterycritic.com\/es\/resultados-loteria\/connecticut\/play4\/#primaryimage"},"image":{"@id":"https:\/\/www.lotterycritic.com\/es\/resultados-loteria\/connecticut\/play4\/#primaryimage"},"thumbnailUrl":"https:\/\/www.lotterycritic.com\/wp-content\/uploads\/2019\/02\/CT-Lottery-Play4-Prize-Payout-Table.png","datePublished":"2023-07-13T02:09:45+00:00","dateModified":"2023-08-11T11:48:09+00:00","description":"Encuentre todo lo que necesita saber sobre la loter\u00eda Play4 de Connecticut: los resultados m\u00e1s recientes, n\u00fameros ganadores, pagos, probabilidades, hora de sorteo, y m\u00e1s.","breadcrumb":{"@id":"https:\/\/www.lotterycritic.com\/es\/resultados-loteria\/connecticut\/play4\/#breadcrumb"},"inLanguage":"es","potentialAction":[{"@type":"ReadAction","target":["https:\/\/www.lotterycritic.com\/es\/resultados-loteria\/connecticut\/play4\/"]}]},{"@type":"ImageObject","inLanguage":"es","@id":"https:\/\/www.lotterycritic.com\/es\/resultados-loteria\/connecticut\/play4\/#primaryimage","url":"https:\/\/www.lotterycritic.com\/wp-content\/uploads\/2019\/02\/CT-Lottery-Play4-Prize-Payout-Table.png","contentUrl":"https:\/\/www.lotterycritic.com\/wp-content\/uploads\/2019\/02\/CT-Lottery-Play4-Prize-Payout-Table.png"},{"@type":"BreadcrumbList","@id":"https:\/\/www.lotterycritic.com\/es\/resultados-loteria\/connecticut\/play4\/#breadcrumb","itemListElement":[{"@type":"ListItem","position":1,"name":"Home","item":"https:\/\/www.lotterycritic.com\/es\/"},{"@type":"ListItem","position":2,"name":"Resultados de La Loter\u00eda Americana &#8211; Los \u00daltimos N\u00fameros Ganadores de La Loter\u00eda de Estados Unidos","item":"https:\/\/www.lotterycritic.com\/es\/resultados-loteria\/"},{"@type":"ListItem","position":3,"name":"Resultados de La Loter\u00eda de Connecticut (CT) &#8211; Comprueba Los N\u00fameros Ganadores de Hoy En Connecticut","item":"https:\/\/www.lotterycritic.com\/es\/resultados-loteria\/connecticut\/"},{"@type":"ListItem","position":4,"name":"Resultados del Play 4 de Delaware (DE) y N\u00fameros Ganadores de Hoy [Noche + D\u00eda]"}]},{"@type":"WebSite","@id":"https:\/\/www.lotterycritic.com\/es\/#website","url":"https:\/\/www.lotterycritic.com\/es\/","name":"Lottery Critic","description":"Your Guide to Lottery Results, Winning Numbers &amp; More\u2026","potentialAction":[{"@type":"SearchAction","target":{"@type":"EntryPoint","urlTemplate":"https:\/\/www.lotterycritic.com\/es\/?s={search_term_string}"},"query-input":{"@type":"PropertyValueSpecification","valueRequired":true,"valueName":"search_term_string"}}],"inLanguage":"es"}]}},"_links":{"self":[{"href":"https:\/\/www.lotterycritic.com\/es\/wp-json\/wp\/v2\/pages\/13799"}],"collection":[{"href":"https:\/\/www.lotterycritic.com\/es\/wp-json\/wp\/v2\/pages"}],"about":[{"href":"https:\/\/www.lotterycritic.com\/es\/wp-json\/wp\/v2\/types\/page"}],"author":[{"embeddable":true,"href":"https:\/\/www.lotterycritic.com\/es\/wp-json\/wp\/v2\/users\/2"}],"replies":[{"embeddable":true,"href":"https:\/\/www.lotterycritic.com\/es\/wp-json\/wp\/v2\/comments?post=13799"}],"version-history":[{"count":6,"href":"https:\/\/www.lotterycritic.com\/es\/wp-json\/wp\/v2\/pages\/13799\/revisions"}],"predecessor-version":[{"id":14015,"href":"https:\/\/www.lotterycritic.com\/es\/wp-json\/wp\/v2\/pages\/13799\/revisions\/14015"}],"up":[{"embeddable":true,"href":"https:\/\/www.lotterycritic.com\/es\/wp-json\/wp\/v2\/pages\/13791"}],"wp:attachment":[{"href":"https:\/\/www.lotterycritic.com\/es\/wp-json\/wp\/v2\/media?parent=13799"}],"curies":[{"name":"wp","href":"https:\/\/api.w.org\/{rel}","templated":true}]}}