{"id":13795,"date":"2023-07-13T01:53:50","date_gmt":"2023-07-13T01:53:50","guid":{"rendered":"https:\/\/www.lotterycritic.com\/resultados-loteria\/connecticut\/resultados-del-play3-de-la-loteria-de-connecticut-ct-numeros-ganadores-tarde-mediodia-noche\/"},"modified":"2023-08-11T11:47:19","modified_gmt":"2023-08-11T11:47:19","slug":"play3","status":"publish","type":"page","link":"https:\/\/www.lotterycritic.com\/es\/resultados-loteria\/connecticut\/play3\/","title":{"rendered":"Resultados del Play3 de Connecticut (CA) y N\u00fameros Ganadores de Hoy [Tarde + D\u00eda + Noche]"},"content":{"rendered":"<p><section><div class=\"section-anchor\" id=\"c--mo-jugar\"><\/div><\/p>\n<h2><span style=\"font-weight: 400;\">C\u00f3mo jugar al Play3 de la Loter\u00eda de Connecticut<\/span><\/h2>\n<p>El juego de loter\u00eda Play3 de Connecticut sucede en dos sorteos diarios, cada uno con un premio mayor de hasta $2,500. La cantidad que puede ganar, depender\u00e1 de su estilo de juego escogido y el valor de la apuesta.<\/p>\n<p>Para jugar, debe escoger un n\u00famero de 000 a 999. Luego, elegir un estilo de juego y apostar una cantidad, as\u00ed como tambi\u00e9n un calendario de sorteo (mediod\u00eda, tarde, o ambos). Gana el premio mayor cuando su combinaci\u00f3n coincide con los n\u00fameros ganadores sorteados en el orden exacto.<\/p>\n<p><span style=\"font-weight: 400;\">Puede escoger de los siguientes estilos de juego:<\/span><\/p>\n<ul>\n<li><b>Straight: <\/b><span style=\"font-weight: 400;\">Debe acertar los n\u00fameros ganadores en el orden exacto.<\/span><\/li>\n<li><b>Box: <\/b><span style=\"font-weight: 400;\">Puede coincidir en los n\u00fameros ganadores en cualquier orden.<\/span><\/li>\n<li><b>Straight\/Box: <\/b><span style=\"font-weight: 400;\">Puede acertar los n\u00fameros en cualquier orden o en el orden exacto.<\/span><\/li>\n<li><b>Combo: <\/b><span style=\"font-weight: 400;\">Con este estilo, hace apuestas Straight con todas las posibles combinaciones de sus n\u00fameros escogidos, aumentando sus probabilidades de ganar.<\/span><\/li>\n<li><b>Pares: <\/b><span style=\"font-weight: 400;\">Selecciona 2 n\u00fameros (en lugar de 3). Estos deben coincidir con los 2 primeros, los 2 \u00faltimos, o el primer y \u00faltimo n\u00famero de los n\u00fameros ganadores sorteados en el orden exacto.<\/span><\/li>\n<\/ul>\n<p>\n<\/section><\/p>\n<p><section><div class=\"section-anchor\" id=\"calendario-de-sorteos\"><\/div><\/p>\n<h2><span style=\"font-weight: 400;\">Calendario de sorteos del Play3 de Connecticut<\/span><\/h2>\n<p><span style=\"font-weight: 400;\">Los juegos del Play3 en Connecticut suceden al mediod\u00eda y la tarde de cada d\u00eda.<\/span><\/p>\n<p>\n<\/section><\/p>\n<p><section><div class=\"section-anchor\" id=\"premios-y-probabilidades\"><\/div><\/p>\n<h2><span style=\"font-weight: 400;\">Premios y Probabilidades de ganar el Play 3 de Connecticut<\/span><\/h2>\n<p>Su premio m\u00e1ximo aumenta dependiendo de su apuesta. Puede apostar en incrementos de $0.50 hasta un m\u00e1ximo de $5. As\u00ed son los premios dependiendo de la apuesta.<\/p>\n<p><img decoding=\"async\" class=\"aligncenter wp-image-13796 size-full\" src=\"https:\/\/www.lotterycritic.com\/wp-content\/uploads\/2019\/02\/CT-Lottery-Play3-Prize-Payout-Table.png\" alt=\"Connecticut Lottery Play3 prize payout table\" width=\"703\" height=\"451\" srcset=\"https:\/\/www.lotterycritic.com\/wp-content\/uploads\/2019\/02\/CT-Lottery-Play3-Prize-Payout-Table.png 703w, https:\/\/www.lotterycritic.com\/wp-content\/uploads\/2019\/02\/CT-Lottery-Play3-Prize-Payout-Table-300x192.png 300w\" sizes=\"(max-width: 703px) 100vw, 703px\" \/><\/p>\n<p>\n<\/section><\/p>\n<p><section><div class=\"section-anchor\" id=\"estrategia-para-el-play3-de-connecticut\"><\/div><\/p>\n<ul>\n<li><a href=\"https:\/\/www.lotterycritic.com\/es\/resultados-loteria\/connecticut\/\">Resultados de los juegos de la Loter\u00eda de Connecticut<\/a><\/li>\n<\/ul>\n<h2><span style=\"font-weight: 400;\">Estrategia para el Play3 de Connecticut<\/span><\/h2>\n<p>Eche un vistazo a nuestra completa gu\u00eda sobre estrategias para el Pick 3, que tambi\u00e9n son aplicables al juego de Play3 de la Loter\u00eda de Connecticut, para ayudarle a incrementar sus probabilidades de ganar.<\/p>\n<p>\n<\/section><\/p>\n","protected":false},"excerpt":{"rendered":"","protected":false},"author":2,"featured_media":0,"parent":13791,"menu_order":5,"comment_status":"closed","ping_status":"closed","template":"lottery-results-game-child-template.php","meta":{"footnotes":""},"class_list":["post-13795","page","type-page","status-publish","hentry"],"acf":[],"yoast_head":"<!-- This site is optimized with the Yoast SEO plugin v23.4 - https:\/\/yoast.com\/wordpress\/plugins\/seo\/ -->\n<title>Play3 de Connecticut (CA): Resultados y N\u00fameros Ganadores [Tarde+D\u00eda+Noche]<\/title>\n<meta name=\"description\" content=\"Todo lo que necesita saber sobre la loter\u00eda Play3 de Connecticut, desde los resultados m\u00e1s recientes, hasta las reglas, pagos, probabilidades de ganar, y m\u00e1s.\" \/>\n<meta name=\"robots\" content=\"index, follow, max-snippet:-1, max-image-preview:large, max-video-preview:-1\" \/>\n<link rel=\"canonical\" href=\"https:\/\/www.lotterycritic.com\/es\/resultados-loteria\/connecticut\/play3\/\" \/>\n<meta property=\"og:locale\" content=\"es_ES\" \/>\n<meta property=\"og:type\" content=\"article\" \/>\n<meta property=\"og:title\" content=\"Play3 de Connecticut (CA): Resultados y N\u00fameros Ganadores [Tarde+D\u00eda+Noche]\" \/>\n<meta property=\"og:description\" content=\"Todo lo que necesita saber sobre la loter\u00eda Play3 de Connecticut, desde los resultados m\u00e1s recientes, hasta las reglas, pagos, probabilidades de ganar, y m\u00e1s.\" \/>\n<meta property=\"og:url\" content=\"https:\/\/www.lotterycritic.com\/es\/resultados-loteria\/connecticut\/play3\/\" \/>\n<meta property=\"og:site_name\" content=\"Lottery Critic\" \/>\n<meta property=\"article:modified_time\" content=\"2023-08-11T11:47:19+00:00\" \/>\n<meta property=\"og:image\" content=\"https:\/\/www.lotterycritic.com\/wp-content\/uploads\/2019\/02\/CT-Lottery-Play3-Prize-Payout-Table.png\" \/>\n<meta name=\"twitter:card\" content=\"summary_large_image\" \/>\n<meta name=\"twitter:label1\" content=\"Tiempo de lectura\" \/>\n\t<meta name=\"twitter:data1\" content=\"2 minutos\" \/>\n<script type=\"application\/ld+json\" class=\"yoast-schema-graph\">{\"@context\":\"https:\/\/schema.org\",\"@graph\":[{\"@type\":\"WebPage\",\"@id\":\"https:\/\/www.lotterycritic.com\/es\/resultados-loteria\/connecticut\/play3\/\",\"url\":\"https:\/\/www.lotterycritic.com\/es\/resultados-loteria\/connecticut\/play3\/\",\"name\":\"Play3 de Connecticut (CA): Resultados y N\u00fameros Ganadores [Tarde+D\u00eda+Noche]\",\"isPartOf\":{\"@id\":\"https:\/\/www.lotterycritic.com\/es\/#website\"},\"primaryImageOfPage\":{\"@id\":\"https:\/\/www.lotterycritic.com\/es\/resultados-loteria\/connecticut\/play3\/#primaryimage\"},\"image\":{\"@id\":\"https:\/\/www.lotterycritic.com\/es\/resultados-loteria\/connecticut\/play3\/#primaryimage\"},\"thumbnailUrl\":\"https:\/\/www.lotterycritic.com\/wp-content\/uploads\/2019\/02\/CT-Lottery-Play3-Prize-Payout-Table.png\",\"datePublished\":\"2023-07-13T01:53:50+00:00\",\"dateModified\":\"2023-08-11T11:47:19+00:00\",\"description\":\"Todo lo que necesita saber sobre la loter\u00eda Play3 de Connecticut, desde los resultados m\u00e1s recientes, hasta las reglas, pagos, probabilidades de ganar, y m\u00e1s.\",\"breadcrumb\":{\"@id\":\"https:\/\/www.lotterycritic.com\/es\/resultados-loteria\/connecticut\/play3\/#breadcrumb\"},\"inLanguage\":\"es\",\"potentialAction\":[{\"@type\":\"ReadAction\",\"target\":[\"https:\/\/www.lotterycritic.com\/es\/resultados-loteria\/connecticut\/play3\/\"]}]},{\"@type\":\"ImageObject\",\"inLanguage\":\"es\",\"@id\":\"https:\/\/www.lotterycritic.com\/es\/resultados-loteria\/connecticut\/play3\/#primaryimage\",\"url\":\"https:\/\/www.lotterycritic.com\/wp-content\/uploads\/2019\/02\/CT-Lottery-Play3-Prize-Payout-Table.png\",\"contentUrl\":\"https:\/\/www.lotterycritic.com\/wp-content\/uploads\/2019\/02\/CT-Lottery-Play3-Prize-Payout-Table.png\"},{\"@type\":\"BreadcrumbList\",\"@id\":\"https:\/\/www.lotterycritic.com\/es\/resultados-loteria\/connecticut\/play3\/#breadcrumb\",\"itemListElement\":[{\"@type\":\"ListItem\",\"position\":1,\"name\":\"Home\",\"item\":\"https:\/\/www.lotterycritic.com\/es\/\"},{\"@type\":\"ListItem\",\"position\":2,\"name\":\"Resultados de La Loter\u00eda Americana &#8211; Los \u00daltimos N\u00fameros Ganadores de La Loter\u00eda de Estados Unidos\",\"item\":\"https:\/\/www.lotterycritic.com\/es\/resultados-loteria\/\"},{\"@type\":\"ListItem\",\"position\":3,\"name\":\"Resultados de La Loter\u00eda de Connecticut (CT) &#8211; Comprueba Los N\u00fameros Ganadores de Hoy En Connecticut\",\"item\":\"https:\/\/www.lotterycritic.com\/es\/resultados-loteria\/connecticut\/\"},{\"@type\":\"ListItem\",\"position\":4,\"name\":\"Resultados del Play3 de Connecticut (CA) y N\u00fameros Ganadores de Hoy [Tarde + D\u00eda + Noche]\"}]},{\"@type\":\"WebSite\",\"@id\":\"https:\/\/www.lotterycritic.com\/es\/#website\",\"url\":\"https:\/\/www.lotterycritic.com\/es\/\",\"name\":\"Lottery Critic\",\"description\":\"Your Guide to Lottery Results, Winning Numbers &amp; More\u2026\",\"potentialAction\":[{\"@type\":\"SearchAction\",\"target\":{\"@type\":\"EntryPoint\",\"urlTemplate\":\"https:\/\/www.lotterycritic.com\/es\/?s={search_term_string}\"},\"query-input\":{\"@type\":\"PropertyValueSpecification\",\"valueRequired\":true,\"valueName\":\"search_term_string\"}}],\"inLanguage\":\"es\"}]}<\/script>\n<!-- \/ Yoast SEO plugin. -->","yoast_head_json":{"title":"Play3 de Connecticut (CA): Resultados y N\u00fameros Ganadores [Tarde+D\u00eda+Noche]","description":"Todo lo que necesita saber sobre la loter\u00eda Play3 de Connecticut, desde los resultados m\u00e1s recientes, hasta las reglas, pagos, probabilidades de ganar, y m\u00e1s.","robots":{"index":"index","follow":"follow","max-snippet":"max-snippet:-1","max-image-preview":"max-image-preview:large","max-video-preview":"max-video-preview:-1"},"canonical":"https:\/\/www.lotterycritic.com\/es\/resultados-loteria\/connecticut\/play3\/","og_locale":"es_ES","og_type":"article","og_title":"Play3 de Connecticut (CA): Resultados y N\u00fameros Ganadores [Tarde+D\u00eda+Noche]","og_description":"Todo lo que necesita saber sobre la loter\u00eda Play3 de Connecticut, desde los resultados m\u00e1s recientes, hasta las reglas, pagos, probabilidades de ganar, y m\u00e1s.","og_url":"https:\/\/www.lotterycritic.com\/es\/resultados-loteria\/connecticut\/play3\/","og_site_name":"Lottery Critic","article_modified_time":"2023-08-11T11:47:19+00:00","og_image":[{"url":"https:\/\/www.lotterycritic.com\/wp-content\/uploads\/2019\/02\/CT-Lottery-Play3-Prize-Payout-Table.png"}],"twitter_card":"summary_large_image","twitter_misc":{"Tiempo de lectura":"2 minutos"},"schema":{"@context":"https:\/\/schema.org","@graph":[{"@type":"WebPage","@id":"https:\/\/www.lotterycritic.com\/es\/resultados-loteria\/connecticut\/play3\/","url":"https:\/\/www.lotterycritic.com\/es\/resultados-loteria\/connecticut\/play3\/","name":"Play3 de Connecticut (CA): Resultados y N\u00fameros Ganadores [Tarde+D\u00eda+Noche]","isPartOf":{"@id":"https:\/\/www.lotterycritic.com\/es\/#website"},"primaryImageOfPage":{"@id":"https:\/\/www.lotterycritic.com\/es\/resultados-loteria\/connecticut\/play3\/#primaryimage"},"image":{"@id":"https:\/\/www.lotterycritic.com\/es\/resultados-loteria\/connecticut\/play3\/#primaryimage"},"thumbnailUrl":"https:\/\/www.lotterycritic.com\/wp-content\/uploads\/2019\/02\/CT-Lottery-Play3-Prize-Payout-Table.png","datePublished":"2023-07-13T01:53:50+00:00","dateModified":"2023-08-11T11:47:19+00:00","description":"Todo lo que necesita saber sobre la loter\u00eda Play3 de Connecticut, desde los resultados m\u00e1s recientes, hasta las reglas, pagos, probabilidades de ganar, y m\u00e1s.","breadcrumb":{"@id":"https:\/\/www.lotterycritic.com\/es\/resultados-loteria\/connecticut\/play3\/#breadcrumb"},"inLanguage":"es","potentialAction":[{"@type":"ReadAction","target":["https:\/\/www.lotterycritic.com\/es\/resultados-loteria\/connecticut\/play3\/"]}]},{"@type":"ImageObject","inLanguage":"es","@id":"https:\/\/www.lotterycritic.com\/es\/resultados-loteria\/connecticut\/play3\/#primaryimage","url":"https:\/\/www.lotterycritic.com\/wp-content\/uploads\/2019\/02\/CT-Lottery-Play3-Prize-Payout-Table.png","contentUrl":"https:\/\/www.lotterycritic.com\/wp-content\/uploads\/2019\/02\/CT-Lottery-Play3-Prize-Payout-Table.png"},{"@type":"BreadcrumbList","@id":"https:\/\/www.lotterycritic.com\/es\/resultados-loteria\/connecticut\/play3\/#breadcrumb","itemListElement":[{"@type":"ListItem","position":1,"name":"Home","item":"https:\/\/www.lotterycritic.com\/es\/"},{"@type":"ListItem","position":2,"name":"Resultados de La Loter\u00eda Americana &#8211; Los \u00daltimos N\u00fameros Ganadores de La Loter\u00eda de Estados Unidos","item":"https:\/\/www.lotterycritic.com\/es\/resultados-loteria\/"},{"@type":"ListItem","position":3,"name":"Resultados de La Loter\u00eda de Connecticut (CT) &#8211; Comprueba Los N\u00fameros Ganadores de Hoy En Connecticut","item":"https:\/\/www.lotterycritic.com\/es\/resultados-loteria\/connecticut\/"},{"@type":"ListItem","position":4,"name":"Resultados del Play3 de Connecticut (CA) y N\u00fameros Ganadores de Hoy [Tarde + D\u00eda + Noche]"}]},{"@type":"WebSite","@id":"https:\/\/www.lotterycritic.com\/es\/#website","url":"https:\/\/www.lotterycritic.com\/es\/","name":"Lottery Critic","description":"Your Guide to Lottery Results, Winning Numbers &amp; More\u2026","potentialAction":[{"@type":"SearchAction","target":{"@type":"EntryPoint","urlTemplate":"https:\/\/www.lotterycritic.com\/es\/?s={search_term_string}"},"query-input":{"@type":"PropertyValueSpecification","valueRequired":true,"valueName":"search_term_string"}}],"inLanguage":"es"}]}},"_links":{"self":[{"href":"https:\/\/www.lotterycritic.com\/es\/wp-json\/wp\/v2\/pages\/13795"}],"collection":[{"href":"https:\/\/www.lotterycritic.com\/es\/wp-json\/wp\/v2\/pages"}],"about":[{"href":"https:\/\/www.lotterycritic.com\/es\/wp-json\/wp\/v2\/types\/page"}],"author":[{"embeddable":true,"href":"https:\/\/www.lotterycritic.com\/es\/wp-json\/wp\/v2\/users\/2"}],"replies":[{"embeddable":true,"href":"https:\/\/www.lotterycritic.com\/es\/wp-json\/wp\/v2\/comments?post=13795"}],"version-history":[{"count":6,"href":"https:\/\/www.lotterycritic.com\/es\/wp-json\/wp\/v2\/pages\/13795\/revisions"}],"predecessor-version":[{"id":14017,"href":"https:\/\/www.lotterycritic.com\/es\/wp-json\/wp\/v2\/pages\/13795\/revisions\/14017"}],"up":[{"embeddable":true,"href":"https:\/\/www.lotterycritic.com\/es\/wp-json\/wp\/v2\/pages\/13791"}],"wp:attachment":[{"href":"https:\/\/www.lotterycritic.com\/es\/wp-json\/wp\/v2\/media?parent=13795"}],"curies":[{"name":"wp","href":"https:\/\/api.w.org\/{rel}","templated":true}]}}