{"id":13791,"date":"2023-07-12T21:06:28","date_gmt":"2023-07-12T21:06:28","guid":{"rendered":"https:\/\/www.lotterycritic.com\/resultados-loteria\/resultados-de-la-loteria-de-connecticut-ct-revise-los-numeros-ganadores-de-la-loteria-de-connecticut-de-esta-noche\/"},"modified":"2023-08-11T11:46:05","modified_gmt":"2023-08-11T11:46:05","slug":"connecticut","status":"publish","type":"page","link":"https:\/\/www.lotterycritic.com\/es\/resultados-loteria\/connecticut\/","title":{"rendered":"Resultados de La Loter\u00eda de Connecticut (CT) &#8211; Comprueba Los N\u00fameros Ganadores de Hoy En Connecticut"},"content":{"rendered":"<p><section><div class=\"section-anchor\" id=\"acerca-de-la-loter--a-de-connecticut\"><\/div><\/p>\n<p><\/p>\n<h2>Acerca de la Loter\u00eda de Connecticut<\/h2>\n<p>Como varias de las loter\u00edas de estado en Estados Unidos, la Loter\u00eda de Connecticut fue concebida con el prop\u00f3sito de generar beneficios para el estado. La Loter\u00eda de Connecticut comenz\u00f3 en 1971 cuando el Gobernador <span style=\"font-weight: 400;\">Thomas J. Meskill firm\u00f3 la Ley P\u00fablica No. 865. Un equipo bipartidista de comisionados fue seleccionado para organizar el primer sorteo al siguiente a\u00f1o. Desde entonces, la Loter\u00eda de Connecticut ha generado m\u00e1s de $10.6 miles de millones en beneficios para causas locales.<\/span><\/p>\n<h3>Reglas de la Loter\u00eda de Connecticut<\/h3>\n<p>Hay algunas cosas que debe tener en consideraci\u00f3n antes de comprar un billete de la Loter\u00eda de Connecticut:<\/p>\n<ul>\n<li style=\"font-weight: 400;\" aria-level=\"1\"><span style=\"font-weight: 400;\">Debe tener 18 a\u00f1os de edad para jugar.<\/span><\/li>\n<li style=\"font-weight: 400;\" aria-level=\"1\"><span style=\"font-weight: 400;\">Personas no residentes y extranjeras que ganen $599 o m\u00e1s, deben hacer el proceso para billetes ganadores en la Oficina Principal de la Loter\u00eda de Connecticut.<\/span><\/li>\n<li style=\"font-weight: 400;\" aria-level=\"1\"><span style=\"font-weight: 400;\">Por otro lado, cualquiera puede comprar billetes de la Loter\u00eda de Connecticut, no es necesario ser ciudadano de EE. UU. o residente de Connecticut.<\/span><\/li>\n<\/ul>\n<h2>Billetes de la Loter\u00eda de Connecticut<\/h2>\n<p>Los clientes pueden comprar billetes en cualquiera de los <span style=\"font-weight: 400;\">2,800 vendedores ubicados por todo el estado. Las se\u00f1ales de \u2018Se vende loter\u00eda aqu\u00ed\u2019 son comunes en estos sitios. Despu\u00e9s del sorteo, debe reclamar su premio en los siguientes 180 d\u00edas.<\/span><\/p>\n<h3>\u00bfPuedo comprar billetes de la Loter\u00eda de CT en l\u00ednea?<\/h3>\n<p>No, los billetes de la Loter\u00eda de Connecticut no pueden comprarse en l\u00ednea. En su lugar, los clientes deben adquirir billetes en uno de los puntos de venta en el estado, habilitados para la venta de estos. De hecho, estos vendedores ganan beneficios de la venta de billetes de loter\u00eda, lo que significa que estas compras son otra forma que tiene la loter\u00eda de apoyar a la comunidad local.<\/p>\n<p>\n<\/section><\/p>\n<p><section><div class=\"section-anchor\" id=\"calendario-de-sorteos-y-juegos\"><\/div><\/p>\n<p><\/p>\n<h2>Calendario de sorteos y juegos de la Loter\u00eda de Connecticut<\/h2>\n<p><span style=\"font-weight: 400;\">Entonces, \u00bfcu\u00e1les son los principales juegos ofrecidos por la Loter\u00eda de CT?<\/span><\/p>\n<h3>Powerball<\/h3>\n<p>El Powerball es un juego popular en todo Estados Unidos. \u00danase a miles de americanos cada lunes, mi\u00e9rcoles y s\u00e1bado a las <span style=\"font-weight: 400;\">10:59 pm para ver si se puede llevar el premio mayor de, por lo menos, $20 millones. Con un billete de $2, a diferencia del Mega Millions, usted escoge cinco n\u00fameros de pelotas blancas y un n\u00famero Powerball. Acierte en todos para llevarse el premio mayor. Puede aumentar sus ganancias por fuera del premio mayor hasta 10 veces agregando el Power Play por un $1.<\/span><\/p>\n<h3>Mega Millions<\/h3>\n<p>Otro de los juegos favoritos en todo el pa\u00eds es el Mega Millions. De nuevo, los ganadores del premio mayor del Mega Millions se llevan por lo menos $20 millones. Los billetes del Mega Millions cuestan $2 y utilizan cinco n\u00fameros de pelotas blancas y uno de pelota amarilla, Mega Ball, del 1 al 25. Si coincide en los seis n\u00fameros, gana el premio mayor, adem\u00e1s de tambi\u00e9n tener la opci\u00f3n de llevarse premios con otras ocho combinaciones m\u00e1s peque\u00f1as. Finalmente, el Megaplier, que cuesta $1 extra, multiplica sus ganancias por fuera del premio mayor hasta 5 veces.<\/p>\n<h3>Lotto<\/h3>\n<p>El juego m\u00e1s importante de la Loter\u00eda de Connecticut es el Lotto. Se sortea los martes y viernes alrededor de las <span style=\"font-weight: 400;\">10:38 pm y el billete cuesta solo $1. Similar al Mega Millions, los jugadores eligen seis n\u00fameros y pueden llevarse el premio mayor si aciertan en todos. Los premios m\u00e1s peque\u00f1os se ganan si hay coincidencia en tres, cuatro, o cinco n\u00fameros.<\/span><\/p>\n<h3>Lucky for Life<\/h3>\n<p>Lucky for Life es el juego de la loter\u00eda que se juega todas las noches, y ofrece un premio m\u00e1ximo de <span style=\"font-weight: 400;\">$365,000 que se paga cada a\u00f1o, de por vida. Parecido al Mega Millions, un billete de $2 le entrega cinco n\u00fameros de pelota blanca y una Lucky Ball, que le permitir\u00e1n participar, tambi\u00e9n, por los otros nueve premios adicionales, desde $3 hasta $25,000 por a\u00f1o de por vida.<\/span><\/p>\n<h3>Cash5<\/h3>\n<p>Un premio m\u00e1ximo de $100,000 es el ofrecido en el Cash5, un juego de loter\u00eda que se juega en la noche por $1 cada apuesta. En el Cash5, escoge cinco n\u00fameros del 1 al 35, y tiene la opci\u00f3n de a\u00f1adir un Kicker por $0.50. El Kicker le da un n\u00famero extra y mejores oportunidades de ganar.<\/p>\n<h3>Play3 con Wild Ball<\/h3>\n<p>Si quiere tener oportunidades de ganar dos veces al d\u00eda, premios de hasta $2,500, el Play3 con Wild Ball puede ser para usted. Es un juego flexible que ofrece varias formas de ganar:<\/p>\n<ul>\n<li style=\"font-weight: 400;\" aria-level=\"1\"><span style=\"font-weight: 400;\">Straight<\/span><\/li>\n<li style=\"font-weight: 400;\" aria-level=\"1\"><span style=\"font-weight: 400;\">Box<\/span><\/li>\n<li style=\"font-weight: 400;\" aria-level=\"1\"><span style=\"font-weight: 400;\">Straight\/Box<\/span><\/li>\n<li style=\"font-weight: 400;\" aria-level=\"1\"><span style=\"font-weight: 400;\">Pares<\/span><\/li>\n<li style=\"font-weight: 400;\" aria-level=\"1\"><span style=\"font-weight: 400;\">Combo<\/span><\/li>\n<\/ul>\n<p>Con estas opciones, puede apostar entre $0.50 y $5.00. Escoger una Wild Ball duplica el costo de su billete, y puede reemplazar uno de los n\u00fameros sorteados para ayudarlo a ganar.<\/p>\n<h3>Play4 con Wild Ball<\/h3>\n<p>El Play4 con Wild Ball funciona de forma similar, pero ofrece un premio m\u00e1s alto de $25,000, al haber m\u00e1s combinaciones ganadores disponibles con cuatro n\u00fameros y una Wild Ball adicional.<\/p>\n<h2><span style=\"font-weight: 400;\">Calendario de juegos de la Loter\u00eda de Connecticut<\/span><\/h2>\n<table>\n<tbody>\n<tr>\n<td><span style=\"font-weight: 400;\">Powerball<\/span><\/td>\n<td><span style=\"font-weight: 400;\">Lunes, mi\u00e9rcoles, s\u00e1bado<\/span><\/td>\n<td><span style=\"font-weight: 400;\">10:59 pm<\/span><\/td>\n<\/tr>\n<tr>\n<td><span style=\"font-weight: 400;\">Mega Millions<\/span><\/td>\n<td><span style=\"font-weight: 400;\">Martes, viernes<\/span><\/td>\n<td><span style=\"font-weight: 400;\">11:00 pm<\/span><\/td>\n<\/tr>\n<tr>\n<td><span style=\"font-weight: 400;\">Lotto!<\/span><\/td>\n<td><span style=\"font-weight: 400;\">Martes, viernes<\/span><\/td>\n<td><span style=\"font-weight: 400;\">10:38 pm<\/span><\/td>\n<\/tr>\n<tr>\n<td><span style=\"font-weight: 400;\">Lucky for Life<\/span><\/td>\n<td><span style=\"font-weight: 400;\">Cada noche<\/span><\/td>\n<td><span style=\"font-weight: 400;\">10:30 pm<\/span><\/td>\n<\/tr>\n<tr>\n<td><span style=\"font-weight: 400;\">Cash5<\/span><\/td>\n<td><span style=\"font-weight: 400;\">Cada noche<\/span><\/td>\n<td><span style=\"font-weight: 400;\">10:29 pm<\/span><\/td>\n<\/tr>\n<tr>\n<td><span style=\"font-weight: 400;\">Play3 con Wild Ball<\/span><\/td>\n<td><span style=\"font-weight: 400;\">Dos veces al d\u00eda<\/span><\/td>\n<td><span style=\"font-weight: 400;\">1:57p m, 10:29 pm<\/span><\/td>\n<\/tr>\n<tr>\n<td><span style=\"font-weight: 400;\">Play4 con Wild Ball<\/span><\/td>\n<td><span style=\"font-weight: 400;\">Dos veces al d\u00eda<\/span><\/td>\n<td><span style=\"font-weight: 400;\">1:57 pm, 10:29 pm<\/span><\/td>\n<\/tr>\n<\/tbody>\n<\/table>\n<p>\n<\/section><\/p>\n<p><section><div class=\"section-anchor\" id=\"c--mo-reclamar-un-premio\"><\/div><\/p>\n<p><\/p>\n<h2>C\u00f3mo reclamar un premio de la Loter\u00eda de Connecticut<\/h2>\n<p>Si es el afortunado ganador de un premio de la Loter\u00eda de Connecticut, tendr\u00e1 180 d\u00edas a partir de la fecha del sorteo para reclamarlo.<\/p>\n<p>Los ganadores pueden reclamar sus premios de hasta <span style=\"font-weight: 400;\">$49,999 <strong>por correo<\/strong>. Para hacerlo, siga los siguientes pasos:<\/span><\/p>\n<ol>\n<li style=\"font-weight: 400;\" aria-level=\"1\"><span style=\"font-weight: 400;\">Firme su billete; esto sirve para indicar que usted es el due\u00f1o del billete ganador original.<\/span><\/li>\n<li style=\"font-weight: 400;\" aria-level=\"1\"><span style=\"font-weight: 400;\">Complete cualquier informaci\u00f3n requerida al respaldo del billete.<\/span><\/li>\n<li style=\"font-weight: 400;\" aria-level=\"1\"><span style=\"font-weight: 400;\">Adjunte una copia de dos identificaciones v\u00e1lidas.<\/span><\/li>\n<li style=\"font-weight: 400;\" aria-level=\"1\"><span style=\"font-weight: 400;\">Env\u00ede esto por correo postal a: CT Lottery Claims Dept., 777 Brook Street, Rocky Hill, CT 06067.<\/span><\/li>\n<\/ol>\n<p>Si su premio es de $50,000 o m\u00e1s, o si prefiere reclamar su premio <strong>en persona<\/strong>:<\/p>\n<ul>\n<li style=\"font-weight: 400;\" aria-level=\"1\"><span style=\"font-weight: 400;\">Hasta $599, puede reclamarlo en puntos de venta de la loter\u00eda.<\/span><\/li>\n<li style=\"font-weight: 400;\" aria-level=\"1\"><span style=\"font-weight: 400;\">Hasta $5,000, haga el reclamo en un Centro de Reclamos de Alto Nivel de la Loter\u00eda de CT o la sede de la Loter\u00eda de CT.<\/span><\/li>\n<li style=\"font-weight: 400;\" aria-level=\"1\"><span style=\"font-weight: 400;\">Para $5,001 y m\u00e1s, reclame en la Sede de la Loter\u00eda de CT.<\/span><\/li>\n<\/ul>\n<p>\n<\/section><\/p>\n<p><section><div class=\"section-anchor\" id=\"ganadores-notables\"><\/div><\/p>\n<p><\/p>\n<h2>Ganadores notables de la Loter\u00eda de Connecticut<\/h2>\n<p>Hay ganadores de la Loter\u00eda de CT todo el tiempo, incluyendo los siguientes:<\/p>\n<ul>\n<li style=\"font-weight: 400;\" aria-level=\"1\"><span style=\"font-weight: 400;\"><strong>Jim Smith en Naugatuck<\/strong> se llev\u00f3 $100,000 del Cash5 en septiembre de 2021, despu\u00e9s de recoger un billete en el Metro Food Mart. Jim vio sus n\u00fameros aparecer en las noticias la ma\u00f1ana siguiente al sorteo.<\/span><\/li>\n<li style=\"font-weight: 400;\" aria-level=\"1\"><span style=\"font-weight: 400;\"><strong>Jenella Ross de West Hartford<\/strong> tuvo suerte en el Play4 en junio de 2021. Se llev\u00f3 $7,604, despu\u00e9s de usar su fecha de cumplea\u00f1os como sus n\u00fameros en el billete que compr\u00f3 en Hartford Mart.<\/span><\/li>\n<li style=\"font-weight: 400;\" aria-level=\"1\"><span style=\"font-weight: 400;\"><strong>Brian Mari<\/strong> se embols\u00f3 un premio todav\u00eda m\u00e1s grande de $22,604, cuando recogi\u00f3 un billete en el Cardsmart de Milford. Gan\u00f3 jugando un Straight, y vio que hab\u00eda ganado despu\u00e9s de que su gato lo despert\u00f3 muy temprano en la ma\u00f1ana siguiente al sorteo.<\/span><\/li>\n<li style=\"font-weight: 400;\" aria-level=\"1\"><span style=\"font-weight: 400;\"><strong>Christine Doyle de Kensington<\/strong> tambi\u00e9n decidi\u00f3 jugar su fecha de cumplea\u00f1os al comprar su billete del Powervall en Berlin Spirits en enero de 2020. Gan\u00f3 $50,007 al acertar los cuatro n\u00fameros ganadores, adem\u00e1s del Powerball.<\/span><\/li>\n<\/ul>\n<p>\n<\/section><\/p>\n<p><section><div class=\"section-anchor\" id=\"juegos-raspables\"><\/div><\/p>\n<p><\/p>\n<h2>Juegos raspables de la Loter\u00eda de Connecticut<\/h2>\n<p>A muchos jugadores de Connecticut les gusta la oportunidad de ganar de forma instant\u00e1nea que ofrecen los raspa-y-gana, adem\u00e1s de la amplia gama de opciones disponibles. Los juegos raspables pueden comprarse en vendedores autorizados, en un rango de precios desde $1 hasta $30. Los premios m\u00e1s altos los tienes juegos como <span style=\"font-weight: 400;\">Golden Riches y Mega Multiplier, donde el premio mayor llega hasta $1,000,000.<\/span><\/p>\n<h3>Segunda oportunidad con la Loter\u00eda de CT &#8211; \u00bfQu\u00e9 es el Second Chance?<\/h3>\n<p>El Second Chance le brinda otra oportunidad de ganar si su billete no fue de los ganadores en la primera ronda. Solo est\u00e1 disponible para raspables, pero no de manera regular en Connecticut. La mejor opci\u00f3n es verificar con la Loter\u00eda de CT regularmente para ver las promociones Second Chance disponibles actualmente.<\/p>\n<p>\n<\/section><\/p>\n<p><section><div class=\"section-anchor\" id=\"informaci--n\"><\/div><\/p>\n<p><\/p>\n<h2>Informaci\u00f3n sobre la Loter\u00eda de Connecticut<\/h2>\n<h3>Oficina de la Loter\u00eda de Connecticut<\/h3>\n<p><span style=\"font-weight: 400;\">La direcci\u00f3n de la Oficina de la Loter\u00eda de Connecticut es:<\/span><\/p>\n<p><span style=\"font-weight: 400;\"><a class=\"wpil_keyword_link\" title=\"Connecticut Lottery\" href=\"https:\/\/www.lotterycritic.com\/es\/resultados-loteria\/connecticut\/\" data-wpil-keyword-link=\"linked\">Connecticut Lottery<\/a> Corporation<\/span><\/p>\n<p><span style=\"font-weight: 400;\">777 Brook Street<\/span><\/p>\n<p><span style=\"font-weight: 400;\">Rocky Hill, CT 06067<\/span><\/p>\n<h3>Soporte al cliente de la Loter\u00eda de Connecticut<\/h3>\n<p>Los clientes pueden contactar a la Loter\u00eda de Connecticut para recibir ayuda de varias formas:<\/p>\n<ul>\n<li style=\"font-weight: 400;\" aria-level=\"1\"><span style=\"font-weight: 400;\">Revise la p\u00e1gina de Preguntas Frecuentes para encontrar la respuesta a dudas comunes.<\/span><\/li>\n<li style=\"font-weight: 400;\" aria-level=\"1\"><span style=\"font-weight: 400;\">Llame al (860) 713-2700 si tiene alguna pregunta o si es ganador.<\/span><\/li>\n<li style=\"font-weight: 400;\" aria-level=\"1\"><span style=\"font-weight: 400;\">Env\u00ede un correo electr\u00f3nico por medio del <\/span><a href=\"https:\/\/www.ctlottery.org\/ContactUs\"><span style=\"font-weight: 400;\">formulario en l\u00ednea<\/span><\/a>.<\/li>\n<\/ul>\n<h3>Centro de Reclamos de la Loter\u00eda de Connecticut<\/h3>\n<ul>\n<li>Llame al (860) 713-2700<\/li>\n<li>Lun-Vie: 8:30 AM &#8211; 4:30 PM<\/li>\n<\/ul>\n<h3>Redes sociales de la Loter\u00eda de Connecticut<\/h3>\n<p>Tambi\u00e9n puede enterarse de noticias sobre la Loter\u00eda de CT en sus redes sociales:<\/p>\n<ul>\n<li style=\"font-weight: 400;\" aria-level=\"1\"><a href=\"https:\/\/www.facebook.com\/CTLottery\"><span style=\"font-weight: 400;\">Facebook<\/span><\/a><\/li>\n<li style=\"font-weight: 400;\" aria-level=\"1\"><a href=\"https:\/\/www.instagram.com\/ctlottery\/?hl=en\"><span style=\"font-weight: 400;\">Instagram<\/span><\/a><\/li>\n<li style=\"font-weight: 400;\" aria-level=\"1\"><a href=\"https:\/\/twitter.com\/ctlottery\"><span style=\"font-weight: 400;\">Twitter<\/span><\/a><\/li>\n<\/ul>\n<p>\n<\/section><\/p>\n<p><section><div class=\"section-anchor\" id=\"aplicaciones-y-tecnolog--a\"><\/div><\/p>\n<p><\/p>\n<h2>Aplicaciones y Tecnolog\u00eda de la Loter\u00eda de Connecticut<\/h2>\n<p>La aplicaci\u00f3n gratuita de la Loter\u00eda de Connecticut est\u00e1 disponible para su descarga en m\u00f3viles y tablets en las tiendas de Apple y Google Play.<\/p>\n<p><b>La aplicaci\u00f3n de la Loter\u00eda de CT cuenta con las siguientes funciones clave:<\/b><\/p>\n<ul>\n<li style=\"font-weight: 400;\" aria-level=\"1\"><span style=\"font-weight: 400;\">Esc\u00e1ner de billetes para comprobar si es ganador.<\/span><\/li>\n<li style=\"font-weight: 400;\" aria-level=\"1\"><span style=\"font-weight: 400;\">Muestra todos los diferentes juegos de la Loter\u00eda de CT.<\/span><\/li>\n<li style=\"font-weight: 400;\" aria-level=\"1\"><span style=\"font-weight: 400;\">Lista de los n\u00fameros ganadores m\u00e1s recientes.<\/span><\/li>\n<li style=\"font-weight: 400;\" aria-level=\"1\"><span style=\"font-weight: 400;\">Localizador de tiendas para ver d\u00f3nde comprar y jugar.<\/span><\/li>\n<\/ul>\n<p>\n<\/section><\/p>\n<p><section><div class=\"section-anchor\" id=\"informaci--n-sobre-impuestos\"><\/div><\/p>\n<p><\/p>\n<h2>Informaci\u00f3n sobre impuestos en Connecticut<\/h2>\n<p>Ganar la Loter\u00eda de Connecticut implica pagar impuestos de ley. Cualquier premio de $600 o m\u00e1s, con una apuesta de al menos 300 veces, debe reportarse ante el IRS (Servicio de Impuestos Internos), adem\u00e1s de ser aplicado un impuesto estatal de 6.99 %. Se cobra un adicional de 24 % por impuestos federales para ganancias por loter\u00eda por encima de $5,000.<\/p>\n<p>\n<\/section><\/p>\n<p><section><div class=\"section-anchor\" id=\"preguntas-frecuentes\"><\/div><\/p>\n<p><\/p>\n<h2>Preguntas frecuentes sobre la Loter\u00eda de Connecticut<\/h2>\n<h4>\u00bfLas reglas de la Loter\u00eda de Connecticut son diferentes si juega en l\u00ednea?<\/h4>\n<p>Ya que los billetes de loter\u00eda de Connecticut no pueden ser comprados en l\u00ednea, aplican las mismas reglas para todas las compras de billetes.<\/p>\n<h4>\u00bfC\u00f3mo s\u00e9 que las loter\u00edas listadas en Lottery Critic son leg\u00edtimas?<\/h4>\n<p>Recogemos informaci\u00f3n sobre diferentes loter\u00edas de los sitios oficiales y monitoreamos regularmente los juegos y los premios para asegurar que estamos proveyendo informaci\u00f3n precisa.<\/p>\n<h4>\u00bfCu\u00e1nto tarda en recibir su premio, si gan\u00f3 la Loter\u00eda de Connecticut?<\/h4>\n<p>Puede recoger premios en persona para recibirlos enseguida. Para billetes enviados por correo, los reclamos son procesados en el orden en el cual se reciben, con premios enviados, por lo general, dentro de 14 d\u00edas.<\/p>\n<p>\n<\/section><\/p>\n","protected":false},"excerpt":{"rendered":"","protected":false},"author":2,"featured_media":0,"parent":13250,"menu_order":22,"comment_status":"closed","ping_status":"closed","template":"lottery-results-location-child-template.php","meta":{"footnotes":""},"class_list":["post-13791","page","type-page","status-publish","hentry"],"acf":[],"yoast_head":"<!-- This site is optimized with the Yoast SEO plugin v23.4 - https:\/\/yoast.com\/wordpress\/plugins\/seo\/ -->\n<title>Resultados Loter\u00eda de Connecticut - N\u00fameros Ganadores Hoy [mayo 2026 ]<\/title>\n<meta name=\"description\" content=\"Explore los resultados de los sorteos de la Loter\u00eda de Connecticut. Encuentre informaci\u00f3n sobre los juegos m\u00e1s jugados en CT, como el Mega Millions, Powerball, y m\u00e1s.\" \/>\n<meta name=\"robots\" content=\"index, follow, max-snippet:-1, max-image-preview:large, max-video-preview:-1\" \/>\n<link rel=\"canonical\" href=\"https:\/\/www.lotterycritic.com\/es\/resultados-loteria\/connecticut\/\" \/>\n<meta property=\"og:locale\" content=\"es_ES\" \/>\n<meta property=\"og:type\" content=\"article\" \/>\n<meta property=\"og:title\" content=\"Resultados Loter\u00eda de Connecticut - N\u00fameros Ganadores Hoy [mayo 2026 ]\" \/>\n<meta property=\"og:description\" content=\"Explore los resultados de los sorteos de la Loter\u00eda de Connecticut. Encuentre informaci\u00f3n sobre los juegos m\u00e1s jugados en CT, como el Mega Millions, Powerball, y m\u00e1s.\" \/>\n<meta property=\"og:url\" content=\"https:\/\/www.lotterycritic.com\/es\/resultados-loteria\/connecticut\/\" \/>\n<meta property=\"og:site_name\" content=\"Lottery Critic\" \/>\n<meta property=\"article:modified_time\" content=\"2023-08-11T11:46:05+00:00\" \/>\n<meta name=\"twitter:card\" content=\"summary_large_image\" \/>\n<meta name=\"twitter:label1\" content=\"Tiempo de lectura\" \/>\n\t<meta name=\"twitter:data1\" content=\"8 minutos\" \/>\n<script type=\"application\/ld+json\" class=\"yoast-schema-graph\">{\"@context\":\"https:\/\/schema.org\",\"@graph\":[{\"@type\":\"WebPage\",\"@id\":\"https:\/\/www.lotterycritic.com\/es\/resultados-loteria\/connecticut\/\",\"url\":\"https:\/\/www.lotterycritic.com\/es\/resultados-loteria\/connecticut\/\",\"name\":\"Resultados Loter\u00eda de Connecticut - N\u00fameros Ganadores Hoy [mayo 2026 ]\",\"isPartOf\":{\"@id\":\"https:\/\/www.lotterycritic.com\/es\/#website\"},\"datePublished\":\"2023-07-12T21:06:28+00:00\",\"dateModified\":\"2023-08-11T11:46:05+00:00\",\"description\":\"Explore los resultados de los sorteos de la Loter\u00eda de Connecticut. Encuentre informaci\u00f3n sobre los juegos m\u00e1s jugados en CT, como el Mega Millions, Powerball, y m\u00e1s.\",\"breadcrumb\":{\"@id\":\"https:\/\/www.lotterycritic.com\/es\/resultados-loteria\/connecticut\/#breadcrumb\"},\"inLanguage\":\"es\",\"potentialAction\":[{\"@type\":\"ReadAction\",\"target\":[\"https:\/\/www.lotterycritic.com\/es\/resultados-loteria\/connecticut\/\"]}]},{\"@type\":\"BreadcrumbList\",\"@id\":\"https:\/\/www.lotterycritic.com\/es\/resultados-loteria\/connecticut\/#breadcrumb\",\"itemListElement\":[{\"@type\":\"ListItem\",\"position\":1,\"name\":\"Home\",\"item\":\"https:\/\/www.lotterycritic.com\/es\/\"},{\"@type\":\"ListItem\",\"position\":2,\"name\":\"Resultados de La Loter\u00eda Americana &#8211; Los \u00daltimos N\u00fameros Ganadores de La Loter\u00eda de Estados Unidos\",\"item\":\"https:\/\/www.lotterycritic.com\/es\/resultados-loteria\/\"},{\"@type\":\"ListItem\",\"position\":3,\"name\":\"Resultados de La Loter\u00eda de Connecticut (CT) &#8211; Comprueba Los N\u00fameros Ganadores de Hoy En Connecticut\"}]},{\"@type\":\"WebSite\",\"@id\":\"https:\/\/www.lotterycritic.com\/es\/#website\",\"url\":\"https:\/\/www.lotterycritic.com\/es\/\",\"name\":\"Lottery Critic\",\"description\":\"Your Guide to Lottery Results, Winning Numbers &amp; More\u2026\",\"potentialAction\":[{\"@type\":\"SearchAction\",\"target\":{\"@type\":\"EntryPoint\",\"urlTemplate\":\"https:\/\/www.lotterycritic.com\/es\/?s={search_term_string}\"},\"query-input\":{\"@type\":\"PropertyValueSpecification\",\"valueRequired\":true,\"valueName\":\"search_term_string\"}}],\"inLanguage\":\"es\"}]}<\/script>\n<!-- \/ Yoast SEO plugin. -->","yoast_head_json":{"title":"Resultados Loter\u00eda de Connecticut - N\u00fameros Ganadores Hoy [mayo 2026 ]","description":"Explore los resultados de los sorteos de la Loter\u00eda de Connecticut. Encuentre informaci\u00f3n sobre los juegos m\u00e1s jugados en CT, como el Mega Millions, Powerball, y m\u00e1s.","robots":{"index":"index","follow":"follow","max-snippet":"max-snippet:-1","max-image-preview":"max-image-preview:large","max-video-preview":"max-video-preview:-1"},"canonical":"https:\/\/www.lotterycritic.com\/es\/resultados-loteria\/connecticut\/","og_locale":"es_ES","og_type":"article","og_title":"Resultados Loter\u00eda de Connecticut - N\u00fameros Ganadores Hoy [mayo 2026 ]","og_description":"Explore los resultados de los sorteos de la Loter\u00eda de Connecticut. Encuentre informaci\u00f3n sobre los juegos m\u00e1s jugados en CT, como el Mega Millions, Powerball, y m\u00e1s.","og_url":"https:\/\/www.lotterycritic.com\/es\/resultados-loteria\/connecticut\/","og_site_name":"Lottery Critic","article_modified_time":"2023-08-11T11:46:05+00:00","twitter_card":"summary_large_image","twitter_misc":{"Tiempo de lectura":"8 minutos"},"schema":{"@context":"https:\/\/schema.org","@graph":[{"@type":"WebPage","@id":"https:\/\/www.lotterycritic.com\/es\/resultados-loteria\/connecticut\/","url":"https:\/\/www.lotterycritic.com\/es\/resultados-loteria\/connecticut\/","name":"Resultados Loter\u00eda de Connecticut - N\u00fameros Ganadores Hoy [mayo 2026 ]","isPartOf":{"@id":"https:\/\/www.lotterycritic.com\/es\/#website"},"datePublished":"2023-07-12T21:06:28+00:00","dateModified":"2023-08-11T11:46:05+00:00","description":"Explore los resultados de los sorteos de la Loter\u00eda de Connecticut. Encuentre informaci\u00f3n sobre los juegos m\u00e1s jugados en CT, como el Mega Millions, Powerball, y m\u00e1s.","breadcrumb":{"@id":"https:\/\/www.lotterycritic.com\/es\/resultados-loteria\/connecticut\/#breadcrumb"},"inLanguage":"es","potentialAction":[{"@type":"ReadAction","target":["https:\/\/www.lotterycritic.com\/es\/resultados-loteria\/connecticut\/"]}]},{"@type":"BreadcrumbList","@id":"https:\/\/www.lotterycritic.com\/es\/resultados-loteria\/connecticut\/#breadcrumb","itemListElement":[{"@type":"ListItem","position":1,"name":"Home","item":"https:\/\/www.lotterycritic.com\/es\/"},{"@type":"ListItem","position":2,"name":"Resultados de La Loter\u00eda Americana &#8211; Los \u00daltimos N\u00fameros Ganadores de La Loter\u00eda de Estados Unidos","item":"https:\/\/www.lotterycritic.com\/es\/resultados-loteria\/"},{"@type":"ListItem","position":3,"name":"Resultados de La Loter\u00eda de Connecticut (CT) &#8211; Comprueba Los N\u00fameros Ganadores de Hoy En Connecticut"}]},{"@type":"WebSite","@id":"https:\/\/www.lotterycritic.com\/es\/#website","url":"https:\/\/www.lotterycritic.com\/es\/","name":"Lottery Critic","description":"Your Guide to Lottery Results, Winning Numbers &amp; More\u2026","potentialAction":[{"@type":"SearchAction","target":{"@type":"EntryPoint","urlTemplate":"https:\/\/www.lotterycritic.com\/es\/?s={search_term_string}"},"query-input":{"@type":"PropertyValueSpecification","valueRequired":true,"valueName":"search_term_string"}}],"inLanguage":"es"}]}},"_links":{"self":[{"href":"https:\/\/www.lotterycritic.com\/es\/wp-json\/wp\/v2\/pages\/13791"}],"collection":[{"href":"https:\/\/www.lotterycritic.com\/es\/wp-json\/wp\/v2\/pages"}],"about":[{"href":"https:\/\/www.lotterycritic.com\/es\/wp-json\/wp\/v2\/types\/page"}],"author":[{"embeddable":true,"href":"https:\/\/www.lotterycritic.com\/es\/wp-json\/wp\/v2\/users\/2"}],"replies":[{"embeddable":true,"href":"https:\/\/www.lotterycritic.com\/es\/wp-json\/wp\/v2\/comments?post=13791"}],"version-history":[{"count":6,"href":"https:\/\/www.lotterycritic.com\/es\/wp-json\/wp\/v2\/pages\/13791\/revisions"}],"predecessor-version":[{"id":14013,"href":"https:\/\/www.lotterycritic.com\/es\/wp-json\/wp\/v2\/pages\/13791\/revisions\/14013"}],"up":[{"embeddable":true,"href":"https:\/\/www.lotterycritic.com\/es\/wp-json\/wp\/v2\/pages\/13250"}],"wp:attachment":[{"href":"https:\/\/www.lotterycritic.com\/es\/wp-json\/wp\/v2\/media?parent=13791"}],"curies":[{"name":"wp","href":"https:\/\/api.w.org\/{rel}","templated":true}]}}