{"id":13789,"date":"2023-07-12T03:42:25","date_gmt":"2023-07-12T03:42:25","guid":{"rendered":"https:\/\/www.lotterycritic.com\/resultados-loteria\/california\/resultados-del-superlotto-plus-de-la-loteria-de-california-ca-numeros-ganadores-anoche-esta-noche\/"},"modified":"2023-08-11T11:44:55","modified_gmt":"2023-08-11T11:44:55","slug":"superlotto-plus","status":"publish","type":"page","link":"https:\/\/www.lotterycritic.com\/es\/resultados-loteria\/california\/superlotto-plus\/","title":{"rendered":"Resultados del Superlotto Plus de California (CA) y N\u00fameros Ganadores [Anoche + Hoy]"},"content":{"rendered":"<p><section><div class=\"section-anchor\" id=\"datos-importantes-sobre-el-superlotto-plus\"><\/div><\/p>\n<p><\/p>\n<p>El SuperLotto Plus es el juego m\u00e1s grande de la loter\u00eda de California. Los jugadores escogen 5 n\u00fameros del 1 al 47, adem\u00e1s del n\u00famero MEGA del 1 al 27. Para ganar el premio mayor, tendr\u00e1 que coincidir en los 6 n\u00fameros ganadores sorteados, una probabilidad de 1 en 42 millones. Sin embargo, la probabilidad de ganar cualquiera de los premios, es considerablemente mejor, de 1 en 23.<\/p>\n<p>Puede tambi\u00e9n entrar en el sorteo semanal para billetes no ganadores, el SuperLotto Plus Second Chance.<\/p>\n<h2>Datos importantes sobre el SuperLotto Plus<\/h2>\n<ul>\n<li><strong>Sorteos dos veces a la semana: <\/strong>El SuperLotto Plus le da m\u00e1s oportunidades de ganar cada semana, al sortearse dos veces, cada mi\u00e9rcoles y s\u00e1bado.<\/li>\n<li><strong>Loter\u00eda acumulada<\/strong>: El premio mayor del SuperLotto Plus se suma al siguiente sorteo cuando no existe ganador para el presente sorteo.<\/li>\n<li><strong>Premio mayor considerable<\/strong>: El premio mayor comienza en los $7,000,000.<\/li>\n<li><strong>Probabilidades de ganar<\/strong>: Las probabilidades de ganar el premio mayor del SuperLotto Plus son bastante buenas, en especial, cuando se compara con los juegos de loter\u00eda m\u00e1s grandes.<\/li>\n<li><strong>M\u00e1s oportunidades de ganar<\/strong>: Los sorteos de Segunda Oportunidad (Second Chance) del SuperLotto Plus, ofrece a los jugadores la oportunidad de ganar m\u00e1s premios.<\/li>\n<\/ul>\n<p>\n<\/section><\/p>\n<p><section><div class=\"section-anchor\" id=\"probabilidades-de-ganar\"><\/div><\/p>\n<p><\/p>\n<h2>Probabilidades de ganar el SuperLotto Plus de California<\/h2>\n<table>\n<tbody>\n<tr>\n<td width=\"312\"><strong>N\u00fameros acertados<\/strong><\/td>\n<td width=\"312\"><strong>Probabilidades de ganar<\/strong><\/td>\n<\/tr>\n<tr>\n<td width=\"312\">5 + 1<\/td>\n<td width=\"312\">1 en 41,416,353<\/td>\n<\/tr>\n<tr>\n<td width=\"312\">5 + 0<\/td>\n<td width=\"312\">1 en 1,592,937<\/td>\n<\/tr>\n<tr>\n<td width=\"312\">4 + 1<\/td>\n<td width=\"312\">1 en 197,221<\/td>\n<\/tr>\n<tr>\n<td width=\"312\">4 + 0<\/td>\n<td width=\"312\">1 en 7,585<\/td>\n<\/tr>\n<tr>\n<td width=\"312\">3 + 1<\/td>\n<td width=\"312\">1 en 4,810<\/td>\n<\/tr>\n<tr>\n<td width=\"312\">3 + 0<\/td>\n<td width=\"312\">1 en 185<\/td>\n<\/tr>\n<tr>\n<td width=\"312\">2 + 1<\/td>\n<td width=\"312\">1 en 361<\/td>\n<\/tr>\n<tr>\n<td width=\"312\">1 + 1<\/td>\n<td width=\"312\">1 en 74<\/td>\n<\/tr>\n<tr>\n<td width=\"312\">0 + 1<\/td>\n<td width=\"312\">1 en 49<\/td>\n<\/tr>\n<\/tbody>\n<\/table>\n<p>&nbsp;<\/p>\n<table>\n<tbody>\n<tr>\n<td width=\"312\"><strong>Probabilidades de ganar cualquier premio<\/strong><\/td>\n<td width=\"312\">1 en 23<\/td>\n<\/tr>\n<\/tbody>\n<\/table>\n<p>\n<\/section><\/p>\n<p><section><div class=\"section-anchor\" id=\"calendario-de-sorteos\"><\/div><\/p>\n<p><\/p>\n<h2>Calendario de sorteos del SuperLotto de California<\/h2>\n<p>Los sorteos del SuperLotto Plus toman lugar cada mi\u00e9rcoles y s\u00e1bado a las 7:57 PM PST. Tiene hasta las 7:45 PM del d\u00eda del sorteo para comprar sus billetes de loter\u00eda.<\/p>\n<p>\n<\/section><\/p>\n<p><section><div class=\"section-anchor\" id=\"pagos-y-probabilidades\"><\/div><\/p>\n<p><\/p>\n<h2>Pagos y Probabilidades del SuperLotto Plus de California<\/h2>\n<p>El premio mayor del SuperLotto Plus comienza en los $7 millones, que se acumulan cada vez que no hay ganador. Los dem\u00e1s niveles de premios dependen de la venta de billetes.<\/p>\n<table>\n<tbody>\n<tr>\n<td><strong>N\u00fameros acertados<\/strong><\/td>\n<td><strong>Premio<\/strong><\/td>\n<td><strong>Probabilidades<\/strong><\/td>\n<\/tr>\n<tr>\n<td>5 + 1<\/td>\n<td>Premio mayor<\/td>\n<td>1 en 41,416,353<\/td>\n<\/tr>\n<tr>\n<td>&gt;5 + 0<\/td>\n<td>~$40000<\/td>\n<td>1 en 1,592,937<\/td>\n<\/tr>\n<tr>\n<td>4 + 1<\/td>\n<td>~$1500<\/td>\n<td>1 en 197,221<\/td>\n<\/tr>\n<tr>\n<td>4 + 0<\/td>\n<td>~$100<\/td>\n<td>1 en 7,585<\/td>\n<\/tr>\n<tr>\n<td>3 + 1<\/td>\n<td>~$55<\/td>\n<td>1 en 4,810<\/td>\n<\/tr>\n<tr>\n<td>3 + 0<\/td>\n<td>~$10<\/td>\n<td>1 en 185<\/td>\n<\/tr>\n<tr>\n<td>&gt;2 + 1<\/td>\n<td>~$12<\/td>\n<td>1 en 361<\/td>\n<\/tr>\n<tr>\n<td>1 + 1<\/td>\n<td>~$2<\/td>\n<td>1 en 74<\/td>\n<\/tr>\n<tr>\n<td>0 + 1<\/td>\n<td>~$1<\/td>\n<td>1 en 49<\/td>\n<\/tr>\n<\/tbody>\n<\/table>\n<h2>Los mayores ganadores del SuperLotto<\/h2>\n<p>Estos son algunos de los m\u00e1s notables ganadores hasta ahora:<\/p>\n<ul>\n<li><strong>$315 millones<\/strong>: En noviembre de 2005, el billete ganador se llev\u00f3 el premio mayor de $315,000,000. El billete, sin embargo, fue comprado entre siete personas, por lo que tuvieron que compartir el premio.<\/li>\n<li><strong>$193 millones<\/strong>: El 16 de febrero de 2002, tres personas ganaron el premio mayor de $193,000,000, resultado de 11 sorteos acumulados. Cada uno se qued\u00f3 con aproximadamente $32.1 millones (despu\u00e9s de impuestos).<\/li>\n<li><strong>$141 millones<\/strong>: El 23 de junio de 2001, Alcario Castellano, gan\u00f3 el premio mayor de $141,000,000, concedi\u00e9ndole el t\u00edtulo del poseedor del premio individual m\u00e1s grande hasta ahora. Despu\u00e9s de impuesto, se llev\u00f3 $42.3 millones.<\/li>\n<li><strong>$118<\/strong>.<strong>8 millones:<\/strong> El 17 de abril de 1991, 54 ganadores individuales se hicieron con el premio de $118,800,000. Despu\u00e9s de impuestos, cada uno se qued\u00f3 con aproximadamente $2.2 millones.<\/li>\n<\/ul>\n<p>\n<\/section><\/p>\n<p><section><div class=\"section-anchor\" id=\"second-chance-del-superlotto\"><\/div><\/p>\n<p><\/p>\n<h2>Second Chance del SuperLotto Plus de California<\/h2>\n<p>La Loter\u00eda de California organiza sorteos de segunda oportunidad para billetes no ganadores del SuperLotto Plus. Cada sorteo ofrece 5 premios por un valor de $15,000 cada uno.<\/p>\n<p>Cada billete del SuperLotto Plus viene con un c\u00f3digo Second Chance. Puede enviar este c\u00f3digo por internet a trav\u00e9s del sitio web de la <a href=\"https:\/\/www.lotterycritic.com\/es\/resultados-loteria\/california\/\">Loter\u00eda de California<\/a> para entrar en el sorteo. Obtiene una entrada por cada $1 que gaste en billetes del SuperLotto Plus.<\/p>\n<p>\n<\/section><\/p>\n<p><section><div class=\"section-anchor\" id=\"aplicaci--n\"><\/div><\/p>\n<p><\/p>\n<h2>Aplicaci\u00f3n del SuperLotto de California<\/h2>\n<p>La Loter\u00eda de California ofrece una conveniente aplicaci\u00f3n para iOS y Android. Si bien no puede <a href=\"https:\/\/www.lotterycritic.com\/es\/mejores-resenas-de-loteria-en-linea\/resena-de-thelotter\/\">comprar billetes de loter\u00eda por medio de la aplicaci\u00f3n<\/a>, puede usarla para mantenerse actualizado sobre sus juegos del SuperLotto Plus.<\/p>\n<p>Es posible:<\/p>\n<ul>\n<li>Escanear sus billetes para comprobar si ha ganado<\/li>\n<li>Escanear sus billetes no ganadores para entrar en juegos de segunda oportunidad.<\/li>\n<li>Dar seguimiento a su juego de segunda oportunidad<\/li>\n<li>Revisar n\u00fameros ganadores y premios del SuperLotto Plus<\/li>\n<li>Buscar los puntos de venta cercanos por medio de un mapa interactivo<\/li>\n<\/ul>\n<p>\n<\/section><\/p>\n","protected":false},"excerpt":{"rendered":"","protected":false},"author":2,"featured_media":0,"parent":13766,"menu_order":0,"comment_status":"closed","ping_status":"closed","template":"lottery-results-game-child-template.php","meta":{"footnotes":""},"class_list":["post-13789","page","type-page","status-publish","hentry"],"acf":[],"yoast_head":"<!-- This site is optimized with the Yoast SEO plugin v23.4 - https:\/\/yoast.com\/wordpress\/plugins\/seo\/ -->\n<title>Superlotto Plus California: Resultados y N\u00fameros Ganadores [mayo 2026 ]<\/title>\n<meta name=\"description\" content=\"Obtenga los \u00faltimos resultados, n\u00fameros ganadores y cantidades del premio mayor para el juego SuperLotto Plus de California. Tambi\u00e9n, aprenda sobre las reglas, pagos, probabilidades, y m\u00e1s.\" \/>\n<meta name=\"robots\" content=\"index, follow, max-snippet:-1, max-image-preview:large, max-video-preview:-1\" \/>\n<link rel=\"canonical\" href=\"https:\/\/www.lotterycritic.com\/es\/resultados-loteria\/california\/superlotto-plus\/\" \/>\n<meta property=\"og:locale\" content=\"es_ES\" \/>\n<meta property=\"og:type\" content=\"article\" \/>\n<meta property=\"og:title\" content=\"Superlotto Plus California: Resultados y N\u00fameros Ganadores [mayo 2026 ]\" \/>\n<meta property=\"og:description\" content=\"Obtenga los \u00faltimos resultados, n\u00fameros ganadores y cantidades del premio mayor para el juego SuperLotto Plus de California. Tambi\u00e9n, aprenda sobre las reglas, pagos, probabilidades, y m\u00e1s.\" \/>\n<meta property=\"og:url\" content=\"https:\/\/www.lotterycritic.com\/es\/resultados-loteria\/california\/superlotto-plus\/\" \/>\n<meta property=\"og:site_name\" content=\"Lottery Critic\" \/>\n<meta property=\"article:modified_time\" content=\"2023-08-11T11:44:55+00:00\" \/>\n<meta name=\"twitter:card\" content=\"summary_large_image\" \/>\n<meta name=\"twitter:label1\" content=\"Tiempo de lectura\" \/>\n\t<meta name=\"twitter:data1\" content=\"4 minutos\" \/>\n<script type=\"application\/ld+json\" class=\"yoast-schema-graph\">{\"@context\":\"https:\/\/schema.org\",\"@graph\":[{\"@type\":\"WebPage\",\"@id\":\"https:\/\/www.lotterycritic.com\/es\/resultados-loteria\/california\/superlotto-plus\/\",\"url\":\"https:\/\/www.lotterycritic.com\/es\/resultados-loteria\/california\/superlotto-plus\/\",\"name\":\"Superlotto Plus California: Resultados y N\u00fameros Ganadores [mayo 2026 ]\",\"isPartOf\":{\"@id\":\"https:\/\/www.lotterycritic.com\/es\/#website\"},\"datePublished\":\"2023-07-12T03:42:25+00:00\",\"dateModified\":\"2023-08-11T11:44:55+00:00\",\"description\":\"Obtenga los \u00faltimos resultados, n\u00fameros ganadores y cantidades del premio mayor para el juego SuperLotto Plus de California. Tambi\u00e9n, aprenda sobre las reglas, pagos, probabilidades, y m\u00e1s.\",\"breadcrumb\":{\"@id\":\"https:\/\/www.lotterycritic.com\/es\/resultados-loteria\/california\/superlotto-plus\/#breadcrumb\"},\"inLanguage\":\"es\",\"potentialAction\":[{\"@type\":\"ReadAction\",\"target\":[\"https:\/\/www.lotterycritic.com\/es\/resultados-loteria\/california\/superlotto-plus\/\"]}]},{\"@type\":\"BreadcrumbList\",\"@id\":\"https:\/\/www.lotterycritic.com\/es\/resultados-loteria\/california\/superlotto-plus\/#breadcrumb\",\"itemListElement\":[{\"@type\":\"ListItem\",\"position\":1,\"name\":\"Home\",\"item\":\"https:\/\/www.lotterycritic.com\/es\/\"},{\"@type\":\"ListItem\",\"position\":2,\"name\":\"Resultados de La Loter\u00eda Americana &#8211; Los \u00daltimos N\u00fameros Ganadores de La Loter\u00eda de Estados Unidos\",\"item\":\"https:\/\/www.lotterycritic.com\/es\/resultados-loteria\/\"},{\"@type\":\"ListItem\",\"position\":3,\"name\":\"Resultados de La Loter\u00eda de California (CA) &#8211; Comprueba Los N\u00fameros Ganadores de Hoy En California\",\"item\":\"https:\/\/www.lotterycritic.com\/es\/resultados-loteria\/california\/\"},{\"@type\":\"ListItem\",\"position\":4,\"name\":\"Resultados del Superlotto Plus de California (CA) y N\u00fameros Ganadores [Anoche + Hoy]\"}]},{\"@type\":\"WebSite\",\"@id\":\"https:\/\/www.lotterycritic.com\/es\/#website\",\"url\":\"https:\/\/www.lotterycritic.com\/es\/\",\"name\":\"Lottery Critic\",\"description\":\"Your Guide to Lottery Results, Winning Numbers &amp; More\u2026\",\"potentialAction\":[{\"@type\":\"SearchAction\",\"target\":{\"@type\":\"EntryPoint\",\"urlTemplate\":\"https:\/\/www.lotterycritic.com\/es\/?s={search_term_string}\"},\"query-input\":{\"@type\":\"PropertyValueSpecification\",\"valueRequired\":true,\"valueName\":\"search_term_string\"}}],\"inLanguage\":\"es\"}]}<\/script>\n<!-- \/ Yoast SEO plugin. -->","yoast_head_json":{"title":"Superlotto Plus California: Resultados y N\u00fameros Ganadores [mayo 2026 ]","description":"Obtenga los \u00faltimos resultados, n\u00fameros ganadores y cantidades del premio mayor para el juego SuperLotto Plus de California. Tambi\u00e9n, aprenda sobre las reglas, pagos, probabilidades, y m\u00e1s.","robots":{"index":"index","follow":"follow","max-snippet":"max-snippet:-1","max-image-preview":"max-image-preview:large","max-video-preview":"max-video-preview:-1"},"canonical":"https:\/\/www.lotterycritic.com\/es\/resultados-loteria\/california\/superlotto-plus\/","og_locale":"es_ES","og_type":"article","og_title":"Superlotto Plus California: Resultados y N\u00fameros Ganadores [mayo 2026 ]","og_description":"Obtenga los \u00faltimos resultados, n\u00fameros ganadores y cantidades del premio mayor para el juego SuperLotto Plus de California. Tambi\u00e9n, aprenda sobre las reglas, pagos, probabilidades, y m\u00e1s.","og_url":"https:\/\/www.lotterycritic.com\/es\/resultados-loteria\/california\/superlotto-plus\/","og_site_name":"Lottery Critic","article_modified_time":"2023-08-11T11:44:55+00:00","twitter_card":"summary_large_image","twitter_misc":{"Tiempo de lectura":"4 minutos"},"schema":{"@context":"https:\/\/schema.org","@graph":[{"@type":"WebPage","@id":"https:\/\/www.lotterycritic.com\/es\/resultados-loteria\/california\/superlotto-plus\/","url":"https:\/\/www.lotterycritic.com\/es\/resultados-loteria\/california\/superlotto-plus\/","name":"Superlotto Plus California: Resultados y N\u00fameros Ganadores [mayo 2026 ]","isPartOf":{"@id":"https:\/\/www.lotterycritic.com\/es\/#website"},"datePublished":"2023-07-12T03:42:25+00:00","dateModified":"2023-08-11T11:44:55+00:00","description":"Obtenga los \u00faltimos resultados, n\u00fameros ganadores y cantidades del premio mayor para el juego SuperLotto Plus de California. Tambi\u00e9n, aprenda sobre las reglas, pagos, probabilidades, y m\u00e1s.","breadcrumb":{"@id":"https:\/\/www.lotterycritic.com\/es\/resultados-loteria\/california\/superlotto-plus\/#breadcrumb"},"inLanguage":"es","potentialAction":[{"@type":"ReadAction","target":["https:\/\/www.lotterycritic.com\/es\/resultados-loteria\/california\/superlotto-plus\/"]}]},{"@type":"BreadcrumbList","@id":"https:\/\/www.lotterycritic.com\/es\/resultados-loteria\/california\/superlotto-plus\/#breadcrumb","itemListElement":[{"@type":"ListItem","position":1,"name":"Home","item":"https:\/\/www.lotterycritic.com\/es\/"},{"@type":"ListItem","position":2,"name":"Resultados de La Loter\u00eda Americana &#8211; Los \u00daltimos N\u00fameros Ganadores de La Loter\u00eda de Estados Unidos","item":"https:\/\/www.lotterycritic.com\/es\/resultados-loteria\/"},{"@type":"ListItem","position":3,"name":"Resultados de La Loter\u00eda de California (CA) &#8211; Comprueba Los N\u00fameros Ganadores de Hoy En California","item":"https:\/\/www.lotterycritic.com\/es\/resultados-loteria\/california\/"},{"@type":"ListItem","position":4,"name":"Resultados del Superlotto Plus de California (CA) y N\u00fameros Ganadores [Anoche + Hoy]"}]},{"@type":"WebSite","@id":"https:\/\/www.lotterycritic.com\/es\/#website","url":"https:\/\/www.lotterycritic.com\/es\/","name":"Lottery Critic","description":"Your Guide to Lottery Results, Winning Numbers &amp; More\u2026","potentialAction":[{"@type":"SearchAction","target":{"@type":"EntryPoint","urlTemplate":"https:\/\/www.lotterycritic.com\/es\/?s={search_term_string}"},"query-input":{"@type":"PropertyValueSpecification","valueRequired":true,"valueName":"search_term_string"}}],"inLanguage":"es"}]}},"_links":{"self":[{"href":"https:\/\/www.lotterycritic.com\/es\/wp-json\/wp\/v2\/pages\/13789"}],"collection":[{"href":"https:\/\/www.lotterycritic.com\/es\/wp-json\/wp\/v2\/pages"}],"about":[{"href":"https:\/\/www.lotterycritic.com\/es\/wp-json\/wp\/v2\/types\/page"}],"author":[{"embeddable":true,"href":"https:\/\/www.lotterycritic.com\/es\/wp-json\/wp\/v2\/users\/2"}],"replies":[{"embeddable":true,"href":"https:\/\/www.lotterycritic.com\/es\/wp-json\/wp\/v2\/comments?post=13789"}],"version-history":[{"count":6,"href":"https:\/\/www.lotterycritic.com\/es\/wp-json\/wp\/v2\/pages\/13789\/revisions"}],"predecessor-version":[{"id":13965,"href":"https:\/\/www.lotterycritic.com\/es\/wp-json\/wp\/v2\/pages\/13789\/revisions\/13965"}],"up":[{"embeddable":true,"href":"https:\/\/www.lotterycritic.com\/es\/wp-json\/wp\/v2\/pages\/13766"}],"wp:attachment":[{"href":"https:\/\/www.lotterycritic.com\/es\/wp-json\/wp\/v2\/media?parent=13789"}],"curies":[{"name":"wp","href":"https:\/\/api.w.org\/{rel}","templated":true}]}}