{"id":13784,"date":"2023-07-12T02:35:18","date_gmt":"2023-07-12T02:35:18","guid":{"rendered":"https:\/\/www.lotterycritic.com\/resultados-loteria\/california\/resultados-del-hot-spor-de-la-loteria-de-california-ca-numeros-ganadores-anoche-esta-noche\/"},"modified":"2023-08-11T11:43:08","modified_gmt":"2023-08-11T11:43:08","slug":"hot-spot","status":"publish","type":"page","link":"https:\/\/www.lotterycritic.com\/es\/resultados-loteria\/california\/hot-spot\/","title":{"rendered":"Resultados de Loter\u00eda Hot Spot de California (CA) y N\u00fameros Ganadores [Anoche + Hoy]"},"content":{"rendered":"<p><section><div class=\"section-anchor\"><\/div><\/p>\n<h2>\u00daltimos Resultados del Hot Spot de California<\/h2>\n<p>Los resultados del Hot Spot se conocen despu\u00e9s de cada sorteo cada 4 minutos. Se recomienda verificarlos directamente en el sitio oficial de la <a href=\"https:\/\/www.calottery.com\/draw-games\/hot-spot\">Loter\u00eda de CA<\/a><\/p>\n<h2>C\u00f3mo jugar al Hot Spot de la Loter\u00eda de California<\/h2>\n<p>El Hot Spot de California tiene un sistema novedoso. En este, escoge un grupo de n\u00fameros, o Spot, que le gustar\u00eda jugar por sorteo. El conjunto de n\u00fameros puede ser de 1 a 10 n\u00fameros. Luego, tendr\u00e1 que llenar cada grupo con n\u00fameros del 1 al 80. Puede ganar un premio acertando los n\u00fameros ganadores, y entre m\u00e1s grande sea su Spot (es decir, entre m\u00e1s n\u00fameros tenga para acertar), m\u00e1s grande ser\u00e1 el premio.<\/p>\n<p>Tambi\u00e9n puede elegir pagar un poco m\u00e1s para jugar el Bulls-eye, que es un n\u00famero extra del 1 al 80. Funciona como el multiplicador del Powerball o el Mega Millions: si coincide en los n\u00fameros del Hot Spot <em>y adem\u00e1s<\/em> en el Bulls-eye, gana m\u00e1s que si hubiera jugado solo los n\u00fameros del Hot Spot.<\/p>\n<ul>\n<li><a href=\"https:\/\/www.lotterycritic.com\/es\/resultados-loteria\/california\/hot-spot\/\">Resultados y Premios de la Loter\u00eda del Estado de California<\/a><\/li>\n<\/ul>\n<h2>Calendario de sorteos del Hot Spot de la Loter\u00eda de California<\/h2>\n<p>El sorteo sucede <strong>cada 4 minutos<\/strong> desde las 6 AM hasta las 2 AM todos los d\u00edas.<\/p>\n<h2>Premios del Hot Spot de California<\/h2>\n<p>Los pagos del Hot Spot pueden ser Premios T\u00edpicos (<b>Typical Prize Pools<\/b>) o Cantidades T\u00edpicas (<b>Typical Prize Amounts<\/b>). Estas son las diferencias:<\/p>\n<ul>\n<li><strong>Typical Prize Pools (TPPs):<\/strong> Se reparten equitativamente entre los ganadores de cada nivel de premio. Los premios de nivel m\u00e1s alto para Spots de 8 a 10 son TPPs.<\/li>\n<li><strong>Typical Prize Amounts (TPAs):<\/strong> Se adjudican a cada jugador, seg\u00fan lo permitan los fondos de premios disponibles.<\/li>\n<\/ul>\n<p>\n<\/section><\/p>\n","protected":false},"excerpt":{"rendered":"","protected":false},"author":2,"featured_media":0,"parent":13766,"menu_order":5,"comment_status":"closed","ping_status":"closed","template":"lottery-results-game-child-template.php","meta":{"footnotes":""},"class_list":["post-13784","page","type-page","status-publish","hentry"],"acf":[],"yoast_head":"<!-- This site is optimized with the Yoast SEO plugin v23.4 - https:\/\/yoast.com\/wordpress\/plugins\/seo\/ -->\n<title>Hot Spot de California (CA): Resultados y N\u00fameros Ganadores [Anoche + Hoy]<\/title>\n<meta name=\"description\" content=\"Todo lo que necesita saber sobre el juego Hot Spot de la Loter\u00eda de California, incluyendo reglas, premios, resultados, y m\u00e1s.\" \/>\n<meta name=\"robots\" content=\"index, follow, max-snippet:-1, max-image-preview:large, max-video-preview:-1\" \/>\n<link rel=\"canonical\" href=\"https:\/\/www.lotterycritic.com\/es\/resultados-loteria\/california\/hot-spot\/\" \/>\n<meta property=\"og:locale\" content=\"es_ES\" \/>\n<meta property=\"og:type\" content=\"article\" \/>\n<meta property=\"og:title\" content=\"Hot Spot de California (CA): Resultados y N\u00fameros Ganadores [Anoche + Hoy]\" \/>\n<meta property=\"og:description\" content=\"Todo lo que necesita saber sobre el juego Hot Spot de la Loter\u00eda de California, incluyendo reglas, premios, resultados, y m\u00e1s.\" \/>\n<meta property=\"og:url\" content=\"https:\/\/www.lotterycritic.com\/es\/resultados-loteria\/california\/hot-spot\/\" \/>\n<meta property=\"og:site_name\" content=\"Lottery Critic\" \/>\n<meta property=\"article:modified_time\" content=\"2023-08-11T11:43:08+00:00\" \/>\n<meta name=\"twitter:card\" content=\"summary_large_image\" \/>\n<meta name=\"twitter:label1\" content=\"Tiempo de lectura\" \/>\n\t<meta name=\"twitter:data1\" content=\"2 minutos\" \/>\n<script type=\"application\/ld+json\" class=\"yoast-schema-graph\">{\"@context\":\"https:\/\/schema.org\",\"@graph\":[{\"@type\":\"WebPage\",\"@id\":\"https:\/\/www.lotterycritic.com\/es\/resultados-loteria\/california\/hot-spot\/\",\"url\":\"https:\/\/www.lotterycritic.com\/es\/resultados-loteria\/california\/hot-spot\/\",\"name\":\"Hot Spot de California (CA): Resultados y N\u00fameros Ganadores [Anoche + Hoy]\",\"isPartOf\":{\"@id\":\"https:\/\/www.lotterycritic.com\/es\/#website\"},\"datePublished\":\"2023-07-12T02:35:18+00:00\",\"dateModified\":\"2023-08-11T11:43:08+00:00\",\"description\":\"Todo lo que necesita saber sobre el juego Hot Spot de la Loter\u00eda de California, incluyendo reglas, premios, resultados, y m\u00e1s.\",\"breadcrumb\":{\"@id\":\"https:\/\/www.lotterycritic.com\/es\/resultados-loteria\/california\/hot-spot\/#breadcrumb\"},\"inLanguage\":\"es\",\"potentialAction\":[{\"@type\":\"ReadAction\",\"target\":[\"https:\/\/www.lotterycritic.com\/es\/resultados-loteria\/california\/hot-spot\/\"]}]},{\"@type\":\"BreadcrumbList\",\"@id\":\"https:\/\/www.lotterycritic.com\/es\/resultados-loteria\/california\/hot-spot\/#breadcrumb\",\"itemListElement\":[{\"@type\":\"ListItem\",\"position\":1,\"name\":\"Home\",\"item\":\"https:\/\/www.lotterycritic.com\/es\/\"},{\"@type\":\"ListItem\",\"position\":2,\"name\":\"Resultados de La Loter\u00eda Americana &#8211; Los \u00daltimos N\u00fameros Ganadores de La Loter\u00eda de Estados Unidos\",\"item\":\"https:\/\/www.lotterycritic.com\/es\/resultados-loteria\/\"},{\"@type\":\"ListItem\",\"position\":3,\"name\":\"Resultados de La Loter\u00eda de California (CA) &#8211; Comprueba Los N\u00fameros Ganadores de Hoy En California\",\"item\":\"https:\/\/www.lotterycritic.com\/es\/resultados-loteria\/california\/\"},{\"@type\":\"ListItem\",\"position\":4,\"name\":\"Resultados de Loter\u00eda Hot Spot de California (CA) y N\u00fameros Ganadores [Anoche + Hoy]\"}]},{\"@type\":\"WebSite\",\"@id\":\"https:\/\/www.lotterycritic.com\/es\/#website\",\"url\":\"https:\/\/www.lotterycritic.com\/es\/\",\"name\":\"Lottery Critic\",\"description\":\"Your Guide to Lottery Results, Winning Numbers &amp; More\u2026\",\"potentialAction\":[{\"@type\":\"SearchAction\",\"target\":{\"@type\":\"EntryPoint\",\"urlTemplate\":\"https:\/\/www.lotterycritic.com\/es\/?s={search_term_string}\"},\"query-input\":{\"@type\":\"PropertyValueSpecification\",\"valueRequired\":true,\"valueName\":\"search_term_string\"}}],\"inLanguage\":\"es\"}]}<\/script>\n<!-- \/ Yoast SEO plugin. -->","yoast_head_json":{"title":"Hot Spot de California (CA): Resultados y N\u00fameros Ganadores [Anoche + Hoy]","description":"Todo lo que necesita saber sobre el juego Hot Spot de la Loter\u00eda de California, incluyendo reglas, premios, resultados, y m\u00e1s.","robots":{"index":"index","follow":"follow","max-snippet":"max-snippet:-1","max-image-preview":"max-image-preview:large","max-video-preview":"max-video-preview:-1"},"canonical":"https:\/\/www.lotterycritic.com\/es\/resultados-loteria\/california\/hot-spot\/","og_locale":"es_ES","og_type":"article","og_title":"Hot Spot de California (CA): Resultados y N\u00fameros Ganadores [Anoche + Hoy]","og_description":"Todo lo que necesita saber sobre el juego Hot Spot de la Loter\u00eda de California, incluyendo reglas, premios, resultados, y m\u00e1s.","og_url":"https:\/\/www.lotterycritic.com\/es\/resultados-loteria\/california\/hot-spot\/","og_site_name":"Lottery Critic","article_modified_time":"2023-08-11T11:43:08+00:00","twitter_card":"summary_large_image","twitter_misc":{"Tiempo de lectura":"2 minutos"},"schema":{"@context":"https:\/\/schema.org","@graph":[{"@type":"WebPage","@id":"https:\/\/www.lotterycritic.com\/es\/resultados-loteria\/california\/hot-spot\/","url":"https:\/\/www.lotterycritic.com\/es\/resultados-loteria\/california\/hot-spot\/","name":"Hot Spot de California (CA): Resultados y N\u00fameros Ganadores [Anoche + Hoy]","isPartOf":{"@id":"https:\/\/www.lotterycritic.com\/es\/#website"},"datePublished":"2023-07-12T02:35:18+00:00","dateModified":"2023-08-11T11:43:08+00:00","description":"Todo lo que necesita saber sobre el juego Hot Spot de la Loter\u00eda de California, incluyendo reglas, premios, resultados, y m\u00e1s.","breadcrumb":{"@id":"https:\/\/www.lotterycritic.com\/es\/resultados-loteria\/california\/hot-spot\/#breadcrumb"},"inLanguage":"es","potentialAction":[{"@type":"ReadAction","target":["https:\/\/www.lotterycritic.com\/es\/resultados-loteria\/california\/hot-spot\/"]}]},{"@type":"BreadcrumbList","@id":"https:\/\/www.lotterycritic.com\/es\/resultados-loteria\/california\/hot-spot\/#breadcrumb","itemListElement":[{"@type":"ListItem","position":1,"name":"Home","item":"https:\/\/www.lotterycritic.com\/es\/"},{"@type":"ListItem","position":2,"name":"Resultados de La Loter\u00eda Americana &#8211; Los \u00daltimos N\u00fameros Ganadores de La Loter\u00eda de Estados Unidos","item":"https:\/\/www.lotterycritic.com\/es\/resultados-loteria\/"},{"@type":"ListItem","position":3,"name":"Resultados de La Loter\u00eda de California (CA) &#8211; Comprueba Los N\u00fameros Ganadores de Hoy En California","item":"https:\/\/www.lotterycritic.com\/es\/resultados-loteria\/california\/"},{"@type":"ListItem","position":4,"name":"Resultados de Loter\u00eda Hot Spot de California (CA) y N\u00fameros Ganadores [Anoche + Hoy]"}]},{"@type":"WebSite","@id":"https:\/\/www.lotterycritic.com\/es\/#website","url":"https:\/\/www.lotterycritic.com\/es\/","name":"Lottery Critic","description":"Your Guide to Lottery Results, Winning Numbers &amp; More\u2026","potentialAction":[{"@type":"SearchAction","target":{"@type":"EntryPoint","urlTemplate":"https:\/\/www.lotterycritic.com\/es\/?s={search_term_string}"},"query-input":{"@type":"PropertyValueSpecification","valueRequired":true,"valueName":"search_term_string"}}],"inLanguage":"es"}]}},"_links":{"self":[{"href":"https:\/\/www.lotterycritic.com\/es\/wp-json\/wp\/v2\/pages\/13784"}],"collection":[{"href":"https:\/\/www.lotterycritic.com\/es\/wp-json\/wp\/v2\/pages"}],"about":[{"href":"https:\/\/www.lotterycritic.com\/es\/wp-json\/wp\/v2\/types\/page"}],"author":[{"embeddable":true,"href":"https:\/\/www.lotterycritic.com\/es\/wp-json\/wp\/v2\/users\/2"}],"replies":[{"embeddable":true,"href":"https:\/\/www.lotterycritic.com\/es\/wp-json\/wp\/v2\/comments?post=13784"}],"version-history":[{"count":4,"href":"https:\/\/www.lotterycritic.com\/es\/wp-json\/wp\/v2\/pages\/13784\/revisions"}],"predecessor-version":[{"id":13934,"href":"https:\/\/www.lotterycritic.com\/es\/wp-json\/wp\/v2\/pages\/13784\/revisions\/13934"}],"up":[{"embeddable":true,"href":"https:\/\/www.lotterycritic.com\/es\/wp-json\/wp\/v2\/pages\/13766"}],"wp:attachment":[{"href":"https:\/\/www.lotterycritic.com\/es\/wp-json\/wp\/v2\/media?parent=13784"}],"curies":[{"name":"wp","href":"https:\/\/api.w.org\/{rel}","templated":true}]}}