{"id":13782,"date":"2023-07-12T02:14:17","date_gmt":"2023-07-12T02:14:17","guid":{"rendered":"https:\/\/www.lotterycritic.com\/resultados-loteria\/california\/resultados-del-fantasy-5-de-la-loteria-de-california-ca-numeros-ganadores-anoche-esta-noche\/"},"modified":"2023-08-11T11:42:14","modified_gmt":"2023-08-11T11:42:14","slug":"fantasy-5","status":"publish","type":"page","link":"https:\/\/www.lotterycritic.com\/es\/resultados-loteria\/california\/fantasy-5\/","title":{"rendered":"Resultados del Fantasy 5 de California (CA) y N\u00fameros Ganadores [Anoche + Hoy]"},"content":{"rendered":"<p><section><div class=\"section-anchor\" id=\"datos-esenciales-sobre-el-fantasy-5\"><\/div><\/p>\n<p><\/p>\n<p>El Fantasy 5 ofrece mejores probabilidades y sorteos diarios, perfecto para \u00e1vidos jugadores de loter\u00eda. Solo necesita escoger 5 n\u00fameros, cada uno del 1 al 39. Si sus n\u00fameros coinciden con los sorteados, se lleva el premio mayor.<\/p>\n<h2>Datos esenciales sobre el Fantasy 5 de California<\/h2>\n<ul>\n<li><strong>Sorteos diarios: <\/strong>El Fantasy 5 de California se juega a diario, lo que significa que tendr\u00e1 m\u00e1s oportunidades de ganar por semana.<\/li>\n<li><strong>Mec\u00e1nicas sencillas: <\/strong>Las mec\u00e1nicas del Fantasy 5 para los jugadores de California, son realmente sencillas, incluso los inexpertos de la loter\u00eda, las ver\u00e1n f\u00e1ciles de aprender.<\/li>\n<li><strong>Altas probabilidades: <\/strong>Comparado con otros juegos de loter\u00eda, las probabilidades del Fantasy 5 de California son bastante favorables.<\/li>\n<li><strong>Premios peque\u00f1os: <\/strong>No espere premios desorbitados con este juego. Cabe decir, el premio mayor se suma al siguiente sorteo si nadie lo gana.<\/li>\n<\/ul>\n<p>\n<\/section><\/p>\n<p><section><div class=\"section-anchor\" id=\"probabilidades-de-ganar\"><\/div><\/p>\n<p><\/p>\n<h2>Probabilidades de ganar el Fantasy 5 de California<\/h2>\n<table>\n<tbody>\n<tr>\n<td width=\"312\"><strong>N\u00fameros acertados<\/strong><\/td>\n<td width=\"312\"><strong>Probabilidades de ganar<\/strong><\/td>\n<\/tr>\n<tr>\n<td width=\"312\">5<\/td>\n<td width=\"312\">1 en 575,757<\/td>\n<\/tr>\n<tr>\n<td width=\"312\">4<\/td>\n<td width=\"312\">1 en 3,387<\/td>\n<\/tr>\n<tr>\n<td width=\"312\">3<\/td>\n<td width=\"312\">1 en 103<\/td>\n<\/tr>\n<tr>\n<td width=\"312\">2<\/td>\n<td width=\"312\">1 en 10<\/td>\n<\/tr>\n<\/tbody>\n<\/table>\n<p>&nbsp;<\/p>\n<table>\n<tbody>\n<tr>\n<td width=\"312\"><strong>Probabilidad en general<\/strong><\/td>\n<td width=\"312\">1 en 9<\/td>\n<\/tr>\n<\/tbody>\n<\/table>\n<p>\n<\/section><\/p>\n<p><section><div class=\"section-anchor\" id=\"calendario-de-sorteos\"><\/div><\/p>\n<p><\/p>\n<h2>Calendario de sorteos del Fantasy 5 de la Loter\u00eda de California<\/h2>\n<p>El sorteo del Fantasy 5 se juega todos los d\u00edas a las 6:30 PM PST. Sucede inmediatamente despu\u00e9s de que se cierre la venta, por lo que tiene hasta las 6:29 PM PST para comprar sus billetes.<\/p>\n<p>\n<\/section><\/p>\n<p><section><div class=\"section-anchor\" id=\"premios-y-probabilidades\"><\/div><\/p>\n<p><\/p>\n<h2>Premios y Probabilidades del Fantasy 5 de California<\/h2>\n<p>El juego Fantasy 5 comienza con un premio m\u00ednimo de $50,000. La cantidad aumenta cada vez que no hay ganador. Otros niveles de premio dependen de la venta de billetes para el sorteo, por lo que el monto que podr\u00eda ganar var\u00eda cada d\u00eda.<\/p>\n<table>\n<tbody>\n<tr>\n<td><strong>N\u00fameros acertados<\/strong><\/td>\n<td><strong>Premio<\/strong><\/td>\n<td><strong>Probabilidades<\/strong><\/td>\n<\/tr>\n<tr>\n<td>5 de 5<\/td>\n<td>Premio mayor<\/td>\n<td>1 en 575,757<\/td>\n<\/tr>\n<tr>\n<td>4 de 5<\/td>\n<td>~$600<\/td>\n<td>1 en 3,387<\/td>\n<\/tr>\n<tr>\n<td>3 de 5<\/td>\n<td>~$15<\/td>\n<td>1 en 103<\/td>\n<\/tr>\n<tr>\n<td>2 de 5<\/td>\n<td>Billete gratis<\/td>\n<td>1 en 10<\/td>\n<\/tr>\n<\/tbody>\n<\/table>\n<p>\n<\/section><\/p>\n<p><section><div class=\"section-anchor\" id=\"second-chance-del-fantasy-5\"><\/div><\/p>\n<p><\/p>\n<h2>Second Chance del Fantasy 5 de California<\/h2>\n<p>La Loter\u00eda de California cuenta con sorteos de segunda oportunidad para billetes no ganadores del Fantasy 5. Cada sorteo ofrece:<\/p>\n<ul>\n<li>3 premios de $15,000 cada uno<\/li>\n<li>12 premios de $1,000 cada uno<\/li>\n<\/ul>\n<p>Recibir\u00e1 un c\u00f3digo Second Chance impreso en su billete del Fantasy 5 si gasta $5 o m\u00e1s en la transacci\u00f3n. Puede enviar este c\u00f3digo por internet a trav\u00e9s del sitio web de la <a href=\"https:\/\/www.lotterycritic.com\/es\/resultados-loteria\/california\/\">Loter\u00eda de California<\/a> para entrar al sorteo.<\/p>\n<p>\n<\/section><\/p>\n","protected":false},"excerpt":{"rendered":"","protected":false},"author":2,"featured_media":0,"parent":13766,"menu_order":1,"comment_status":"closed","ping_status":"closed","template":"lottery-results-game-child-template.php","meta":{"footnotes":""},"class_list":["post-13782","page","type-page","status-publish","hentry"],"acf":[],"yoast_head":"<!-- This site is optimized with the Yoast SEO plugin v23.4 - https:\/\/yoast.com\/wordpress\/plugins\/seo\/ -->\n<title>Fantasy 5 de California (CA): Resultados y N\u00fameros Ganadores [Anoche + Hoy]<\/title>\n<meta name=\"description\" content=\"Encuentre los resultados m\u00e1s recientes, n\u00fameros ganadores y montos del premio mayor para el Fantasy 5 de California. Adem\u00e1s, aprende sobre las reglas, pagos, probabilidades, y m\u00e1s.\" \/>\n<meta name=\"robots\" content=\"index, follow, max-snippet:-1, max-image-preview:large, max-video-preview:-1\" \/>\n<link rel=\"canonical\" href=\"https:\/\/www.lotterycritic.com\/es\/resultados-loteria\/california\/fantasy-5\/\" \/>\n<meta property=\"og:locale\" content=\"es_ES\" \/>\n<meta property=\"og:type\" content=\"article\" \/>\n<meta property=\"og:title\" content=\"Fantasy 5 de California (CA): Resultados y N\u00fameros Ganadores [Anoche + Hoy]\" \/>\n<meta property=\"og:description\" content=\"Encuentre los resultados m\u00e1s recientes, n\u00fameros ganadores y montos del premio mayor para el Fantasy 5 de California. Adem\u00e1s, aprende sobre las reglas, pagos, probabilidades, y m\u00e1s.\" \/>\n<meta property=\"og:url\" content=\"https:\/\/www.lotterycritic.com\/es\/resultados-loteria\/california\/fantasy-5\/\" \/>\n<meta property=\"og:site_name\" content=\"Lottery Critic\" \/>\n<meta property=\"article:modified_time\" content=\"2023-08-11T11:42:14+00:00\" \/>\n<meta name=\"twitter:card\" content=\"summary_large_image\" \/>\n<meta name=\"twitter:label1\" content=\"Tiempo de lectura\" \/>\n\t<meta name=\"twitter:data1\" content=\"2 minutos\" \/>\n<script type=\"application\/ld+json\" class=\"yoast-schema-graph\">{\"@context\":\"https:\/\/schema.org\",\"@graph\":[{\"@type\":\"WebPage\",\"@id\":\"https:\/\/www.lotterycritic.com\/es\/resultados-loteria\/california\/fantasy-5\/\",\"url\":\"https:\/\/www.lotterycritic.com\/es\/resultados-loteria\/california\/fantasy-5\/\",\"name\":\"Fantasy 5 de California (CA): Resultados y N\u00fameros Ganadores [Anoche + Hoy]\",\"isPartOf\":{\"@id\":\"https:\/\/www.lotterycritic.com\/es\/#website\"},\"datePublished\":\"2023-07-12T02:14:17+00:00\",\"dateModified\":\"2023-08-11T11:42:14+00:00\",\"description\":\"Encuentre los resultados m\u00e1s recientes, n\u00fameros ganadores y montos del premio mayor para el Fantasy 5 de California. Adem\u00e1s, aprende sobre las reglas, pagos, probabilidades, y m\u00e1s.\",\"breadcrumb\":{\"@id\":\"https:\/\/www.lotterycritic.com\/es\/resultados-loteria\/california\/fantasy-5\/#breadcrumb\"},\"inLanguage\":\"es\",\"potentialAction\":[{\"@type\":\"ReadAction\",\"target\":[\"https:\/\/www.lotterycritic.com\/es\/resultados-loteria\/california\/fantasy-5\/\"]}]},{\"@type\":\"BreadcrumbList\",\"@id\":\"https:\/\/www.lotterycritic.com\/es\/resultados-loteria\/california\/fantasy-5\/#breadcrumb\",\"itemListElement\":[{\"@type\":\"ListItem\",\"position\":1,\"name\":\"Home\",\"item\":\"https:\/\/www.lotterycritic.com\/es\/\"},{\"@type\":\"ListItem\",\"position\":2,\"name\":\"Resultados de La Loter\u00eda Americana &#8211; Los \u00daltimos N\u00fameros Ganadores de La Loter\u00eda de Estados Unidos\",\"item\":\"https:\/\/www.lotterycritic.com\/es\/resultados-loteria\/\"},{\"@type\":\"ListItem\",\"position\":3,\"name\":\"Resultados de La Loter\u00eda de California (CA) &#8211; Comprueba Los N\u00fameros Ganadores de Hoy En California\",\"item\":\"https:\/\/www.lotterycritic.com\/es\/resultados-loteria\/california\/\"},{\"@type\":\"ListItem\",\"position\":4,\"name\":\"Resultados del Fantasy 5 de California (CA) y N\u00fameros Ganadores [Anoche + Hoy]\"}]},{\"@type\":\"WebSite\",\"@id\":\"https:\/\/www.lotterycritic.com\/es\/#website\",\"url\":\"https:\/\/www.lotterycritic.com\/es\/\",\"name\":\"Lottery Critic\",\"description\":\"Your Guide to Lottery Results, Winning Numbers &amp; More\u2026\",\"potentialAction\":[{\"@type\":\"SearchAction\",\"target\":{\"@type\":\"EntryPoint\",\"urlTemplate\":\"https:\/\/www.lotterycritic.com\/es\/?s={search_term_string}\"},\"query-input\":{\"@type\":\"PropertyValueSpecification\",\"valueRequired\":true,\"valueName\":\"search_term_string\"}}],\"inLanguage\":\"es\"}]}<\/script>\n<!-- \/ Yoast SEO plugin. -->","yoast_head_json":{"title":"Fantasy 5 de California (CA): Resultados y N\u00fameros Ganadores [Anoche + Hoy]","description":"Encuentre los resultados m\u00e1s recientes, n\u00fameros ganadores y montos del premio mayor para el Fantasy 5 de California. Adem\u00e1s, aprende sobre las reglas, pagos, probabilidades, y m\u00e1s.","robots":{"index":"index","follow":"follow","max-snippet":"max-snippet:-1","max-image-preview":"max-image-preview:large","max-video-preview":"max-video-preview:-1"},"canonical":"https:\/\/www.lotterycritic.com\/es\/resultados-loteria\/california\/fantasy-5\/","og_locale":"es_ES","og_type":"article","og_title":"Fantasy 5 de California (CA): Resultados y N\u00fameros Ganadores [Anoche + Hoy]","og_description":"Encuentre los resultados m\u00e1s recientes, n\u00fameros ganadores y montos del premio mayor para el Fantasy 5 de California. Adem\u00e1s, aprende sobre las reglas, pagos, probabilidades, y m\u00e1s.","og_url":"https:\/\/www.lotterycritic.com\/es\/resultados-loteria\/california\/fantasy-5\/","og_site_name":"Lottery Critic","article_modified_time":"2023-08-11T11:42:14+00:00","twitter_card":"summary_large_image","twitter_misc":{"Tiempo de lectura":"2 minutos"},"schema":{"@context":"https:\/\/schema.org","@graph":[{"@type":"WebPage","@id":"https:\/\/www.lotterycritic.com\/es\/resultados-loteria\/california\/fantasy-5\/","url":"https:\/\/www.lotterycritic.com\/es\/resultados-loteria\/california\/fantasy-5\/","name":"Fantasy 5 de California (CA): Resultados y N\u00fameros Ganadores [Anoche + Hoy]","isPartOf":{"@id":"https:\/\/www.lotterycritic.com\/es\/#website"},"datePublished":"2023-07-12T02:14:17+00:00","dateModified":"2023-08-11T11:42:14+00:00","description":"Encuentre los resultados m\u00e1s recientes, n\u00fameros ganadores y montos del premio mayor para el Fantasy 5 de California. Adem\u00e1s, aprende sobre las reglas, pagos, probabilidades, y m\u00e1s.","breadcrumb":{"@id":"https:\/\/www.lotterycritic.com\/es\/resultados-loteria\/california\/fantasy-5\/#breadcrumb"},"inLanguage":"es","potentialAction":[{"@type":"ReadAction","target":["https:\/\/www.lotterycritic.com\/es\/resultados-loteria\/california\/fantasy-5\/"]}]},{"@type":"BreadcrumbList","@id":"https:\/\/www.lotterycritic.com\/es\/resultados-loteria\/california\/fantasy-5\/#breadcrumb","itemListElement":[{"@type":"ListItem","position":1,"name":"Home","item":"https:\/\/www.lotterycritic.com\/es\/"},{"@type":"ListItem","position":2,"name":"Resultados de La Loter\u00eda Americana &#8211; Los \u00daltimos N\u00fameros Ganadores de La Loter\u00eda de Estados Unidos","item":"https:\/\/www.lotterycritic.com\/es\/resultados-loteria\/"},{"@type":"ListItem","position":3,"name":"Resultados de La Loter\u00eda de California (CA) &#8211; Comprueba Los N\u00fameros Ganadores de Hoy En California","item":"https:\/\/www.lotterycritic.com\/es\/resultados-loteria\/california\/"},{"@type":"ListItem","position":4,"name":"Resultados del Fantasy 5 de California (CA) y N\u00fameros Ganadores [Anoche + Hoy]"}]},{"@type":"WebSite","@id":"https:\/\/www.lotterycritic.com\/es\/#website","url":"https:\/\/www.lotterycritic.com\/es\/","name":"Lottery Critic","description":"Your Guide to Lottery Results, Winning Numbers &amp; More\u2026","potentialAction":[{"@type":"SearchAction","target":{"@type":"EntryPoint","urlTemplate":"https:\/\/www.lotterycritic.com\/es\/?s={search_term_string}"},"query-input":{"@type":"PropertyValueSpecification","valueRequired":true,"valueName":"search_term_string"}}],"inLanguage":"es"}]}},"_links":{"self":[{"href":"https:\/\/www.lotterycritic.com\/es\/wp-json\/wp\/v2\/pages\/13782"}],"collection":[{"href":"https:\/\/www.lotterycritic.com\/es\/wp-json\/wp\/v2\/pages"}],"about":[{"href":"https:\/\/www.lotterycritic.com\/es\/wp-json\/wp\/v2\/types\/page"}],"author":[{"embeddable":true,"href":"https:\/\/www.lotterycritic.com\/es\/wp-json\/wp\/v2\/users\/2"}],"replies":[{"embeddable":true,"href":"https:\/\/www.lotterycritic.com\/es\/wp-json\/wp\/v2\/comments?post=13782"}],"version-history":[{"count":4,"href":"https:\/\/www.lotterycritic.com\/es\/wp-json\/wp\/v2\/pages\/13782\/revisions"}],"predecessor-version":[{"id":13967,"href":"https:\/\/www.lotterycritic.com\/es\/wp-json\/wp\/v2\/pages\/13782\/revisions\/13967"}],"up":[{"embeddable":true,"href":"https:\/\/www.lotterycritic.com\/es\/wp-json\/wp\/v2\/pages\/13766"}],"wp:attachment":[{"href":"https:\/\/www.lotterycritic.com\/es\/wp-json\/wp\/v2\/media?parent=13782"}],"curies":[{"name":"wp","href":"https:\/\/api.w.org\/{rel}","templated":true}]}}