{"id":13775,"date":"2023-07-11T00:14:49","date_gmt":"2023-07-11T00:14:49","guid":{"rendered":"https:\/\/www.lotterycritic.com\/resultados-loteria\/california\/resultados-del-daily-3-de-la-loteria-de-california-ca-numeros-ganadores-noche-mediodia\/"},"modified":"2023-08-11T11:39:52","modified_gmt":"2023-08-11T11:39:52","slug":"daily-3","status":"publish","type":"page","link":"https:\/\/www.lotterycritic.com\/es\/resultados-loteria\/california\/daily-3\/","title":{"rendered":"Resultados del Daily 3 de California (CA) y N\u00fameros Ganadores de Hoy [Noche+D\u00eda]"},"content":{"rendered":"<p><section><div class=\"section-anchor\" id=\"c--mo-jugar\"><\/div><\/p>\n<h2>C\u00f3mo jugar al Daily 3 de California<\/h2>\n<p>El Daily 3 se juega dos veces al d\u00eda, d\u00e1ndole m\u00e1s posibilidades de ganar. Solo necesita selecciones 3 n\u00fameros del 0 al 9, y luego, escoger un estilo de juego y calendario de sorteo.<\/p>\n<p>Sus probabilidades de ganar dependen del estilo de juego que elija:<\/p>\n<ul>\n<li><strong>Straight:<\/strong> Deber\u00e1 acertar los n\u00fameros ganadores en el orden exacto. Probabilidades: 1 en 1,000.<\/li>\n<li><strong>Box:<\/strong> Puede coincidir en los n\u00fameros ganadores en cualquier orden. Probabilidades: 1 en 333.<\/li>\n<li><strong>Straight\/Box: <\/strong>Su apuesta se reparte equitativamente entre las opciones Straight y Box. Acertar los n\u00fameros ganadores en el orden exacto, por ejemplo, le otorga la mitad del premio correspondiente, ya sea Straight o Box. Si coincide en los n\u00fameros en cualquier orden, por otro lado, se lleva la mitad del premio para el estilo de juego Box. Probabilidades: 1 en 333.<\/li>\n<\/ul>\n<p>\n<\/section><\/p>\n<p><section><div class=\"section-anchor\" id=\"calendario-de-sorteos\"><\/div><\/p>\n<h2>Calendario de sorteos para el Daily 3 de California<\/h2>\n<p>El Daily 3 tiene sorteos diarios al mediod\u00eda (1 PM PST) y en la noche (6:30 PM PST). Dichos sorteos suceden justo despu\u00e9s de cerrar las ventas, por lo que puede comprar billetes hasta las 12:59 PM o 6:29 PM PST. Por otra parte, los <a href=\"https:\/\/www.lotterycritic.com\/es\/resultados-loteria\/california\/superlotto-plus\/\">resultados del Super Lotto<\/a> se conocen cada mi\u00e9rcoles y s\u00e1bado.<\/p>\n<p>\n<\/section><\/p>\n<p><section><div class=\"section-anchor\" id=\"pago-del-daily-3\"><\/div><\/p>\n<h2>Pago del Daily 3 de la Loter\u00eda de California<\/h2>\n<p>El pago del Daily 3 depende de la cantidad de su apuesta y el estilo de juego elegido.<\/p>\n<p>\n<\/section><\/p>\n<p><section><div class=\"section-anchor\" id=\"estrategia-para-el-daily-3\"><\/div><\/p>\n<h2>Estrategia para el Daily 3 de California<\/h2>\n<p>Eche un vistazo a nuestra completa gu\u00eda sobre estrategias para el Pick 3, que aplican tambi\u00e9n para el Daily 3 de California, para ayudarle a incrementar sus probabilidades de ganar. Descubra m\u00e1s <a href=\"https:\/\/www.lotterycritic.com\/es\/resultados-loteria\/california\/\">Resultados y Premios de la Loter\u00eda de California<\/a> para diferentes juegos.<\/p>\n<p>\n<\/section><\/p>\n<p>&nbsp;<\/p>\n","protected":false},"excerpt":{"rendered":"<p>&nbsp;<\/p>\n","protected":false},"author":2,"featured_media":0,"parent":13766,"menu_order":3,"comment_status":"closed","ping_status":"closed","template":"lottery-results-game-child-template.php","meta":{"footnotes":""},"class_list":["post-13775","page","type-page","status-publish","hentry"],"acf":[],"yoast_head":"<!-- This site is optimized with the Yoast SEO plugin v23.4 - https:\/\/yoast.com\/wordpress\/plugins\/seo\/ -->\n<title>Daily 3 de California (CA): Resultados y N\u00fameros Ganadores Hoy [Noche+D\u00eda]<\/title>\n<meta name=\"description\" content=\"Todo lo que necesita saber sobre la loter\u00eda Daily 3 de California. Los \u00faltimos y anteriores resultados, n\u00fameros ganadores, reglas, pagos, probabilidades, y m\u00e1s.\" \/>\n<meta name=\"robots\" content=\"index, follow, max-snippet:-1, max-image-preview:large, max-video-preview:-1\" \/>\n<link rel=\"canonical\" href=\"https:\/\/www.lotterycritic.com\/es\/resultados-loteria\/california\/daily-3\/\" \/>\n<meta property=\"og:locale\" content=\"es_ES\" \/>\n<meta property=\"og:type\" content=\"article\" \/>\n<meta property=\"og:title\" content=\"Daily 3 de California (CA): Resultados y N\u00fameros Ganadores Hoy [Noche+D\u00eda]\" \/>\n<meta property=\"og:description\" content=\"Todo lo que necesita saber sobre la loter\u00eda Daily 3 de California. Los \u00faltimos y anteriores resultados, n\u00fameros ganadores, reglas, pagos, probabilidades, y m\u00e1s.\" \/>\n<meta property=\"og:url\" content=\"https:\/\/www.lotterycritic.com\/es\/resultados-loteria\/california\/daily-3\/\" \/>\n<meta property=\"og:site_name\" content=\"Lottery Critic\" \/>\n<meta property=\"article:modified_time\" content=\"2023-08-11T11:39:52+00:00\" \/>\n<meta name=\"twitter:card\" content=\"summary_large_image\" \/>\n<meta name=\"twitter:label1\" content=\"Tiempo de lectura\" \/>\n\t<meta name=\"twitter:data1\" content=\"2 minutos\" \/>\n<script type=\"application\/ld+json\" class=\"yoast-schema-graph\">{\"@context\":\"https:\/\/schema.org\",\"@graph\":[{\"@type\":\"WebPage\",\"@id\":\"https:\/\/www.lotterycritic.com\/es\/resultados-loteria\/california\/daily-3\/\",\"url\":\"https:\/\/www.lotterycritic.com\/es\/resultados-loteria\/california\/daily-3\/\",\"name\":\"Daily 3 de California (CA): Resultados y N\u00fameros Ganadores Hoy [Noche+D\u00eda]\",\"isPartOf\":{\"@id\":\"https:\/\/www.lotterycritic.com\/es\/#website\"},\"datePublished\":\"2023-07-11T00:14:49+00:00\",\"dateModified\":\"2023-08-11T11:39:52+00:00\",\"description\":\"Todo lo que necesita saber sobre la loter\u00eda Daily 3 de California. Los \u00faltimos y anteriores resultados, n\u00fameros ganadores, reglas, pagos, probabilidades, y m\u00e1s.\",\"breadcrumb\":{\"@id\":\"https:\/\/www.lotterycritic.com\/es\/resultados-loteria\/california\/daily-3\/#breadcrumb\"},\"inLanguage\":\"es\",\"potentialAction\":[{\"@type\":\"ReadAction\",\"target\":[\"https:\/\/www.lotterycritic.com\/es\/resultados-loteria\/california\/daily-3\/\"]}]},{\"@type\":\"BreadcrumbList\",\"@id\":\"https:\/\/www.lotterycritic.com\/es\/resultados-loteria\/california\/daily-3\/#breadcrumb\",\"itemListElement\":[{\"@type\":\"ListItem\",\"position\":1,\"name\":\"Home\",\"item\":\"https:\/\/www.lotterycritic.com\/es\/\"},{\"@type\":\"ListItem\",\"position\":2,\"name\":\"Resultados de La Loter\u00eda Americana &#8211; Los \u00daltimos N\u00fameros Ganadores de La Loter\u00eda de Estados Unidos\",\"item\":\"https:\/\/www.lotterycritic.com\/es\/resultados-loteria\/\"},{\"@type\":\"ListItem\",\"position\":3,\"name\":\"Resultados de La Loter\u00eda de California (CA) &#8211; Comprueba Los N\u00fameros Ganadores de Hoy En California\",\"item\":\"https:\/\/www.lotterycritic.com\/es\/resultados-loteria\/california\/\"},{\"@type\":\"ListItem\",\"position\":4,\"name\":\"Resultados del Daily 3 de California (CA) y N\u00fameros Ganadores de Hoy [Noche+D\u00eda]\"}]},{\"@type\":\"WebSite\",\"@id\":\"https:\/\/www.lotterycritic.com\/es\/#website\",\"url\":\"https:\/\/www.lotterycritic.com\/es\/\",\"name\":\"Lottery Critic\",\"description\":\"Your Guide to Lottery Results, Winning Numbers &amp; More\u2026\",\"potentialAction\":[{\"@type\":\"SearchAction\",\"target\":{\"@type\":\"EntryPoint\",\"urlTemplate\":\"https:\/\/www.lotterycritic.com\/es\/?s={search_term_string}\"},\"query-input\":{\"@type\":\"PropertyValueSpecification\",\"valueRequired\":true,\"valueName\":\"search_term_string\"}}],\"inLanguage\":\"es\"}]}<\/script>\n<!-- \/ Yoast SEO plugin. -->","yoast_head_json":{"title":"Daily 3 de California (CA): Resultados y N\u00fameros Ganadores Hoy [Noche+D\u00eda]","description":"Todo lo que necesita saber sobre la loter\u00eda Daily 3 de California. Los \u00faltimos y anteriores resultados, n\u00fameros ganadores, reglas, pagos, probabilidades, y m\u00e1s.","robots":{"index":"index","follow":"follow","max-snippet":"max-snippet:-1","max-image-preview":"max-image-preview:large","max-video-preview":"max-video-preview:-1"},"canonical":"https:\/\/www.lotterycritic.com\/es\/resultados-loteria\/california\/daily-3\/","og_locale":"es_ES","og_type":"article","og_title":"Daily 3 de California (CA): Resultados y N\u00fameros Ganadores Hoy [Noche+D\u00eda]","og_description":"Todo lo que necesita saber sobre la loter\u00eda Daily 3 de California. Los \u00faltimos y anteriores resultados, n\u00fameros ganadores, reglas, pagos, probabilidades, y m\u00e1s.","og_url":"https:\/\/www.lotterycritic.com\/es\/resultados-loteria\/california\/daily-3\/","og_site_name":"Lottery Critic","article_modified_time":"2023-08-11T11:39:52+00:00","twitter_card":"summary_large_image","twitter_misc":{"Tiempo de lectura":"2 minutos"},"schema":{"@context":"https:\/\/schema.org","@graph":[{"@type":"WebPage","@id":"https:\/\/www.lotterycritic.com\/es\/resultados-loteria\/california\/daily-3\/","url":"https:\/\/www.lotterycritic.com\/es\/resultados-loteria\/california\/daily-3\/","name":"Daily 3 de California (CA): Resultados y N\u00fameros Ganadores Hoy [Noche+D\u00eda]","isPartOf":{"@id":"https:\/\/www.lotterycritic.com\/es\/#website"},"datePublished":"2023-07-11T00:14:49+00:00","dateModified":"2023-08-11T11:39:52+00:00","description":"Todo lo que necesita saber sobre la loter\u00eda Daily 3 de California. Los \u00faltimos y anteriores resultados, n\u00fameros ganadores, reglas, pagos, probabilidades, y m\u00e1s.","breadcrumb":{"@id":"https:\/\/www.lotterycritic.com\/es\/resultados-loteria\/california\/daily-3\/#breadcrumb"},"inLanguage":"es","potentialAction":[{"@type":"ReadAction","target":["https:\/\/www.lotterycritic.com\/es\/resultados-loteria\/california\/daily-3\/"]}]},{"@type":"BreadcrumbList","@id":"https:\/\/www.lotterycritic.com\/es\/resultados-loteria\/california\/daily-3\/#breadcrumb","itemListElement":[{"@type":"ListItem","position":1,"name":"Home","item":"https:\/\/www.lotterycritic.com\/es\/"},{"@type":"ListItem","position":2,"name":"Resultados de La Loter\u00eda Americana &#8211; Los \u00daltimos N\u00fameros Ganadores de La Loter\u00eda de Estados Unidos","item":"https:\/\/www.lotterycritic.com\/es\/resultados-loteria\/"},{"@type":"ListItem","position":3,"name":"Resultados de La Loter\u00eda de California (CA) &#8211; Comprueba Los N\u00fameros Ganadores de Hoy En California","item":"https:\/\/www.lotterycritic.com\/es\/resultados-loteria\/california\/"},{"@type":"ListItem","position":4,"name":"Resultados del Daily 3 de California (CA) y N\u00fameros Ganadores de Hoy [Noche+D\u00eda]"}]},{"@type":"WebSite","@id":"https:\/\/www.lotterycritic.com\/es\/#website","url":"https:\/\/www.lotterycritic.com\/es\/","name":"Lottery Critic","description":"Your Guide to Lottery Results, Winning Numbers &amp; More\u2026","potentialAction":[{"@type":"SearchAction","target":{"@type":"EntryPoint","urlTemplate":"https:\/\/www.lotterycritic.com\/es\/?s={search_term_string}"},"query-input":{"@type":"PropertyValueSpecification","valueRequired":true,"valueName":"search_term_string"}}],"inLanguage":"es"}]}},"_links":{"self":[{"href":"https:\/\/www.lotterycritic.com\/es\/wp-json\/wp\/v2\/pages\/13775"}],"collection":[{"href":"https:\/\/www.lotterycritic.com\/es\/wp-json\/wp\/v2\/pages"}],"about":[{"href":"https:\/\/www.lotterycritic.com\/es\/wp-json\/wp\/v2\/types\/page"}],"author":[{"embeddable":true,"href":"https:\/\/www.lotterycritic.com\/es\/wp-json\/wp\/v2\/users\/2"}],"replies":[{"embeddable":true,"href":"https:\/\/www.lotterycritic.com\/es\/wp-json\/wp\/v2\/comments?post=13775"}],"version-history":[{"count":6,"href":"https:\/\/www.lotterycritic.com\/es\/wp-json\/wp\/v2\/pages\/13775\/revisions"}],"predecessor-version":[{"id":13971,"href":"https:\/\/www.lotterycritic.com\/es\/wp-json\/wp\/v2\/pages\/13775\/revisions\/13971"}],"up":[{"embeddable":true,"href":"https:\/\/www.lotterycritic.com\/es\/wp-json\/wp\/v2\/pages\/13766"}],"wp:attachment":[{"href":"https:\/\/www.lotterycritic.com\/es\/wp-json\/wp\/v2\/media?parent=13775"}],"curies":[{"name":"wp","href":"https:\/\/api.w.org\/{rel}","templated":true}]}}