{"id":13749,"date":"2023-07-07T00:27:14","date_gmt":"2023-07-07T00:27:14","guid":{"rendered":"https:\/\/www.lotterycritic.com\/resultados-loteria\/resultados-de-la-loteria-de-arkansas-ar-revise-los-numeros-ganadores-de-la-loteria-de-arkansas-de-esta-noche\/resultados-del-cash-4-de-la-loteria-de-arkansas-noche-mediodia-y-numeros-ganadores\/"},"modified":"2023-08-11T13:27:22","modified_gmt":"2023-08-11T13:27:22","slug":"cash-4","status":"publish","type":"page","link":"https:\/\/www.lotterycritic.com\/es\/resultados-loteria\/arkansas\/cash-4\/","title":{"rendered":"Resultados del Cash 4 de Arkansas (AR) y N\u00fameros Ganadores de Hoy [Noche + D\u00eda]"},"content":{"rendered":"<p><section><div class=\"section-anchor\" id=\"c--mo-jugar\"><\/div><\/p>\n<h2><span style=\"font-weight: 400;\">C\u00f3mo jugar al Cash 4 de la Loter\u00eda de Arkansas<\/span><\/h2>\n<p>El Cash 4 de Arkansas se juega dos veces al d\u00eda. Cada sorteo tiene un premio mayor de $5,000, pero el premio m\u00e1ximo depende de la apuesta y el estilo de juego elegido.<\/p>\n<p>Para jugar, tendr\u00e1 que escoger 4 n\u00fameros (cada uno del 0 al 9), seleccionar un calendario de sorteo (mediod\u00eda o noche), y escoger de entre los siguientes estilos de juego:<\/p>\n<ul>\n<li><b>Straight:<\/b><span style=\"font-weight: 400;\"> Tendr\u00e1 que coincidir los n\u00fameros en el orden exacto.<\/span><\/li>\n<li><b>Box:<\/b><span style=\"font-weight: 400;\"> Puede acertar los n\u00fameros ganadores en cualquier orden.<\/span><\/li>\n<li><b>Straight \/ Box:<\/b><span style=\"font-weight: 400;\"> Puede acertar los n\u00fameros ganadores en cualquier orden o en un orden exacto.<\/span><\/li>\n<li><b>Combo: <\/b><span style=\"font-weight: 400;\">Puede jugar apuestas Straight para todas las combinaciones posibles de los n\u00fameros elegidos, lo que aumenta sus posibilidades de ganar.<\/span><\/li>\n<\/ul>\n<p>\n<\/section><\/p>\n<p><section><div class=\"section-anchor\" id=\"calendario-de-sorteos\"><\/div><\/p>\n<h2><span style=\"font-weight: 400;\">Calendario de sorteos para el Cash 4 de Arkansas<\/span><\/h2>\n<p>El Cash 4 se sortea dos veces al d\u00eda, a excepci\u00f3n de los domingos (donde se juega solo el sorteo de la noche). El sorteo del Mediod\u00eda tiene lugar a las <span style=\"font-weight: 400;\">12:59 PM todos los d\u00edas, exceptuando domingo, mientras que los sorteos de la Noche suceden a las 6:59 PM todos los d\u00edas. Puede conocer m\u00e1s <a href=\"https:\/\/www.lotterycritic.com\/es\/resultados-loteria\/arkansas\/\">resultados de la Loter\u00eda de Arkansas<\/a>.<\/span><\/p>\n<p>\n<\/section><\/p>\n<p><section><div class=\"section-anchor\" id=\"pagos-y-probabilidades\"><\/div><\/p>\n<h2><span style=\"font-weight: 400;\">Pagos y Probabilidades de ganar el Cash 4 de Arkansas<\/span><\/h2>\n<table>\n<tbody>\n<tr>\n<td><b>Estilo de juego<\/b><\/td>\n<td><b>Selecci\u00f3n<\/b><\/td>\n<td><b>Coincidencia<\/b><\/td>\n<td><b>Premio apostando $0.50<\/b><\/td>\n<td><b>Premio apostando $1<\/b><\/td>\n<td><b>Probabilidades<\/b><\/td>\n<\/tr>\n<tr>\n<td><span style=\"font-weight: 400;\">Straight<\/span><\/td>\n<td><span style=\"font-weight: 400;\">4 d\u00edgitos cualquiera<\/span><\/td>\n<td><span style=\"font-weight: 400;\">4 d\u00edgitos en el orden exacto<\/span><\/td>\n<td><span style=\"font-weight: 400;\">$2,500<\/span><\/td>\n<td><span style=\"font-weight: 400;\">$5,000<\/span><\/td>\n<td><span style=\"font-weight: 400;\">1 en 10,000<\/span><\/td>\n<\/tr>\n<tr>\n<td><span style=\"font-weight: 400;\">Box: 4-Way<\/span><\/td>\n<td><span style=\"font-weight: 400;\">3 del mismo n\u00famero y 1 n\u00famero diferente<\/span><\/td>\n<td><span style=\"font-weight: 400;\">4 d\u00edgitos en cualquier orden<\/span><\/td>\n<td><span style=\"font-weight: 400;\">$600<\/span><\/td>\n<td><span style=\"font-weight: 400;\">$1,200<\/span><\/td>\n<td><span style=\"font-weight: 400;\">1 en 2,500<\/span><\/td>\n<\/tr>\n<tr>\n<td><span style=\"font-weight: 400;\">Box: 6-Way<\/span><\/td>\n<td><span style=\"font-weight: 400;\">2 pares diferentes<\/span><\/td>\n<td><span style=\"font-weight: 400;\">4 d\u00edgitos en cualquier orden<\/span><\/td>\n<td><span style=\"font-weight: 400;\">$400<\/span><\/td>\n<td><span style=\"font-weight: 400;\">$800<\/span><\/td>\n<td><span style=\"font-weight: 400;\">1 en 1,667<\/span><\/td>\n<\/tr>\n<tr>\n<td><span style=\"font-weight: 400;\">Box: 12-Way<\/span><\/td>\n<td><span style=\"font-weight: 400;\">1 par de n\u00fameros y 2 n\u00fameros distintos<\/span><\/td>\n<td><span style=\"font-weight: 400;\">4 d\u00edgitos en cualquier orden<\/span><\/td>\n<td><span style=\"font-weight: 400;\">$200<\/span><\/td>\n<td><span style=\"font-weight: 400;\">$400<\/span><\/td>\n<td><span style=\"font-weight: 400;\">1 en 833<\/span><\/td>\n<\/tr>\n<tr>\n<td><span style=\"font-weight: 400;\">Box: 24-Way<\/span><\/td>\n<td><span style=\"font-weight: 400;\">4 n\u00fameros distintos cualquiera<\/span><\/td>\n<td><span style=\"font-weight: 400;\">4 d\u00edgitos en cualquier orden<\/span><\/td>\n<td><span style=\"font-weight: 400;\">$100<\/span><\/td>\n<td><span style=\"font-weight: 400;\">$200<\/span><\/td>\n<td><span style=\"font-weight: 400;\">1 en 417<\/span><\/td>\n<\/tr>\n<tr>\n<td><span style=\"font-weight: 400;\">Straight\/Box: 24-Way<\/span><\/td>\n<td><span style=\"font-weight: 400;\">4 n\u00fameros distintos cualquiera<\/span><\/td>\n<td><span style=\"font-weight: 400;\">4 d\u00edgitos en cualquier orden o en orden exacto<\/span><\/td>\n<td><\/td>\n<td><span style=\"font-weight: 400;\">$2600 (orden exacto)<\/span><span style=\"font-weight: 400;\"><br \/>\n<\/span><span style=\"font-weight: 400;\">$100 (cualquier orden)<\/span><\/td>\n<td><span style=\"font-weight: 400;\">1 en 10,000<\/span><span style=\"font-weight: 400;\"><br \/>\n<\/span><span style=\"font-weight: 400;\">1 en 417<\/span><\/td>\n<\/tr>\n<tr>\n<td><span style=\"font-weight: 400;\">Straight\/Box: 12-Way<\/span><\/td>\n<td><span style=\"font-weight: 400;\">1 par de n\u00fameros y 2 n\u00fameros distintos<\/span><\/td>\n<td><span style=\"font-weight: 400;\">4 d\u00edgitos en cualquier orden o en orden exacto<\/span><\/td>\n<td><\/td>\n<td><span style=\"font-weight: 400;\">$2,700 (orden exacto)<\/span><span style=\"font-weight: 400;\"><br \/>\n<\/span><span style=\"font-weight: 400;\">$200 (cualquier orden)<\/span><\/td>\n<td><span style=\"font-weight: 400;\">1 en 10,000<\/span><span style=\"font-weight: 400;\"><br \/>\n<\/span><span style=\"font-weight: 400;\">1 en 833<\/span><\/td>\n<\/tr>\n<tr>\n<td><span style=\"font-weight: 400;\">Straight\/Box: 6-Way<\/span><\/td>\n<td><span style=\"font-weight: 400;\">2 pares diferentes<\/span><\/td>\n<td><span style=\"font-weight: 400;\">4 d\u00edgitos en cualquier orden o en orden exacto<\/span><\/td>\n<td><\/td>\n<td><span style=\"font-weight: 400;\">$2,900 (orden exacto)<\/span><span style=\"font-weight: 400;\"><br \/>\n<\/span><span style=\"font-weight: 400;\">$400 (cualquier orden)<\/span><\/td>\n<td><span style=\"font-weight: 400;\">1 en 10,000<\/span><span style=\"font-weight: 400;\"><br \/>\n<\/span><span style=\"font-weight: 400;\">1 en 1,667<\/span><\/td>\n<\/tr>\n<tr>\n<td><span style=\"font-weight: 400;\">Straight\/Box: 4-Way<\/span><\/td>\n<td><span style=\"font-weight: 400;\">3 del mismo n\u00famero y 1 n\u00famero diferente<\/span><\/td>\n<td><span style=\"font-weight: 400;\">4 d\u00edgitos en cualquier orden o en orden exacto<\/span><\/td>\n<td><\/td>\n<td><span style=\"font-weight: 400;\">$3,100 (orden exacto)<\/span><span style=\"font-weight: 400;\"><br \/>\n<\/span><span style=\"font-weight: 400;\">$600 (cualquier orden)<\/span><\/td>\n<td><span style=\"font-weight: 400;\">1 en 10,000<\/span><span style=\"font-weight: 400;\"><br \/>\n<\/span><span style=\"font-weight: 400;\">1 en 2,500<\/span><\/td>\n<\/tr>\n<tr>\n<td><span style=\"font-weight: 400;\">Combo: 24-Way<\/span><\/td>\n<td><span style=\"font-weight: 400;\">4 n\u00fameros distintos cualquiera<\/span><\/td>\n<td><span style=\"font-weight: 400;\">4 d\u00edgitos en el orden exacto<\/span><\/td>\n<td><\/td>\n<td><span style=\"font-weight: 400;\">$5000<\/span><\/td>\n<td><span style=\"font-weight: 400;\">1 en 417<\/span><\/td>\n<\/tr>\n<tr>\n<td><span style=\"font-weight: 400;\">Combo: 12-Way<\/span><\/td>\n<td><span style=\"font-weight: 400;\">1 par de n\u00fameros y 2 n\u00fameros distintos<\/span><\/td>\n<td><span style=\"font-weight: 400;\">4 d\u00edgitos en el orden exacto<\/span><\/td>\n<td><\/td>\n<td><span style=\"font-weight: 400;\">$5000<\/span><\/td>\n<td><span style=\"font-weight: 400;\">1 en 833<\/span><\/td>\n<\/tr>\n<tr>\n<td><span style=\"font-weight: 400;\">Combo: 6-Way<\/span><\/td>\n<td><span style=\"font-weight: 400;\">2 pares diferentes<\/span><\/td>\n<td><span style=\"font-weight: 400;\">4 d\u00edgitos en el orden exacto<\/span><\/td>\n<td><\/td>\n<td><span style=\"font-weight: 400;\">$5000<\/span><\/td>\n<td><span style=\"font-weight: 400;\">1 en 1,667<\/span><\/td>\n<\/tr>\n<tr>\n<td><span style=\"font-weight: 400;\">Combo: 4-Way<\/span><\/td>\n<td><span style=\"font-weight: 400;\">3 del mismo n\u00famero y 1 n\u00famero diferente<\/span><\/td>\n<td><span style=\"font-weight: 400;\">4 d\u00edgitos en el orden exacto<\/span><\/td>\n<td><\/td>\n<td><span style=\"font-weight: 400;\">$5000<\/span><\/td>\n<td><span style=\"font-weight: 400;\">1 en 2,500<\/span><\/td>\n<\/tr>\n<\/tbody>\n<\/table>\n<p>\n<\/section><\/p>\n","protected":false},"excerpt":{"rendered":"","protected":false},"author":2,"featured_media":0,"parent":13744,"menu_order":2,"comment_status":"closed","ping_status":"closed","template":"lottery-results-game-child-template.php","meta":{"footnotes":""},"class_list":["post-13749","page","type-page","status-publish","hentry"],"acf":[],"yoast_head":"<!-- This site is optimized with the Yoast SEO plugin v23.4 - https:\/\/yoast.com\/wordpress\/plugins\/seo\/ -->\n<title>Cash 4 de Arkansas (AR): Resultados y N\u00fameros Ganadores de Hoy [Noche+D\u00eda]<\/title>\n<meta name=\"description\" content=\"Conozca los resultados m\u00e1s recientes y pasados, n\u00fameros ganadores y cantidad de premio mayor para el juego Cash 4 de la Loter\u00eda de Arkansas. Adem\u00e1s, aprende sobre sus reglas, pagos, probabilidades, y m\u00e1s.\" \/>\n<meta name=\"robots\" content=\"index, follow, max-snippet:-1, max-image-preview:large, max-video-preview:-1\" \/>\n<link rel=\"canonical\" href=\"https:\/\/www.lotterycritic.com\/es\/resultados-loteria\/arkansas\/cash-4\/\" \/>\n<meta property=\"og:locale\" content=\"es_ES\" \/>\n<meta property=\"og:type\" content=\"article\" \/>\n<meta property=\"og:title\" content=\"Cash 4 de Arkansas (AR): Resultados y N\u00fameros Ganadores de Hoy [Noche+D\u00eda]\" \/>\n<meta property=\"og:description\" content=\"Conozca los resultados m\u00e1s recientes y pasados, n\u00fameros ganadores y cantidad de premio mayor para el juego Cash 4 de la Loter\u00eda de Arkansas. Adem\u00e1s, aprende sobre sus reglas, pagos, probabilidades, y m\u00e1s.\" \/>\n<meta property=\"og:url\" content=\"https:\/\/www.lotterycritic.com\/es\/resultados-loteria\/arkansas\/cash-4\/\" \/>\n<meta property=\"og:site_name\" content=\"Lottery Critic\" \/>\n<meta property=\"article:modified_time\" content=\"2023-08-11T13:27:22+00:00\" \/>\n<meta name=\"twitter:card\" content=\"summary_large_image\" \/>\n<meta name=\"twitter:label1\" content=\"Tiempo de lectura\" \/>\n\t<meta name=\"twitter:data1\" content=\"3 minutos\" \/>\n<script type=\"application\/ld+json\" class=\"yoast-schema-graph\">{\"@context\":\"https:\/\/schema.org\",\"@graph\":[{\"@type\":\"WebPage\",\"@id\":\"https:\/\/www.lotterycritic.com\/es\/resultados-loteria\/arkansas\/cash-4\/\",\"url\":\"https:\/\/www.lotterycritic.com\/es\/resultados-loteria\/arkansas\/cash-4\/\",\"name\":\"Cash 4 de Arkansas (AR): Resultados y N\u00fameros Ganadores de Hoy [Noche+D\u00eda]\",\"isPartOf\":{\"@id\":\"https:\/\/www.lotterycritic.com\/es\/#website\"},\"datePublished\":\"2023-07-07T00:27:14+00:00\",\"dateModified\":\"2023-08-11T13:27:22+00:00\",\"description\":\"Conozca los resultados m\u00e1s recientes y pasados, n\u00fameros ganadores y cantidad de premio mayor para el juego Cash 4 de la Loter\u00eda de Arkansas. Adem\u00e1s, aprende sobre sus reglas, pagos, probabilidades, y m\u00e1s.\",\"breadcrumb\":{\"@id\":\"https:\/\/www.lotterycritic.com\/es\/resultados-loteria\/arkansas\/cash-4\/#breadcrumb\"},\"inLanguage\":\"es\",\"potentialAction\":[{\"@type\":\"ReadAction\",\"target\":[\"https:\/\/www.lotterycritic.com\/es\/resultados-loteria\/arkansas\/cash-4\/\"]}]},{\"@type\":\"BreadcrumbList\",\"@id\":\"https:\/\/www.lotterycritic.com\/es\/resultados-loteria\/arkansas\/cash-4\/#breadcrumb\",\"itemListElement\":[{\"@type\":\"ListItem\",\"position\":1,\"name\":\"Home\",\"item\":\"https:\/\/www.lotterycritic.com\/es\/\"},{\"@type\":\"ListItem\",\"position\":2,\"name\":\"Resultados de La Loter\u00eda Americana &#8211; Los \u00daltimos N\u00fameros Ganadores de La Loter\u00eda de Estados Unidos\",\"item\":\"https:\/\/www.lotterycritic.com\/es\/resultados-loteria\/\"},{\"@type\":\"ListItem\",\"position\":3,\"name\":\"Resultados de La Loter\u00eda de Arkansas (AR) &#8211; Comprueba Los N\u00fameros Ganadores de Hoy En Arkansas\",\"item\":\"https:\/\/www.lotterycritic.com\/es\/resultados-loteria\/arkansas\/\"},{\"@type\":\"ListItem\",\"position\":4,\"name\":\"Resultados del Cash 4 de Arkansas (AR) y N\u00fameros Ganadores de Hoy [Noche + D\u00eda]\"}]},{\"@type\":\"WebSite\",\"@id\":\"https:\/\/www.lotterycritic.com\/es\/#website\",\"url\":\"https:\/\/www.lotterycritic.com\/es\/\",\"name\":\"Lottery Critic\",\"description\":\"Your Guide to Lottery Results, Winning Numbers &amp; More\u2026\",\"potentialAction\":[{\"@type\":\"SearchAction\",\"target\":{\"@type\":\"EntryPoint\",\"urlTemplate\":\"https:\/\/www.lotterycritic.com\/es\/?s={search_term_string}\"},\"query-input\":{\"@type\":\"PropertyValueSpecification\",\"valueRequired\":true,\"valueName\":\"search_term_string\"}}],\"inLanguage\":\"es\"}]}<\/script>\n<!-- \/ Yoast SEO plugin. -->","yoast_head_json":{"title":"Cash 4 de Arkansas (AR): Resultados y N\u00fameros Ganadores de Hoy [Noche+D\u00eda]","description":"Conozca los resultados m\u00e1s recientes y pasados, n\u00fameros ganadores y cantidad de premio mayor para el juego Cash 4 de la Loter\u00eda de Arkansas. Adem\u00e1s, aprende sobre sus reglas, pagos, probabilidades, y m\u00e1s.","robots":{"index":"index","follow":"follow","max-snippet":"max-snippet:-1","max-image-preview":"max-image-preview:large","max-video-preview":"max-video-preview:-1"},"canonical":"https:\/\/www.lotterycritic.com\/es\/resultados-loteria\/arkansas\/cash-4\/","og_locale":"es_ES","og_type":"article","og_title":"Cash 4 de Arkansas (AR): Resultados y N\u00fameros Ganadores de Hoy [Noche+D\u00eda]","og_description":"Conozca los resultados m\u00e1s recientes y pasados, n\u00fameros ganadores y cantidad de premio mayor para el juego Cash 4 de la Loter\u00eda de Arkansas. Adem\u00e1s, aprende sobre sus reglas, pagos, probabilidades, y m\u00e1s.","og_url":"https:\/\/www.lotterycritic.com\/es\/resultados-loteria\/arkansas\/cash-4\/","og_site_name":"Lottery Critic","article_modified_time":"2023-08-11T13:27:22+00:00","twitter_card":"summary_large_image","twitter_misc":{"Tiempo de lectura":"3 minutos"},"schema":{"@context":"https:\/\/schema.org","@graph":[{"@type":"WebPage","@id":"https:\/\/www.lotterycritic.com\/es\/resultados-loteria\/arkansas\/cash-4\/","url":"https:\/\/www.lotterycritic.com\/es\/resultados-loteria\/arkansas\/cash-4\/","name":"Cash 4 de Arkansas (AR): Resultados y N\u00fameros Ganadores de Hoy [Noche+D\u00eda]","isPartOf":{"@id":"https:\/\/www.lotterycritic.com\/es\/#website"},"datePublished":"2023-07-07T00:27:14+00:00","dateModified":"2023-08-11T13:27:22+00:00","description":"Conozca los resultados m\u00e1s recientes y pasados, n\u00fameros ganadores y cantidad de premio mayor para el juego Cash 4 de la Loter\u00eda de Arkansas. Adem\u00e1s, aprende sobre sus reglas, pagos, probabilidades, y m\u00e1s.","breadcrumb":{"@id":"https:\/\/www.lotterycritic.com\/es\/resultados-loteria\/arkansas\/cash-4\/#breadcrumb"},"inLanguage":"es","potentialAction":[{"@type":"ReadAction","target":["https:\/\/www.lotterycritic.com\/es\/resultados-loteria\/arkansas\/cash-4\/"]}]},{"@type":"BreadcrumbList","@id":"https:\/\/www.lotterycritic.com\/es\/resultados-loteria\/arkansas\/cash-4\/#breadcrumb","itemListElement":[{"@type":"ListItem","position":1,"name":"Home","item":"https:\/\/www.lotterycritic.com\/es\/"},{"@type":"ListItem","position":2,"name":"Resultados de La Loter\u00eda Americana &#8211; Los \u00daltimos N\u00fameros Ganadores de La Loter\u00eda de Estados Unidos","item":"https:\/\/www.lotterycritic.com\/es\/resultados-loteria\/"},{"@type":"ListItem","position":3,"name":"Resultados de La Loter\u00eda de Arkansas (AR) &#8211; Comprueba Los N\u00fameros Ganadores de Hoy En Arkansas","item":"https:\/\/www.lotterycritic.com\/es\/resultados-loteria\/arkansas\/"},{"@type":"ListItem","position":4,"name":"Resultados del Cash 4 de Arkansas (AR) y N\u00fameros Ganadores de Hoy [Noche + D\u00eda]"}]},{"@type":"WebSite","@id":"https:\/\/www.lotterycritic.com\/es\/#website","url":"https:\/\/www.lotterycritic.com\/es\/","name":"Lottery Critic","description":"Your Guide to Lottery Results, Winning Numbers &amp; More\u2026","potentialAction":[{"@type":"SearchAction","target":{"@type":"EntryPoint","urlTemplate":"https:\/\/www.lotterycritic.com\/es\/?s={search_term_string}"},"query-input":{"@type":"PropertyValueSpecification","valueRequired":true,"valueName":"search_term_string"}}],"inLanguage":"es"}]}},"_links":{"self":[{"href":"https:\/\/www.lotterycritic.com\/es\/wp-json\/wp\/v2\/pages\/13749"}],"collection":[{"href":"https:\/\/www.lotterycritic.com\/es\/wp-json\/wp\/v2\/pages"}],"about":[{"href":"https:\/\/www.lotterycritic.com\/es\/wp-json\/wp\/v2\/types\/page"}],"author":[{"embeddable":true,"href":"https:\/\/www.lotterycritic.com\/es\/wp-json\/wp\/v2\/users\/2"}],"replies":[{"embeddable":true,"href":"https:\/\/www.lotterycritic.com\/es\/wp-json\/wp\/v2\/comments?post=13749"}],"version-history":[{"count":6,"href":"https:\/\/www.lotterycritic.com\/es\/wp-json\/wp\/v2\/pages\/13749\/revisions"}],"predecessor-version":[{"id":14175,"href":"https:\/\/www.lotterycritic.com\/es\/wp-json\/wp\/v2\/pages\/13749\/revisions\/14175"}],"up":[{"embeddable":true,"href":"https:\/\/www.lotterycritic.com\/es\/wp-json\/wp\/v2\/pages\/13744"}],"wp:attachment":[{"href":"https:\/\/www.lotterycritic.com\/es\/wp-json\/wp\/v2\/media?parent=13749"}],"curies":[{"name":"wp","href":"https:\/\/api.w.org\/{rel}","templated":true}]}}