{"id":13740,"date":"2023-07-06T22:04:32","date_gmt":"2023-07-06T22:04:32","guid":{"rendered":"https:\/\/www.lotterycritic.com\/resultados-loteria\/arizona\/resultados-del-tiple-twist-de-la-loteria-de-arizona-az-numeros-ganadores-anoche-esta-noche\/"},"modified":"2023-08-11T13:29:37","modified_gmt":"2023-08-11T13:29:37","slug":"triple-twist","status":"publish","type":"page","link":"https:\/\/www.lotterycritic.com\/es\/resultados-loteria\/arizona\/triple-twist\/","title":{"rendered":"Resultados del Triple Twist de Arizona (AZ) y N\u00fameros Ganadores [Anoche + Hoy]"},"content":{"rendered":"<p><\/p>\n<p><img decoding=\"async\" class=\"aligncenter wp-image-13741 size-full\" src=\"https:\/\/www.lotterycritic.com\/wp-content\/uploads\/2019\/01\/arizona-lottery-triple-twist-logo.png\" alt=\"Arizona Lottery Triple Twist logo\" width=\"601\" height=\"200\" srcset=\"https:\/\/www.lotterycritic.com\/wp-content\/uploads\/2019\/01\/arizona-lottery-triple-twist-logo.png 601w, https:\/\/www.lotterycritic.com\/wp-content\/uploads\/2019\/01\/arizona-lottery-triple-twist-logo-300x100.png 300w\" sizes=\"(max-width: 601px) 100vw, 601px\" \/><\/p>\n<p>El Triple Twist es el juego m\u00e1s nuevo de la Loter\u00eda de Arizona. Es un juego con probabilidades favorables y ofrece m\u00faltiples formas de ganar. El Triple Twist se caracteriza por un premio mayor cambiante que empieza desde los $200,000 y crece hasta que alguien gana.<\/p>\n<\/p>\n<p><section><div class=\"section-anchor\" id=\"c--mo-jugar-al-triple-twist\"><\/div><br \/>\n<\/p>\n<h2>C\u00f3mo jugar al Triple Twist<\/h2>\n<h3>Escoja sus n\u00fameros<\/h3>\n<p>Puede utilizar la Selecci\u00f3n R\u00e1pida (Quick Pick) y dejar que la computadora seleccione los n\u00fameros por usted o puede escoger sus propios seis n\u00fameros del 1 al 42.<\/p>\n<p>El sistema selecciona aleatoriamente dos filas adicionales de seis n\u00fameros sin ning\u00fan costo para usted, \u00a1aumentando sus probabilidades de ganar!<\/p>\n<h3>Compre su billete<\/h3>\n<p>Si se encuentra en Arizona, puede comprar el Triple Twist en un <a href=\"https:\/\/www.arizonalottery.com\/where-to-play\/\">Vendedor de la Loter\u00eda de Arizona<\/a> por $2 cada juego.<\/p>\n<h3>Compruebe si ha ganado<\/h3>\n<p>Guarde en sus favoritos a <a href=\"https:\/\/www.lotterycritic.com\" rel=\"\">LotteryCritic.com<\/a>, una fuente fiable para encontrar los resultados de loter\u00eda m\u00e1s recientes y dem\u00e1s informaci\u00f3n. Como alternativa, puede llamar a la <a href=\"https:\/\/www.lotterycritic.com\/lottery-results\/arizona\/#contact-information\">L\u00ednea Directa del Ganador de la Loter\u00eda de Arizona<\/a><\/p>\n<p>\n<\/section><\/p>\n<p><section><div class=\"section-anchor\" id=\"calendario-de-sorteos\"><\/div><br \/>\n<\/p>\n<h2>Calendario de sorteos del Triple Twist<\/h2>\n<p>El Triple Twist se sortea seis d\u00edas por semana, de <strong>lunes a s\u00e1bado<\/strong> a las <strong>7:00 PM MST.<\/strong><\/p>\n<p>La venta de billetes se detiene a las 6:59 PM de la noche del sorteo y se reanuda inmediatamente despu\u00e9s del sorteo.<\/p>\n<\/section><\/p>\n<p><section><div class=\"section-anchor\" id=\"pagos-y-mecanismos\"><\/div><br \/>\n<\/p>\n<h2>Pagos y mecanismos del Triple Twist<\/h2>\n<p>El Triple Twist utiliza la t\u00edpica matriz 6\/42, lo que significa que debe escoger 6 n\u00fameros del 1 al 42 para poder jugar.<\/p>\n<p>El Triple Twist cuesta $2 por cada juego. Por cada oportunidad de jugar, obtiene 3 grupos de n\u00fameros, de los cuales uno puede escogerlo usted mismo, mientras que los otros dos grupos son elegidos aleatoriamente e impresos en su billete de loter\u00eda.<\/p>\n<h3>Pagos y probabilidades del Triple Twist<\/h3>\n<p>Cada grupo de n\u00fameros en su billete del Triple Twist puede hacerlo ganar. Los premios de varios conjuntos ganadores se suman de forma acumulativa.<\/p>\n<table>\n<tbody>\n<tr>\n<td><strong>N\u00fameros coincididos<\/strong><\/td>\n<td><strong>Premio<\/strong><\/td>\n<td><strong>Probabilidades<\/strong><\/td>\n<\/tr>\n<tr>\n<td>6 de 6<\/td>\n<td>Premio Mayor<\/td>\n<td>1 en 5,245,786<\/td>\n<\/tr>\n<tr>\n<td>5 de 6<\/td>\n<td>$500<\/td>\n<td>1 en 24,286<\/td>\n<\/tr>\n<tr>\n<td>4 de 6<\/td>\n<td>$10<\/td>\n<td>1 en 555.1<\/td>\n<\/tr>\n<tr>\n<td>3 de 6<\/td>\n<td>$2<\/td>\n<td>1 en 36.7<\/td>\n<\/tr>\n<\/tbody>\n<\/table>\n<p>Adem\u00e1s, en el Triple Twist se tienen en cuenta los tres grupos de n\u00fameros (para un total de 18 n\u00fameros) para darle m\u00e1s probabilidades de ganar. Los premios se a\u00f1aden a su ganancia total.<\/p>\n<table>\n<tbody>\n<tr>\n<td><strong>N\u00fameros coincididos<\/strong><\/td>\n<td><strong>Premio<\/strong><\/td>\n<td><strong>Probabilidades<\/strong><\/td>\n<\/tr>\n<tr>\n<td>10+ de 18<\/td>\n<td>$2,000<\/td>\n<td>1 en 134,018<\/td>\n<\/tr>\n<tr>\n<td>9 de 18<\/td>\n<td>$500<\/td>\n<td>1 en 12,407.9<\/td>\n<\/tr>\n<tr>\n<td>8 de 18<\/td>\n<td>$50<\/td>\n<td>1 en 1,473<\/td>\n<\/tr>\n<tr>\n<td>7 de 18<\/td>\n<td>$10<\/td>\n<td>1 en 237.6<\/td>\n<\/tr>\n<tr>\n<td>6 de 18<\/td>\n<td>$5<\/td>\n<td>1 en 52.1<\/td>\n<\/tr>\n<tr>\n<td>5 de 18<\/td>\n<td>$2<\/td>\n<td>1 en 15.7<\/td>\n<\/tr>\n<\/tbody>\n<\/table>\n<p><strong>Probabilidad general de ganar un premio: aproximadamente 1 en 7.9 <\/strong>(versus 1 en 39 del <a href=\"https:\/\/www.lotterycritic.com\/lottery-results\/arizona\/the-pick\/#payouts-and-odds\" rel=\"\">The Pick Arizona (AZ)<\/a>).<\/p>\n<p>\n<\/section><br \/>\n<section><div class=\"section-anchor\" id=\"reclamar-premio\"><\/div><br \/>\n<\/p>\n<h3>Reclamar premio del Triple Twist<\/h3>\n<p>Puede reclamar su premio de hasta $599 en cualquier vendedor de la Loter\u00eda de Arizona autorizado. Para premios de $600 y m\u00e1s, pueden reclamarse en las oficinas de la Loter\u00eda de Arizona en Phoenix o Tucson, ya sea por correo o en persona.<\/p>\n<p>Los premios mayores se reparten equitativamente entre varios ganadores.<\/p>\n<\/section><\/p>\n<p><section><div class=\"section-anchor\" id=\"otras-loter--as-de-arizona\"><\/div><br \/>\n<\/p>\n<h2>Otras Loter\u00edas de Arizona<\/h2>\n<p>Compruebe los resultados de loter\u00eda m\u00e1s recientes, montos del premio mayor, probabilidades de ganar, pago de premios, calendario de sorteos semanales, y m\u00e1s informaci\u00f3n \u00fatil para todas las <a href=\"https:\/\/www.lotterycritic.com\/lottery-results\/arizona\/\">loter\u00edas de Arizona (AZ)<\/a>, como <a href=\"https:\/\/www.lotterycritic.com\/lottery-results\/arizona\/the-pick\/\">The Pick<\/a>, <a href=\"https:\/\/www.lotterycritic.com\/lottery-results\/arizona\/fantasy-5\/\">Fantasy 5<\/a>, <a href=\"https:\/\/www.lotterycritic.com\/lottery-results\/arizona\/pick-3\/\">Pick 3<\/a>, Raspables, Fast Play y las m\u00e1s populares <a href=\"https:\/\/www.lotterycritic.com\/lottery-results\/powerball\/\">Powerball<\/a> y <a href=\"https:\/\/www.lotterycritic.com\/lottery-results\/mega-millions\/\">Mega Millions<\/a>.<\/p>\n<p>\n<\/section><\/p>\n","protected":false},"excerpt":{"rendered":"","protected":false},"author":6,"featured_media":0,"parent":13596,"menu_order":1,"comment_status":"closed","ping_status":"closed","template":"lottery-results-game-child-template.php","meta":{"footnotes":""},"class_list":["post-13740","page","type-page","status-publish","hentry"],"acf":[],"yoast_head":"<!-- This site is optimized with the Yoast SEO plugin v23.4 - https:\/\/yoast.com\/wordpress\/plugins\/seo\/ -->\n<title>Triple Twist de Arizona (AZ): Resultados y N\u00fameros Ganadores [Anoche + Hoy]<\/title>\n<meta name=\"description\" content=\"Obtenga los resultados del Triple Twist de la Loter\u00eda de Arizona, n\u00fameros ganadores m\u00e1s recientes, premio mayor vigente, probabilidades de ganar, pago de premios, calendario de sorteos y m\u00e1s.\" \/>\n<meta name=\"robots\" content=\"index, follow, max-snippet:-1, max-image-preview:large, max-video-preview:-1\" \/>\n<link rel=\"canonical\" href=\"https:\/\/www.lotterycritic.com\/es\/resultados-loteria\/arizona\/triple-twist\/\" \/>\n<meta property=\"og:locale\" content=\"es_ES\" \/>\n<meta property=\"og:type\" content=\"article\" \/>\n<meta property=\"og:title\" content=\"Triple Twist de Arizona (AZ): Resultados y N\u00fameros Ganadores [Anoche + Hoy]\" \/>\n<meta property=\"og:description\" content=\"Obtenga los resultados del Triple Twist de la Loter\u00eda de Arizona, n\u00fameros ganadores m\u00e1s recientes, premio mayor vigente, probabilidades de ganar, pago de premios, calendario de sorteos y m\u00e1s.\" \/>\n<meta property=\"og:url\" content=\"https:\/\/www.lotterycritic.com\/es\/resultados-loteria\/arizona\/triple-twist\/\" \/>\n<meta property=\"og:site_name\" content=\"Lottery Critic\" \/>\n<meta property=\"article:modified_time\" content=\"2023-08-11T13:29:37+00:00\" \/>\n<meta property=\"og:image\" content=\"https:\/\/www.lotterycritic.com\/wp-content\/uploads\/2019\/01\/arizona-lottery-triple-twist-logo.png\" \/>\n<meta name=\"twitter:card\" content=\"summary_large_image\" \/>\n<meta name=\"twitter:label1\" content=\"Tiempo de lectura\" \/>\n\t<meta name=\"twitter:data1\" content=\"3 minutos\" \/>\n<script type=\"application\/ld+json\" class=\"yoast-schema-graph\">{\"@context\":\"https:\/\/schema.org\",\"@graph\":[{\"@type\":\"WebPage\",\"@id\":\"https:\/\/www.lotterycritic.com\/es\/resultados-loteria\/arizona\/triple-twist\/\",\"url\":\"https:\/\/www.lotterycritic.com\/es\/resultados-loteria\/arizona\/triple-twist\/\",\"name\":\"Triple Twist de Arizona (AZ): Resultados y N\u00fameros Ganadores [Anoche + Hoy]\",\"isPartOf\":{\"@id\":\"https:\/\/www.lotterycritic.com\/es\/#website\"},\"primaryImageOfPage\":{\"@id\":\"https:\/\/www.lotterycritic.com\/es\/resultados-loteria\/arizona\/triple-twist\/#primaryimage\"},\"image\":{\"@id\":\"https:\/\/www.lotterycritic.com\/es\/resultados-loteria\/arizona\/triple-twist\/#primaryimage\"},\"thumbnailUrl\":\"https:\/\/www.lotterycritic.com\/wp-content\/uploads\/2019\/01\/arizona-lottery-triple-twist-logo.png\",\"datePublished\":\"2023-07-06T22:04:32+00:00\",\"dateModified\":\"2023-08-11T13:29:37+00:00\",\"description\":\"Obtenga los resultados del Triple Twist de la Loter\u00eda de Arizona, n\u00fameros ganadores m\u00e1s recientes, premio mayor vigente, probabilidades de ganar, pago de premios, calendario de sorteos y m\u00e1s.\",\"breadcrumb\":{\"@id\":\"https:\/\/www.lotterycritic.com\/es\/resultados-loteria\/arizona\/triple-twist\/#breadcrumb\"},\"inLanguage\":\"es\",\"potentialAction\":[{\"@type\":\"ReadAction\",\"target\":[\"https:\/\/www.lotterycritic.com\/es\/resultados-loteria\/arizona\/triple-twist\/\"]}]},{\"@type\":\"ImageObject\",\"inLanguage\":\"es\",\"@id\":\"https:\/\/www.lotterycritic.com\/es\/resultados-loteria\/arizona\/triple-twist\/#primaryimage\",\"url\":\"https:\/\/www.lotterycritic.com\/wp-content\/uploads\/2019\/01\/arizona-lottery-triple-twist-logo.png\",\"contentUrl\":\"https:\/\/www.lotterycritic.com\/wp-content\/uploads\/2019\/01\/arizona-lottery-triple-twist-logo.png\"},{\"@type\":\"BreadcrumbList\",\"@id\":\"https:\/\/www.lotterycritic.com\/es\/resultados-loteria\/arizona\/triple-twist\/#breadcrumb\",\"itemListElement\":[{\"@type\":\"ListItem\",\"position\":1,\"name\":\"Home\",\"item\":\"https:\/\/www.lotterycritic.com\/es\/\"},{\"@type\":\"ListItem\",\"position\":2,\"name\":\"Resultados de La Loter\u00eda Americana &#8211; Los \u00daltimos N\u00fameros Ganadores de La Loter\u00eda de Estados Unidos\",\"item\":\"https:\/\/www.lotterycritic.com\/es\/resultados-loteria\/\"},{\"@type\":\"ListItem\",\"position\":3,\"name\":\"Resultados de La Loter\u00eda de Arizona (AZ) &#8211; Comprueba Los N\u00fameros Ganadores de Hoy En Arizona\",\"item\":\"https:\/\/www.lotterycritic.com\/es\/resultados-loteria\/arizona\/\"},{\"@type\":\"ListItem\",\"position\":4,\"name\":\"Resultados del Triple Twist de Arizona (AZ) y N\u00fameros Ganadores [Anoche + Hoy]\"}]},{\"@type\":\"WebSite\",\"@id\":\"https:\/\/www.lotterycritic.com\/es\/#website\",\"url\":\"https:\/\/www.lotterycritic.com\/es\/\",\"name\":\"Lottery Critic\",\"description\":\"Your Guide to Lottery Results, Winning Numbers &amp; More\u2026\",\"potentialAction\":[{\"@type\":\"SearchAction\",\"target\":{\"@type\":\"EntryPoint\",\"urlTemplate\":\"https:\/\/www.lotterycritic.com\/es\/?s={search_term_string}\"},\"query-input\":{\"@type\":\"PropertyValueSpecification\",\"valueRequired\":true,\"valueName\":\"search_term_string\"}}],\"inLanguage\":\"es\"}]}<\/script>\n<!-- \/ Yoast SEO plugin. -->","yoast_head_json":{"title":"Triple Twist de Arizona (AZ): Resultados y N\u00fameros Ganadores [Anoche + Hoy]","description":"Obtenga los resultados del Triple Twist de la Loter\u00eda de Arizona, n\u00fameros ganadores m\u00e1s recientes, premio mayor vigente, probabilidades de ganar, pago de premios, calendario de sorteos y m\u00e1s.","robots":{"index":"index","follow":"follow","max-snippet":"max-snippet:-1","max-image-preview":"max-image-preview:large","max-video-preview":"max-video-preview:-1"},"canonical":"https:\/\/www.lotterycritic.com\/es\/resultados-loteria\/arizona\/triple-twist\/","og_locale":"es_ES","og_type":"article","og_title":"Triple Twist de Arizona (AZ): Resultados y N\u00fameros Ganadores [Anoche + Hoy]","og_description":"Obtenga los resultados del Triple Twist de la Loter\u00eda de Arizona, n\u00fameros ganadores m\u00e1s recientes, premio mayor vigente, probabilidades de ganar, pago de premios, calendario de sorteos y m\u00e1s.","og_url":"https:\/\/www.lotterycritic.com\/es\/resultados-loteria\/arizona\/triple-twist\/","og_site_name":"Lottery Critic","article_modified_time":"2023-08-11T13:29:37+00:00","og_image":[{"url":"https:\/\/www.lotterycritic.com\/wp-content\/uploads\/2019\/01\/arizona-lottery-triple-twist-logo.png"}],"twitter_card":"summary_large_image","twitter_misc":{"Tiempo de lectura":"3 minutos"},"schema":{"@context":"https:\/\/schema.org","@graph":[{"@type":"WebPage","@id":"https:\/\/www.lotterycritic.com\/es\/resultados-loteria\/arizona\/triple-twist\/","url":"https:\/\/www.lotterycritic.com\/es\/resultados-loteria\/arizona\/triple-twist\/","name":"Triple Twist de Arizona (AZ): Resultados y N\u00fameros Ganadores [Anoche + Hoy]","isPartOf":{"@id":"https:\/\/www.lotterycritic.com\/es\/#website"},"primaryImageOfPage":{"@id":"https:\/\/www.lotterycritic.com\/es\/resultados-loteria\/arizona\/triple-twist\/#primaryimage"},"image":{"@id":"https:\/\/www.lotterycritic.com\/es\/resultados-loteria\/arizona\/triple-twist\/#primaryimage"},"thumbnailUrl":"https:\/\/www.lotterycritic.com\/wp-content\/uploads\/2019\/01\/arizona-lottery-triple-twist-logo.png","datePublished":"2023-07-06T22:04:32+00:00","dateModified":"2023-08-11T13:29:37+00:00","description":"Obtenga los resultados del Triple Twist de la Loter\u00eda de Arizona, n\u00fameros ganadores m\u00e1s recientes, premio mayor vigente, probabilidades de ganar, pago de premios, calendario de sorteos y m\u00e1s.","breadcrumb":{"@id":"https:\/\/www.lotterycritic.com\/es\/resultados-loteria\/arizona\/triple-twist\/#breadcrumb"},"inLanguage":"es","potentialAction":[{"@type":"ReadAction","target":["https:\/\/www.lotterycritic.com\/es\/resultados-loteria\/arizona\/triple-twist\/"]}]},{"@type":"ImageObject","inLanguage":"es","@id":"https:\/\/www.lotterycritic.com\/es\/resultados-loteria\/arizona\/triple-twist\/#primaryimage","url":"https:\/\/www.lotterycritic.com\/wp-content\/uploads\/2019\/01\/arizona-lottery-triple-twist-logo.png","contentUrl":"https:\/\/www.lotterycritic.com\/wp-content\/uploads\/2019\/01\/arizona-lottery-triple-twist-logo.png"},{"@type":"BreadcrumbList","@id":"https:\/\/www.lotterycritic.com\/es\/resultados-loteria\/arizona\/triple-twist\/#breadcrumb","itemListElement":[{"@type":"ListItem","position":1,"name":"Home","item":"https:\/\/www.lotterycritic.com\/es\/"},{"@type":"ListItem","position":2,"name":"Resultados de La Loter\u00eda Americana &#8211; Los \u00daltimos N\u00fameros Ganadores de La Loter\u00eda de Estados Unidos","item":"https:\/\/www.lotterycritic.com\/es\/resultados-loteria\/"},{"@type":"ListItem","position":3,"name":"Resultados de La Loter\u00eda de Arizona (AZ) &#8211; Comprueba Los N\u00fameros Ganadores de Hoy En Arizona","item":"https:\/\/www.lotterycritic.com\/es\/resultados-loteria\/arizona\/"},{"@type":"ListItem","position":4,"name":"Resultados del Triple Twist de Arizona (AZ) y N\u00fameros Ganadores [Anoche + Hoy]"}]},{"@type":"WebSite","@id":"https:\/\/www.lotterycritic.com\/es\/#website","url":"https:\/\/www.lotterycritic.com\/es\/","name":"Lottery Critic","description":"Your Guide to Lottery Results, Winning Numbers &amp; More\u2026","potentialAction":[{"@type":"SearchAction","target":{"@type":"EntryPoint","urlTemplate":"https:\/\/www.lotterycritic.com\/es\/?s={search_term_string}"},"query-input":{"@type":"PropertyValueSpecification","valueRequired":true,"valueName":"search_term_string"}}],"inLanguage":"es"}]}},"_links":{"self":[{"href":"https:\/\/www.lotterycritic.com\/es\/wp-json\/wp\/v2\/pages\/13740"}],"collection":[{"href":"https:\/\/www.lotterycritic.com\/es\/wp-json\/wp\/v2\/pages"}],"about":[{"href":"https:\/\/www.lotterycritic.com\/es\/wp-json\/wp\/v2\/types\/page"}],"author":[{"embeddable":true,"href":"https:\/\/www.lotterycritic.com\/es\/wp-json\/wp\/v2\/users\/6"}],"replies":[{"embeddable":true,"href":"https:\/\/www.lotterycritic.com\/es\/wp-json\/wp\/v2\/comments?post=13740"}],"version-history":[{"count":6,"href":"https:\/\/www.lotterycritic.com\/es\/wp-json\/wp\/v2\/pages\/13740\/revisions"}],"predecessor-version":[{"id":14005,"href":"https:\/\/www.lotterycritic.com\/es\/wp-json\/wp\/v2\/pages\/13740\/revisions\/14005"}],"up":[{"embeddable":true,"href":"https:\/\/www.lotterycritic.com\/es\/wp-json\/wp\/v2\/pages\/13596"}],"wp:attachment":[{"href":"https:\/\/www.lotterycritic.com\/es\/wp-json\/wp\/v2\/media?parent=13740"}],"curies":[{"name":"wp","href":"https:\/\/api.w.org\/{rel}","templated":true}]}}