{"id":13492,"date":"2023-06-28T01:52:18","date_gmt":"2023-06-28T01:52:18","guid":{"rendered":"https:\/\/www.lotterycritic.com\/calculadoras-de-loteria-desde-las-probabilidades-hasta-impuestos-y-pagos\/calculadora-de-pagos-e-impuestos-del-powerball\/"},"modified":"2023-07-24T12:27:26","modified_gmt":"2023-07-24T12:27:26","slug":"calculadora-pagos-impuestos-powerball","status":"publish","type":"page","link":"https:\/\/www.lotterycritic.com\/es\/calculadoras-loteria\/calculadora-pagos-impuestos-powerball\/","title":{"rendered":"Calculadora de Powerball: C\u00f3mo Paga, Impuestos por Ganar y Anualidad Explicada"},"content":{"rendered":"<p><\/p>\n<h2>Nuestra Calculadora del Powerball Explicada<\/h2>\n<p><span style=\"font-weight: 400;\">Como bien ya sabr\u00e1, cuando un jugador gana el premio mayor del Powerball, tendr\u00e1 que escoger entre una \u00fanica entrega total o 30 pagos anuales para reclamar su premio.<\/span><\/p>\n<p><span style=\"font-weight: 400;\">Al elegir la entrega de la suma total, conocida tambi\u00e9n como opci\u00f3n de entrega en efectivo, el premio se reduce en aproximadamente 61\u202f% de la cantidad original, pero se le concede de una vez al jugador. Por otra parte, la opci\u00f3n de pago anual le entrega al jugador el 100\u202f% de la cantidad del premio mayor, comenzando con un pago inicial, seguido de pagos anuales por los siguientes 29 a\u00f1os.<\/span><\/p>\n<p><span style=\"font-weight: 400;\">Ya que las dos opciones de pago total y anual suponen entregas diferentes, las obligaciones fiscales (impuestos federales + impuestos estatales), por consiguiente, ser\u00e1n tambi\u00e9n distintas.<\/span><\/p>\n<p><span style=\"font-weight: 400;\">Nuestra calculadora de impuestos de Powerball provee de un vistazo r\u00e1pido del monto bruto y neto (despu\u00e9s de impuestos) que recibir\u00e1 con ambas opciones, permiti\u00e9ndole tomar una decisi\u00f3n m\u00e1s informada al hacer la comparaci\u00f3n entre las dos alternativas.<\/span><\/p>\n<p><span style=\"font-weight: 400;\">Finalmente, como una caracter\u00edstica adicional, nuestra herramienta tambi\u00e9n divide la opci\u00f3n de pago anual en un c\u00f3modo calendario de pagos, para que conozca cu\u00e1nto recibir\u00e1 en cada pago anual.<\/span><\/p>\n<p><em>Nota: Los pagos son aproximaciones. Por ejemplo, las grandes donaciones caritativas se pueden excluir, lo que significa una reducci\u00f3n de las obligaciones fiscales.<\/em><\/p>\n<p>\n<\/p>\n<p><\/p>\n<h2>Pagos del Powerball<\/h2>\n<p>La tabla de pagos del Powerball que encuentra a continuaci\u00f3n comparte los diferentes niveles del premio y las probabilidades de ganarlo.<\/p>\n<table class=\"content-table\">\n<thead>\n<tr>\n<td><strong>N\u00fameros coincididos<\/strong><\/td>\n<td><strong>Premio<\/strong><\/td>\n<td><strong>Probabilidades de Ganar<\/strong><\/td>\n<\/tr>\n<\/thead>\n<tbody>\n<tr>\n<td>5 + Powerball<\/td>\n<td>Premio Mayor<\/td>\n<td>1 en 292,201,338<\/td>\n<\/tr>\n<tr>\n<td>5<\/td>\n<td>$1 Million<\/td>\n<td>1 en 11,688,054<\/td>\n<\/tr>\n<tr>\n<td>4 + Powerball<\/td>\n<td>$50,000<\/td>\n<td>1 en 913,129<\/td>\n<\/tr>\n<tr>\n<td>4<\/td>\n<td>$100<\/td>\n<td>1 en 36,525<\/td>\n<\/tr>\n<tr>\n<td>3 + Powerball<\/td>\n<td>$100<\/td>\n<td>1 en 14,494<\/td>\n<\/tr>\n<tr>\n<td>3<\/td>\n<td>$7<\/td>\n<td>1 en 580<\/td>\n<\/tr>\n<tr>\n<td>2 + Powerball<\/td>\n<td>$7<\/td>\n<td>1 en 701<\/td>\n<\/tr>\n<tr>\n<td>1 + Powerball<\/td>\n<td>$4<\/td>\n<td>1 en 92<\/td>\n<\/tr>\n<tr>\n<td>Solo Powerball<\/td>\n<td>$4<\/td>\n<td>1 en 38<\/td>\n<\/tr>\n<\/tbody>\n<\/table>\n<p><em>Las cifras en este cuadro se redondean a la m\u00e1s cercana, bas\u00e1ndose en un solo juego de $2.<\/em><\/p>\n<p>\n<\/p>\n<p><\/p>\n<h2>Glosario de T\u00e9rminos<\/h2>\n<p><strong>Premio Mayor Anunciado:<\/strong> <span style=\"font-weight: 400;\">El pago total que el ganador puede recibir si elige la opci\u00f3n de anualidad para cualquier sorteo. Este n\u00famero se basa en los fondos del premio (incluyendo todas las transferencias anteriores), la estimaci\u00f3n de ventas de billetes para el siguiente sorteo, y tasas de inter\u00e9s actuales del mercado.<\/span><\/p>\n<p><strong>Opci\u00f3n de Pago con Anualidad: <\/strong><span style=\"font-weight: 400;\">Esquema de pago en donde los premios son entregados comenzando con un pago inmediato seguido por otros 29 pagos anuales. Estos pagos son graduales; significa que incrementan en 5\u202f% cada a\u00f1o teniendo en cuenta la inflaci\u00f3n. El valor total de todos los pagos equivale al 100\u202f% del premio mayor anunciado.<\/span><\/p>\n<p><strong>Opci\u00f3n de Entrega Total:<\/strong> <span style=\"font-weight: 400;\">Esquema de pago en donde se entrega un solo pago al ganador. El valor total es aproximadamente el 61\u202f% del premio mayor anunciado. Tambi\u00e9n se conoce como <strong>opci\u00f3n de pago en efectivo<\/strong> y es la elecci\u00f3n m\u00e1s popular entre los ganadores de premios mayores.<\/span><\/p>\n<p><strong>Impuestos Federales:<\/strong> <span style=\"font-weight: 400;\">Impuesto sobre la renta retenido por el gobierno de los Estados Unidos, incluyendo ingresos por premios de loter\u00eda. Puede estar en un rango de entre 24\u202f% y 37 % de las ganancias.<\/span><\/p>\n<p><strong>Impuestos Estatales:<\/strong> <span style=\"font-weight: 400;\">Impuestos adicionales cobrados dependiendo del estado. Estos var\u00edan seg\u00fan el estado y pueden estar en el rango de 0\u202f% a m\u00e1s del 8\u202f%.<\/span><\/p>\n<p><strong>Obligaciones fiscales:<\/strong> <span style=\"font-weight: 400;\">Impuestos que tendr\u00e1 que pagar con el fin de poder recibir el premio. Se calculan como los impuestos federales + impuestos estatales. Tenga presente en algunos casos, puede que est\u00e9 obligado a pagar impuestos adicionales.<\/span><\/p>\n<p><strong>Pago Bruto:<\/strong> <span style=\"font-weight: 400;\">El premio total otorgado a un ganador antes de aplicarse impuestos federales y estatales.<\/span><\/p>\n<p><strong>Pago Neto:<\/strong> <span style=\"font-weight: 400;\">El premio resultante despu\u00e9s de aplicar impuestos federales y estatales, otorgado a un ganador.<\/span><\/p>\n<ul>\n<li>Resultados y Ganadores de la Loter\u00eda de Nueva Jersey<\/li>\n<li>Resultados y Ganadores de la Loter\u00eda de Tennessee<\/li>\n<li><a href=\"https:\/\/www.lotterycritic.com\/lottery-results\/mississippi\/\">Resultados y Ganadores de la Loter\u00eda de Misisipi<\/a><\/li>\n<li><a href=\"https:\/\/www.lotterycritic.com\/es\/resultados-loteria\/arizona\/\">Resultados y Ganadores de la Loter\u00eda de Arizona<\/a><\/li>\n<\/ul>\n<h2>Otras Calculadoras de Loter\u00eda y Herramientas<\/h2>\n<p>Tambi\u00e9n puede visitar nuestra <a href=\"https:\/\/www.lotterycritic.com\/es\/calculadoras-loteria\/calculadora-pagos-impuestos-mega-millions\/\" rel=\"\">Calculadora de Pagos e Impuestos del Mega Millions<\/a> para averiguar cu\u00e1nto deber\u00e1 en impuestos por sus ganancias en loter\u00eda, y tambi\u00e9n su pago para entrega en efectivo de un solo pago y entrega anual.<\/p>\n<p>Si no ha comprado sus billetes de loter\u00eda y desea conocer cu\u00e1les son las probabilidades de ganar, puede usar nuestra <a href=\"https:\/\/www.lotterycritic.com\/es\/calculadoras-loteria\/calculadora-probabilidades-loteria\/\" rel=\"\">Calculadora de Probabilidades de Loter\u00eda<\/a> o puede ir m\u00e1s all\u00e1 y detallar la matem\u00e1tica detr\u00e1s de las Probabilidades del Powerball o las Probabilidades del Mega Millions.<\/p>\n<p>\n<\/p>\n","protected":false},"excerpt":{"rendered":"","protected":false},"author":1,"featured_media":0,"parent":13487,"menu_order":0,"comment_status":"closed","ping_status":"closed","template":"tax-calculator-template.php","meta":{"footnotes":""},"class_list":["post-13492","page","type-page","status-publish","hentry"],"acf":[],"yoast_head":"<!-- This site is optimized with the Yoast SEO plugin v23.4 - https:\/\/yoast.com\/wordpress\/plugins\/seo\/ -->\n<title>Calculadora de Powerball | Impuestos y C\u00f3mo Paga Premios Powerball<\/title>\n<meta name=\"description\" content=\"Aproveche la Calculadora de Pagos e Impuestos del Powerball concebida por Lottery Critic. Tenemos los c\u00e1lculos tanto para un pago anual como para una entrega total o pago en efectivo, junto con el desglose de los impuestos anuales por estado y m\u00e1s.\" \/>\n<meta name=\"robots\" content=\"index, follow, max-snippet:-1, max-image-preview:large, max-video-preview:-1\" \/>\n<link rel=\"canonical\" href=\"https:\/\/www.lotterycritic.com\/es\/calculadoras-loteria\/calculadora-pagos-impuestos-powerball\/\" \/>\n<meta property=\"og:locale\" content=\"es_ES\" \/>\n<meta property=\"og:type\" content=\"article\" \/>\n<meta property=\"og:title\" content=\"Calculadora de Powerball | Impuestos y C\u00f3mo Paga Premios Powerball\" \/>\n<meta property=\"og:description\" content=\"Aproveche la Calculadora de Pagos e Impuestos del Powerball concebida por Lottery Critic. Tenemos los c\u00e1lculos tanto para un pago anual como para una entrega total o pago en efectivo, junto con el desglose de los impuestos anuales por estado y m\u00e1s.\" \/>\n<meta property=\"og:url\" content=\"https:\/\/www.lotterycritic.com\/es\/calculadoras-loteria\/calculadora-pagos-impuestos-powerball\/\" \/>\n<meta property=\"og:site_name\" content=\"Lottery Critic\" \/>\n<meta property=\"article:modified_time\" content=\"2023-07-24T12:27:26+00:00\" \/>\n<meta name=\"twitter:card\" content=\"summary_large_image\" \/>\n<meta name=\"twitter:label1\" content=\"Tiempo de lectura\" \/>\n\t<meta name=\"twitter:data1\" content=\"4 minutos\" \/>\n<script type=\"application\/ld+json\" class=\"yoast-schema-graph\">{\"@context\":\"https:\/\/schema.org\",\"@graph\":[{\"@type\":\"WebPage\",\"@id\":\"https:\/\/www.lotterycritic.com\/es\/calculadoras-loteria\/calculadora-pagos-impuestos-powerball\/\",\"url\":\"https:\/\/www.lotterycritic.com\/es\/calculadoras-loteria\/calculadora-pagos-impuestos-powerball\/\",\"name\":\"Calculadora de Powerball | Impuestos y C\u00f3mo Paga Premios Powerball\",\"isPartOf\":{\"@id\":\"https:\/\/www.lotterycritic.com\/es\/#website\"},\"datePublished\":\"2023-06-28T01:52:18+00:00\",\"dateModified\":\"2023-07-24T12:27:26+00:00\",\"description\":\"Aproveche la Calculadora de Pagos e Impuestos del Powerball concebida por Lottery Critic. Tenemos los c\u00e1lculos tanto para un pago anual como para una entrega total o pago en efectivo, junto con el desglose de los impuestos anuales por estado y m\u00e1s.\",\"breadcrumb\":{\"@id\":\"https:\/\/www.lotterycritic.com\/es\/calculadoras-loteria\/calculadora-pagos-impuestos-powerball\/#breadcrumb\"},\"inLanguage\":\"es\",\"potentialAction\":[{\"@type\":\"ReadAction\",\"target\":[\"https:\/\/www.lotterycritic.com\/es\/calculadoras-loteria\/calculadora-pagos-impuestos-powerball\/\"]}]},{\"@type\":\"BreadcrumbList\",\"@id\":\"https:\/\/www.lotterycritic.com\/es\/calculadoras-loteria\/calculadora-pagos-impuestos-powerball\/#breadcrumb\",\"itemListElement\":[{\"@type\":\"ListItem\",\"position\":1,\"name\":\"Home\",\"item\":\"https:\/\/www.lotterycritic.com\/es\/\"},{\"@type\":\"ListItem\",\"position\":2,\"name\":\"Calculadoras de Loter\u00eda: Calcular Impuestos, Premios y Probabilidades de Ganar\",\"item\":\"https:\/\/www.lotterycritic.com\/es\/calculadoras-loteria\/\"},{\"@type\":\"ListItem\",\"position\":3,\"name\":\"Calculadora de Powerball: C\u00f3mo Paga, Impuestos por Ganar y Anualidad Explicada\"}]},{\"@type\":\"WebSite\",\"@id\":\"https:\/\/www.lotterycritic.com\/es\/#website\",\"url\":\"https:\/\/www.lotterycritic.com\/es\/\",\"name\":\"Lottery Critic\",\"description\":\"Your Guide to Lottery Results, Winning Numbers &amp; More\u2026\",\"potentialAction\":[{\"@type\":\"SearchAction\",\"target\":{\"@type\":\"EntryPoint\",\"urlTemplate\":\"https:\/\/www.lotterycritic.com\/es\/?s={search_term_string}\"},\"query-input\":{\"@type\":\"PropertyValueSpecification\",\"valueRequired\":true,\"valueName\":\"search_term_string\"}}],\"inLanguage\":\"es\"}]}<\/script>\n<!-- \/ Yoast SEO plugin. -->","yoast_head_json":{"title":"Calculadora de Powerball | Impuestos y C\u00f3mo Paga Premios Powerball","description":"Aproveche la Calculadora de Pagos e Impuestos del Powerball concebida por Lottery Critic. Tenemos los c\u00e1lculos tanto para un pago anual como para una entrega total o pago en efectivo, junto con el desglose de los impuestos anuales por estado y m\u00e1s.","robots":{"index":"index","follow":"follow","max-snippet":"max-snippet:-1","max-image-preview":"max-image-preview:large","max-video-preview":"max-video-preview:-1"},"canonical":"https:\/\/www.lotterycritic.com\/es\/calculadoras-loteria\/calculadora-pagos-impuestos-powerball\/","og_locale":"es_ES","og_type":"article","og_title":"Calculadora de Powerball | Impuestos y C\u00f3mo Paga Premios Powerball","og_description":"Aproveche la Calculadora de Pagos e Impuestos del Powerball concebida por Lottery Critic. Tenemos los c\u00e1lculos tanto para un pago anual como para una entrega total o pago en efectivo, junto con el desglose de los impuestos anuales por estado y m\u00e1s.","og_url":"https:\/\/www.lotterycritic.com\/es\/calculadoras-loteria\/calculadora-pagos-impuestos-powerball\/","og_site_name":"Lottery Critic","article_modified_time":"2023-07-24T12:27:26+00:00","twitter_card":"summary_large_image","twitter_misc":{"Tiempo de lectura":"4 minutos"},"schema":{"@context":"https:\/\/schema.org","@graph":[{"@type":"WebPage","@id":"https:\/\/www.lotterycritic.com\/es\/calculadoras-loteria\/calculadora-pagos-impuestos-powerball\/","url":"https:\/\/www.lotterycritic.com\/es\/calculadoras-loteria\/calculadora-pagos-impuestos-powerball\/","name":"Calculadora de Powerball | Impuestos y C\u00f3mo Paga Premios Powerball","isPartOf":{"@id":"https:\/\/www.lotterycritic.com\/es\/#website"},"datePublished":"2023-06-28T01:52:18+00:00","dateModified":"2023-07-24T12:27:26+00:00","description":"Aproveche la Calculadora de Pagos e Impuestos del Powerball concebida por Lottery Critic. Tenemos los c\u00e1lculos tanto para un pago anual como para una entrega total o pago en efectivo, junto con el desglose de los impuestos anuales por estado y m\u00e1s.","breadcrumb":{"@id":"https:\/\/www.lotterycritic.com\/es\/calculadoras-loteria\/calculadora-pagos-impuestos-powerball\/#breadcrumb"},"inLanguage":"es","potentialAction":[{"@type":"ReadAction","target":["https:\/\/www.lotterycritic.com\/es\/calculadoras-loteria\/calculadora-pagos-impuestos-powerball\/"]}]},{"@type":"BreadcrumbList","@id":"https:\/\/www.lotterycritic.com\/es\/calculadoras-loteria\/calculadora-pagos-impuestos-powerball\/#breadcrumb","itemListElement":[{"@type":"ListItem","position":1,"name":"Home","item":"https:\/\/www.lotterycritic.com\/es\/"},{"@type":"ListItem","position":2,"name":"Calculadoras de Loter\u00eda: Calcular Impuestos, Premios y Probabilidades de Ganar","item":"https:\/\/www.lotterycritic.com\/es\/calculadoras-loteria\/"},{"@type":"ListItem","position":3,"name":"Calculadora de Powerball: C\u00f3mo Paga, Impuestos por Ganar y Anualidad Explicada"}]},{"@type":"WebSite","@id":"https:\/\/www.lotterycritic.com\/es\/#website","url":"https:\/\/www.lotterycritic.com\/es\/","name":"Lottery Critic","description":"Your Guide to Lottery Results, Winning Numbers &amp; More\u2026","potentialAction":[{"@type":"SearchAction","target":{"@type":"EntryPoint","urlTemplate":"https:\/\/www.lotterycritic.com\/es\/?s={search_term_string}"},"query-input":{"@type":"PropertyValueSpecification","valueRequired":true,"valueName":"search_term_string"}}],"inLanguage":"es"}]}},"_links":{"self":[{"href":"https:\/\/www.lotterycritic.com\/es\/wp-json\/wp\/v2\/pages\/13492"}],"collection":[{"href":"https:\/\/www.lotterycritic.com\/es\/wp-json\/wp\/v2\/pages"}],"about":[{"href":"https:\/\/www.lotterycritic.com\/es\/wp-json\/wp\/v2\/types\/page"}],"author":[{"embeddable":true,"href":"https:\/\/www.lotterycritic.com\/es\/wp-json\/wp\/v2\/users\/1"}],"replies":[{"embeddable":true,"href":"https:\/\/www.lotterycritic.com\/es\/wp-json\/wp\/v2\/comments?post=13492"}],"version-history":[{"count":5,"href":"https:\/\/www.lotterycritic.com\/es\/wp-json\/wp\/v2\/pages\/13492\/revisions"}],"predecessor-version":[{"id":13898,"href":"https:\/\/www.lotterycritic.com\/es\/wp-json\/wp\/v2\/pages\/13492\/revisions\/13898"}],"up":[{"embeddable":true,"href":"https:\/\/www.lotterycritic.com\/es\/wp-json\/wp\/v2\/pages\/13487"}],"wp:attachment":[{"href":"https:\/\/www.lotterycritic.com\/es\/wp-json\/wp\/v2\/media?parent=13492"}],"curies":[{"name":"wp","href":"https:\/\/api.w.org\/{rel}","templated":true}]}}