{"id":13491,"date":"2023-06-28T01:30:35","date_gmt":"2023-06-28T01:30:35","guid":{"rendered":"https:\/\/www.lotterycritic.com\/calculadoras-de-loteria-desde-las-probabilidades-hasta-impuestos-y-pagos\/calculadora-de-pagos-del-mega-millions\/"},"modified":"2023-07-24T12:26:25","modified_gmt":"2023-07-24T12:26:25","slug":"calculadora-pagos-impuestos-mega-millions","status":"publish","type":"page","link":"https:\/\/www.lotterycritic.com\/es\/calculadoras-loteria\/calculadora-pagos-impuestos-mega-millions\/","title":{"rendered":"Calculadora de Mega Millions: C\u00f3mo Paga, Impuestos por Ganar y Anualidad Explicada"},"content":{"rendered":"<p><\/p>\n<h2>Nuestra Calculadora de Pagos e Impuestos del Mega Millions Explicada<\/h2>\n<p><span style=\"font-weight: 400;\">Como bien ya sabr\u00e1, cuando un jugador gana el premio mayor del Mega Millions, tendr\u00e1 que escoger entre una \u00fanica entrega total o 30 pagos anuales para reclamar su premio.<\/span><\/p>\n<p><span style=\"font-weight: 400;\">Al elegir la entrega de la suma total, conocida tambi\u00e9n como opci\u00f3n de entrega en efectivo, el premio se reduce en aproximadamente 61\u202f% de la cantidad original, pero se le concede de una vez al jugador. Por otra parte, la opci\u00f3n de pago anual le entrega al jugador el 100\u202f% de la cantidad del premio mayor, comenzando con un pago inicial, seguido de pagos anuales por los siguientes 29 a\u00f1os.<\/span><\/p>\n<p><span style=\"font-weight: 400;\">Ya que las dos opciones de pago total y anual suponen entregas diferentes, las obligaciones fiscales (impuestos federales + impuestos estatales), por consiguiente, ser\u00e1n tambi\u00e9n distintas.<\/span><\/p>\n<p><span style=\"font-weight: 400;\">Nuestra calculadora de impuestos de Mega Millions provee de un vistazo r\u00e1pido al monto bruto y neto (despu\u00e9s de impuestos) que recibir\u00e1 con ambas opciones, permiti\u00e9ndole tomar una decisi\u00f3n m\u00e1s informada al hacer la comparaci\u00f3n entre las dos alternativas.<\/span><\/p>\n<ul>\n<li>Resultados de la Loter\u00eda de Nueva York<\/li>\n<li><a href=\"https:\/\/www.lotterycritic.com\/es\/resultados-loteria\/georgia\/\">Resultados de la Loter\u00eda de Georgia<\/a><\/li>\n<\/ul>\n<p><span style=\"font-weight: 400;\">Finalmente, como una caracter\u00edstica adicional, nuestra herramienta tambi\u00e9n divide la opci\u00f3n de pago anual en un c\u00f3modo calendario de pagos, para que conozca cu\u00e1nto recibir\u00e1 en cada pago anual.<\/span><\/p>\n<p><em>Nota: Los pagos son aproximaciones. Por ejemplo, las grandes donaciones caritativas se pueden excluir, lo que significa una reducci\u00f3n de las obligaciones fiscales.<\/em><\/p>\n<h2>Glosario de T\u00e9rminos<\/h2>\n<p><strong>Premio Mayor Estimado:<\/strong> <span style=\"font-weight: 400;\">El pago total que el ganador puede recibir si elige la opci\u00f3n de anualidad para cualquier sorteo. Este n\u00famero se basa en los fondos del premio (incluyendo todas las transferencias anteriores), la estimaci\u00f3n de ventas de billetes para el siguiente sorteo, y tasas de inter\u00e9s actuales del mercado.<\/span><\/p>\n<p><strong>Pago con Anualidad u Opci\u00f3n de Pago Anual: <\/strong><span style=\"font-weight: 400;\">Esquema de pago en donde los premios son entregados comenzando con un pago inmediato seguido por otros 29 pagos anuales. Estos pagos son graduales; significa que incrementan en 5\u202f% cada a\u00f1o teniendo en cuenta la inflaci\u00f3n. El valor total de todos los pagos equivale al 100\u202f% del premio mayor anunciado.<\/span><\/p>\n<p><strong>Entrega Total u Opci\u00f3n de Pago en Efectivo:<\/strong> <span style=\"font-weight: 400;\">Esquema de pago en donde se entrega un solo pago al ganador. El valor total es aproximadamente el 61\u202f% del premio mayor anunciado. Tambi\u00e9n se conoce como <strong>opci\u00f3n de pago en efectivo<\/strong> y es la elecci\u00f3n m\u00e1s popular entre los ganadores de premios mayores.<\/span><\/p>\n<p><strong>Impuestos Federales:<\/strong> <span style=\"font-weight: 400;\">Impuesto sobre la renta retenido por el gobierno de los Estados Unidos, incluyendo ingresos por premios de loter\u00eda. Puede estar en un rango de entre 24\u202f% y 37 % de las ganancias.<\/span><\/p>\n<p><strong>Impuestos Estatales:<\/strong> <span style=\"font-weight: 400;\">Impuestos adicionales cobrados dependiendo del estado. Estos var\u00edan seg\u00fan el estado y pueden estar en el rango de 0\u202f% a m\u00e1s del 8\u202f%.<\/span><\/p>\n<p><strong>Obligaciones fiscales:<\/strong> <span style=\"font-weight: 400;\">Impuestos que tendr\u00e1 que pagar con el fin de poder recibir el premio. Se calculan como los impuestos federales + impuestos estatales. Tenga presente que en algunos casos, puede que est\u00e9 obligado a pagar impuestos adicionales.<\/span><\/p>\n<p><strong>Pago Bruto:<\/strong> <span style=\"font-weight: 400;\">El premio total otorgado a un ganador antes de aplicarse impuestos federales y estatales.<\/span><\/p>\n<p><strong>Pago Neto:<\/strong> <span style=\"font-weight: 400;\">El premio resultante despu\u00e9s de aplicar impuestos federales y estatales, otorgado a un ganador.<\/span><\/p>\n<h2>Preguntas Frecuentes<\/h2>\n<p><strong>1. \u00bfCu\u00e1l es la tasa de impuestos federales para el Mega Millions?<\/strong><br \/>\n<span style=\"font-weight: 400;\">El gobierno federal puede retener un porcentaje de entre 24 y 37 %, dependiendo de la cantidad total ganada.<\/span><\/p>\n<p><strong>2. \u00bfC\u00f3mo se calculan los impuestos para el Mega Millions?<\/strong><br \/>\n<span style=\"font-weight: 400;\">Puede calcular su ganancia de loter\u00eda neta sustrayendo los impuestos federales (25-37\u202f%), impuestos estatales (0-8.82\u202f%), m\u00e1s impuestos locales aplicables, a partir de la cantidad del premio anunciada.<\/span><\/p>\n<p><strong>3. \u00bfSe pagan impuestos para premios de loter\u00eda de $1,000?<\/strong><br \/>\n<span style=\"font-weight: 400;\">S\u00ed y no. Recibir\u00e1 los $1,000 en su totalidad, pero tendr\u00e1 que declarar esta cantidad como ingresos, cuando est\u00e9 gestionando sus impuestos.<\/span><\/p>\n<p><strong>4. \u00bfCu\u00e1nto paga de impuestos para un billete de loter\u00eda de $10,000?<\/strong><br \/>\n<span style=\"font-weight: 400;\">El IRS (Servicio Interno de Impuestos) retiene autom\u00e1ticamente 24\u202f% de la cantidad. Tambi\u00e9n debe pagar cualquier impuesto federal pendiente, impuestos estatales (la tasa var\u00eda para cada estado), m\u00e1s impuestos locales aplicables.<\/span><\/p>\n<p><strong>5. \u00bfLos premios de loter\u00eda se gravan dos veces?<\/strong><br \/>\n<span style=\"font-weight: 400;\">Las ganancias por loter\u00eda son gravadas a nivel federal y estatal. Es usual que los premios grandes se graven incluso antes de que el ganador reciba el dinero. Los ganadores tambi\u00e9n deben pagar impuesto de renta sobre las ganancias totales recibidas.<\/span><\/p>\n<p><strong>6. \u00bfCu\u00e1les son los impuestos para 1 mill\u00f3n de d\u00f3lares?<\/strong><br \/>\n<span style=\"font-weight: 400;\">El IRS retendr\u00e1 entre 24 y 37 % de esa cantidad desde un comienzo, Tambi\u00e9n deber\u00e1 pagar impuestos estatales, adem\u00e1s de cualquier impuesto local aplicable. Un premio de $ 1 mill\u00f3n le supondr\u00e1 la tasa de impuestos m\u00e1s alta del 37 %.<\/span><\/p>\n<p><strong>7. \u00bfCu\u00e1nto me llevo si gano un mill\u00f3n de d\u00f3lares?<\/strong><br \/>\n<span style=\"font-weight: 400;\">Por lo menos $240,000 ser\u00e1n retenidos por el gobierno federal y el resto, hasta $130,000, lo estar\u00e1 debiendo cuando declare impuestos el siguiente a\u00f1o. Tambi\u00e9n pagar\u00e1 impuestos estatales que pueden sumar, en algunas ocasiones, m\u00e1s de $50,000.<\/span><\/p>\n<p><strong>8. \u00bfC\u00f3mo se calcula el pago total de la loter\u00eda?<\/strong><br \/>\n<span style=\"font-weight: 400;\">El pago total en un solo cobro para una loter\u00eda es igual a los fondos totales destinados a financiar el premio mayor. Esto se calcula como un porcentaje de los ingresos totales generados por la venta de billetes de loter\u00eda.<\/span><\/p>\n<p><strong>9. \u00bfLos premios de loter\u00eda cuentan como ingresos?<\/strong><br \/>\n<span style=\"font-weight: 400;\">S\u00ed. Todas las ganancias por loter\u00edas cuentan como ingresos gravables al final de cada a\u00f1o. Su pago de impuestos puede aumentar cuando gana una cantidad grande.<\/span><\/p>\n<h2>Otras Calculadoras de Loter\u00eda y Herramientas<\/h2>\n<p><span style=\"font-weight: 400;\">Tambi\u00e9n puede visitar nuestra<\/span> <a href=\"https:\/\/www.lotterycritic.com\/es\/calculadoras-loteria\/calculadora-pagos-impuestos-powerball\/\" rel=\"\">Calculadora de Pagos e Impuestos del Powerball<\/a>\u00a0para averiguar cu\u00e1nto deber\u00e1 en impuestos por sus ganancias en loter\u00eda, y tambi\u00e9n su pago para entrega en efectivo de un solo pago y entrega anual.<\/p>\n<p>Si no ha comprado sus billetes de loter\u00eda y desea conocer cu\u00e1les son las probabilidades de ganar, puede usar nuestra <a href=\"https:\/\/www.lotterycritic.com\/es\/calculadoras-loteria\/calculadora-probabilidades-loteria\/\" rel=\"\">Calculadora de Probabilidades de Loter\u00eda<\/a> o puede ir m\u00e1s all\u00e1 y detallar la matem\u00e1tica detr\u00e1s de las Probabilidades del Powerball o las Probabilidades del Mega Millions.<\/p>\n<p>\n<\/p>\n","protected":false},"excerpt":{"rendered":"","protected":false},"author":1,"featured_media":0,"parent":13487,"menu_order":1,"comment_status":"closed","ping_status":"closed","template":"tax-calculator-template.php","meta":{"footnotes":""},"class_list":["post-13491","page","type-page","status-publish","hentry"],"acf":[],"yoast_head":"<!-- This site is optimized with the Yoast SEO plugin v23.4 - https:\/\/yoast.com\/wordpress\/plugins\/seo\/ -->\n<title>Calculadora de Mega Millions | Impuestos y C\u00f3mo Paga Premios Mega Millions<\/title>\n<meta name=\"description\" content=\"Utilice nuestra Calculadora de Pagos e Impuestos del Mega Millions para determinar los pagos y deducciones por impuestos aplicables en las opciones de entrega total y anual.\" \/>\n<meta name=\"robots\" content=\"index, follow, max-snippet:-1, max-image-preview:large, max-video-preview:-1\" \/>\n<link rel=\"canonical\" href=\"https:\/\/www.lotterycritic.com\/es\/calculadoras-loteria\/calculadora-pagos-impuestos-mega-millions\/\" \/>\n<meta property=\"og:locale\" content=\"es_ES\" \/>\n<meta property=\"og:type\" content=\"article\" \/>\n<meta property=\"og:title\" content=\"Calculadora de Mega Millions | Impuestos y C\u00f3mo Paga Premios Mega Millions\" \/>\n<meta property=\"og:description\" content=\"Utilice nuestra Calculadora de Pagos e Impuestos del Mega Millions para determinar los pagos y deducciones por impuestos aplicables en las opciones de entrega total y anual.\" \/>\n<meta property=\"og:url\" content=\"https:\/\/www.lotterycritic.com\/es\/calculadoras-loteria\/calculadora-pagos-impuestos-mega-millions\/\" \/>\n<meta property=\"og:site_name\" content=\"Lottery Critic\" \/>\n<meta property=\"article:modified_time\" content=\"2023-07-24T12:26:25+00:00\" \/>\n<meta name=\"twitter:card\" content=\"summary_large_image\" \/>\n<meta name=\"twitter:label1\" content=\"Tiempo de lectura\" \/>\n\t<meta name=\"twitter:data1\" content=\"5 minutos\" \/>\n<script type=\"application\/ld+json\" class=\"yoast-schema-graph\">{\"@context\":\"https:\/\/schema.org\",\"@graph\":[{\"@type\":\"WebPage\",\"@id\":\"https:\/\/www.lotterycritic.com\/es\/calculadoras-loteria\/calculadora-pagos-impuestos-mega-millions\/\",\"url\":\"https:\/\/www.lotterycritic.com\/es\/calculadoras-loteria\/calculadora-pagos-impuestos-mega-millions\/\",\"name\":\"Calculadora de Mega Millions | Impuestos y C\u00f3mo Paga Premios Mega Millions\",\"isPartOf\":{\"@id\":\"https:\/\/www.lotterycritic.com\/es\/#website\"},\"datePublished\":\"2023-06-28T01:30:35+00:00\",\"dateModified\":\"2023-07-24T12:26:25+00:00\",\"description\":\"Utilice nuestra Calculadora de Pagos e Impuestos del Mega Millions para determinar los pagos y deducciones por impuestos aplicables en las opciones de entrega total y anual.\",\"breadcrumb\":{\"@id\":\"https:\/\/www.lotterycritic.com\/es\/calculadoras-loteria\/calculadora-pagos-impuestos-mega-millions\/#breadcrumb\"},\"inLanguage\":\"es\",\"potentialAction\":[{\"@type\":\"ReadAction\",\"target\":[\"https:\/\/www.lotterycritic.com\/es\/calculadoras-loteria\/calculadora-pagos-impuestos-mega-millions\/\"]}]},{\"@type\":\"BreadcrumbList\",\"@id\":\"https:\/\/www.lotterycritic.com\/es\/calculadoras-loteria\/calculadora-pagos-impuestos-mega-millions\/#breadcrumb\",\"itemListElement\":[{\"@type\":\"ListItem\",\"position\":1,\"name\":\"Home\",\"item\":\"https:\/\/www.lotterycritic.com\/es\/\"},{\"@type\":\"ListItem\",\"position\":2,\"name\":\"Calculadoras de Loter\u00eda: Calcular Impuestos, Premios y Probabilidades de Ganar\",\"item\":\"https:\/\/www.lotterycritic.com\/es\/calculadoras-loteria\/\"},{\"@type\":\"ListItem\",\"position\":3,\"name\":\"Calculadora de Mega Millions: C\u00f3mo Paga, Impuestos por Ganar y Anualidad Explicada\"}]},{\"@type\":\"WebSite\",\"@id\":\"https:\/\/www.lotterycritic.com\/es\/#website\",\"url\":\"https:\/\/www.lotterycritic.com\/es\/\",\"name\":\"Lottery Critic\",\"description\":\"Your Guide to Lottery Results, Winning Numbers &amp; More\u2026\",\"potentialAction\":[{\"@type\":\"SearchAction\",\"target\":{\"@type\":\"EntryPoint\",\"urlTemplate\":\"https:\/\/www.lotterycritic.com\/es\/?s={search_term_string}\"},\"query-input\":{\"@type\":\"PropertyValueSpecification\",\"valueRequired\":true,\"valueName\":\"search_term_string\"}}],\"inLanguage\":\"es\"}]}<\/script>\n<!-- \/ Yoast SEO plugin. -->","yoast_head_json":{"title":"Calculadora de Mega Millions | Impuestos y C\u00f3mo Paga Premios Mega Millions","description":"Utilice nuestra Calculadora de Pagos e Impuestos del Mega Millions para determinar los pagos y deducciones por impuestos aplicables en las opciones de entrega total y anual.","robots":{"index":"index","follow":"follow","max-snippet":"max-snippet:-1","max-image-preview":"max-image-preview:large","max-video-preview":"max-video-preview:-1"},"canonical":"https:\/\/www.lotterycritic.com\/es\/calculadoras-loteria\/calculadora-pagos-impuestos-mega-millions\/","og_locale":"es_ES","og_type":"article","og_title":"Calculadora de Mega Millions | Impuestos y C\u00f3mo Paga Premios Mega Millions","og_description":"Utilice nuestra Calculadora de Pagos e Impuestos del Mega Millions para determinar los pagos y deducciones por impuestos aplicables en las opciones de entrega total y anual.","og_url":"https:\/\/www.lotterycritic.com\/es\/calculadoras-loteria\/calculadora-pagos-impuestos-mega-millions\/","og_site_name":"Lottery Critic","article_modified_time":"2023-07-24T12:26:25+00:00","twitter_card":"summary_large_image","twitter_misc":{"Tiempo de lectura":"5 minutos"},"schema":{"@context":"https:\/\/schema.org","@graph":[{"@type":"WebPage","@id":"https:\/\/www.lotterycritic.com\/es\/calculadoras-loteria\/calculadora-pagos-impuestos-mega-millions\/","url":"https:\/\/www.lotterycritic.com\/es\/calculadoras-loteria\/calculadora-pagos-impuestos-mega-millions\/","name":"Calculadora de Mega Millions | Impuestos y C\u00f3mo Paga Premios Mega Millions","isPartOf":{"@id":"https:\/\/www.lotterycritic.com\/es\/#website"},"datePublished":"2023-06-28T01:30:35+00:00","dateModified":"2023-07-24T12:26:25+00:00","description":"Utilice nuestra Calculadora de Pagos e Impuestos del Mega Millions para determinar los pagos y deducciones por impuestos aplicables en las opciones de entrega total y anual.","breadcrumb":{"@id":"https:\/\/www.lotterycritic.com\/es\/calculadoras-loteria\/calculadora-pagos-impuestos-mega-millions\/#breadcrumb"},"inLanguage":"es","potentialAction":[{"@type":"ReadAction","target":["https:\/\/www.lotterycritic.com\/es\/calculadoras-loteria\/calculadora-pagos-impuestos-mega-millions\/"]}]},{"@type":"BreadcrumbList","@id":"https:\/\/www.lotterycritic.com\/es\/calculadoras-loteria\/calculadora-pagos-impuestos-mega-millions\/#breadcrumb","itemListElement":[{"@type":"ListItem","position":1,"name":"Home","item":"https:\/\/www.lotterycritic.com\/es\/"},{"@type":"ListItem","position":2,"name":"Calculadoras de Loter\u00eda: Calcular Impuestos, Premios y Probabilidades de Ganar","item":"https:\/\/www.lotterycritic.com\/es\/calculadoras-loteria\/"},{"@type":"ListItem","position":3,"name":"Calculadora de Mega Millions: C\u00f3mo Paga, Impuestos por Ganar y Anualidad Explicada"}]},{"@type":"WebSite","@id":"https:\/\/www.lotterycritic.com\/es\/#website","url":"https:\/\/www.lotterycritic.com\/es\/","name":"Lottery Critic","description":"Your Guide to Lottery Results, Winning Numbers &amp; More\u2026","potentialAction":[{"@type":"SearchAction","target":{"@type":"EntryPoint","urlTemplate":"https:\/\/www.lotterycritic.com\/es\/?s={search_term_string}"},"query-input":{"@type":"PropertyValueSpecification","valueRequired":true,"valueName":"search_term_string"}}],"inLanguage":"es"}]}},"_links":{"self":[{"href":"https:\/\/www.lotterycritic.com\/es\/wp-json\/wp\/v2\/pages\/13491"}],"collection":[{"href":"https:\/\/www.lotterycritic.com\/es\/wp-json\/wp\/v2\/pages"}],"about":[{"href":"https:\/\/www.lotterycritic.com\/es\/wp-json\/wp\/v2\/types\/page"}],"author":[{"embeddable":true,"href":"https:\/\/www.lotterycritic.com\/es\/wp-json\/wp\/v2\/users\/1"}],"replies":[{"embeddable":true,"href":"https:\/\/www.lotterycritic.com\/es\/wp-json\/wp\/v2\/comments?post=13491"}],"version-history":[{"count":3,"href":"https:\/\/www.lotterycritic.com\/es\/wp-json\/wp\/v2\/pages\/13491\/revisions"}],"predecessor-version":[{"id":13896,"href":"https:\/\/www.lotterycritic.com\/es\/wp-json\/wp\/v2\/pages\/13491\/revisions\/13896"}],"up":[{"embeddable":true,"href":"https:\/\/www.lotterycritic.com\/es\/wp-json\/wp\/v2\/pages\/13487"}],"wp:attachment":[{"href":"https:\/\/www.lotterycritic.com\/es\/wp-json\/wp\/v2\/media?parent=13491"}],"curies":[{"name":"wp","href":"https:\/\/api.w.org\/{rel}","templated":true}]}}