{"id":13489,"date":"2023-06-28T01:06:39","date_gmt":"2023-06-28T01:06:39","guid":{"rendered":"https:\/\/www.lotterycritic.com\/calculadoras-de-loteria-desde-las-probabilidades-hasta-impuestos-y-pagos\/calculadora-de-probabilidades-de-loteria\/"},"modified":"2023-08-11T13:35:32","modified_gmt":"2023-08-11T13:35:32","slug":"calculadora-probabilidades-loteria","status":"publish","type":"page","link":"https:\/\/www.lotterycritic.com\/es\/calculadoras-loteria\/calculadora-probabilidades-loteria\/","title":{"rendered":"Calculadora de Probabilidades de Loter\u00eda: Calcula Tus Chances de Ganar La Loter\u00eda"},"content":{"rendered":"<p><\/p>\n<h2>Caracter\u00edsticas<\/h2>\n<p><span style=\"font-weight: 400;\">Nuestra calculadora de probabilidades de loter\u00eda presenta autom\u00e1ticamente los c\u00e1lculos en tiempo real. Se ense\u00f1a la matem\u00e1tica involucrada, para que pueda calcular las combinaciones de loter\u00eda por su cuenta.<\/span><\/p>\n<p><span style=\"font-weight: 400;\">Funcionar\u00e1 con la mayor\u00eda de las loter\u00edas tradicionales que consisten en el sorteo de por lo menos 3 n\u00fameros, y puede a\u00f1adir n\u00fameros adicionales sin ning\u00fan l\u00edmite. Se puede usar para juegos que permitan n\u00fameros repetidos. Sin embargo, no sirve para juegos que requieran una coincidencia en el orden exacto.<\/span><\/p>\n<p><span style=\"font-weight: 400;\">Adicionalmente, nuestra calculadora le muestra tambi\u00e9n c\u00f3mo comprar m\u00e1s de un tiquete\/juego puede aumentar sus oportunidades.<\/span><\/p>\n<p><span style=\"font-weight: 400;\">Tenga en cuenta que nuestra calculadora tambi\u00e9n puede tener presentes los n\u00fameros de bonificaci\u00f3n que se sortean de un grupo separado. Esto significa que puede darle c\u00e1lculos completos para juegos como Powerball y Mega Millions. Si quiere aprender las probabilidades para estos juegos en concreto, visite nuestras p\u00e1ginas de<\/span> probabilidades del Powerball y probabilidades del Mega Millions <span style=\"font-weight: 400;\">para m\u00e1s informaci\u00f3n.<\/span><\/p>\n<ul>\n<li><a href=\"https:\/\/www.lotterycritic.com\/es\/resultados-loteria\/misuri\/\">Eche un vistazo a los Resultados y Ganadores de la Loter\u00eda de Missouri<\/a><\/li>\n<\/ul>\n<p><span style=\"font-weight: 400;\">Finalmente, puede usar nuestra Calculadora de Pagos e Impuestos del Powerball, y la Calculadora de Pagos e Impuestos del Mega Millions para calcular impuestos sobre el premio de loter\u00eda en cada estado, adem\u00e1s de los pagos tanto para efectivo (entrega total) como para pago anual.<\/span><\/p>\n<p>\n<\/p>\n","protected":false},"excerpt":{"rendered":"","protected":false},"author":1,"featured_media":0,"parent":13487,"menu_order":2,"comment_status":"closed","ping_status":"closed","template":"odds-calculator-template.php","meta":{"footnotes":""},"class_list":["post-13489","page","type-page","status-publish","hentry"],"acf":[],"yoast_head":"<!-- This site is optimized with the Yoast SEO plugin v23.4 - https:\/\/yoast.com\/wordpress\/plugins\/seo\/ -->\n<title>Calculadora de Probabilidades de Ganar la Loter\u00eda | Calcula Tus Chances<\/title>\n<meta name=\"description\" content=\"Aprenda a calcular las combinaciones de loter\u00eda por usted mismo, o deje que la calculadora \u00a1lo haga por usted! Encuentre sus probabilidades de ganar. Funciona con la mayor\u00eda de las loter\u00edas del mercado.\" \/>\n<meta name=\"robots\" content=\"index, follow, max-snippet:-1, max-image-preview:large, max-video-preview:-1\" \/>\n<link rel=\"canonical\" href=\"https:\/\/www.lotterycritic.com\/es\/calculadoras-loteria\/calculadora-probabilidades-loteria\/\" \/>\n<meta property=\"og:locale\" content=\"es_ES\" \/>\n<meta property=\"og:type\" content=\"article\" \/>\n<meta property=\"og:title\" content=\"Calculadora de Probabilidades de Ganar la Loter\u00eda | Calcula Tus Chances\" \/>\n<meta property=\"og:description\" content=\"Aprenda a calcular las combinaciones de loter\u00eda por usted mismo, o deje que la calculadora \u00a1lo haga por usted! Encuentre sus probabilidades de ganar. Funciona con la mayor\u00eda de las loter\u00edas del mercado.\" \/>\n<meta property=\"og:url\" content=\"https:\/\/www.lotterycritic.com\/es\/calculadoras-loteria\/calculadora-probabilidades-loteria\/\" \/>\n<meta property=\"og:site_name\" content=\"Lottery Critic\" \/>\n<meta property=\"article:modified_time\" content=\"2023-08-11T13:35:32+00:00\" \/>\n<meta name=\"twitter:card\" content=\"summary_large_image\" \/>\n<meta name=\"twitter:label1\" content=\"Tiempo de lectura\" \/>\n\t<meta name=\"twitter:data1\" content=\"1 minuto\" \/>\n<script type=\"application\/ld+json\" class=\"yoast-schema-graph\">{\"@context\":\"https:\/\/schema.org\",\"@graph\":[{\"@type\":\"WebPage\",\"@id\":\"https:\/\/www.lotterycritic.com\/es\/calculadoras-loteria\/calculadora-probabilidades-loteria\/\",\"url\":\"https:\/\/www.lotterycritic.com\/es\/calculadoras-loteria\/calculadora-probabilidades-loteria\/\",\"name\":\"Calculadora de Probabilidades de Ganar la Loter\u00eda | Calcula Tus Chances\",\"isPartOf\":{\"@id\":\"https:\/\/www.lotterycritic.com\/es\/#website\"},\"datePublished\":\"2023-06-28T01:06:39+00:00\",\"dateModified\":\"2023-08-11T13:35:32+00:00\",\"description\":\"Aprenda a calcular las combinaciones de loter\u00eda por usted mismo, o deje que la calculadora \u00a1lo haga por usted! Encuentre sus probabilidades de ganar. Funciona con la mayor\u00eda de las loter\u00edas del mercado.\",\"breadcrumb\":{\"@id\":\"https:\/\/www.lotterycritic.com\/es\/calculadoras-loteria\/calculadora-probabilidades-loteria\/#breadcrumb\"},\"inLanguage\":\"es\",\"potentialAction\":[{\"@type\":\"ReadAction\",\"target\":[\"https:\/\/www.lotterycritic.com\/es\/calculadoras-loteria\/calculadora-probabilidades-loteria\/\"]}]},{\"@type\":\"BreadcrumbList\",\"@id\":\"https:\/\/www.lotterycritic.com\/es\/calculadoras-loteria\/calculadora-probabilidades-loteria\/#breadcrumb\",\"itemListElement\":[{\"@type\":\"ListItem\",\"position\":1,\"name\":\"Home\",\"item\":\"https:\/\/www.lotterycritic.com\/es\/\"},{\"@type\":\"ListItem\",\"position\":2,\"name\":\"Calculadoras de Loter\u00eda: Calcular Impuestos, Premios y Probabilidades de Ganar\",\"item\":\"https:\/\/www.lotterycritic.com\/es\/calculadoras-loteria\/\"},{\"@type\":\"ListItem\",\"position\":3,\"name\":\"Calculadora de Probabilidades de Loter\u00eda: Calcula Tus Chances de Ganar La Loter\u00eda\"}]},{\"@type\":\"WebSite\",\"@id\":\"https:\/\/www.lotterycritic.com\/es\/#website\",\"url\":\"https:\/\/www.lotterycritic.com\/es\/\",\"name\":\"Lottery Critic\",\"description\":\"Your Guide to Lottery Results, Winning Numbers &amp; More\u2026\",\"potentialAction\":[{\"@type\":\"SearchAction\",\"target\":{\"@type\":\"EntryPoint\",\"urlTemplate\":\"https:\/\/www.lotterycritic.com\/es\/?s={search_term_string}\"},\"query-input\":{\"@type\":\"PropertyValueSpecification\",\"valueRequired\":true,\"valueName\":\"search_term_string\"}}],\"inLanguage\":\"es\"}]}<\/script>\n<!-- \/ Yoast SEO plugin. -->","yoast_head_json":{"title":"Calculadora de Probabilidades de Ganar la Loter\u00eda | Calcula Tus Chances","description":"Aprenda a calcular las combinaciones de loter\u00eda por usted mismo, o deje que la calculadora \u00a1lo haga por usted! Encuentre sus probabilidades de ganar. Funciona con la mayor\u00eda de las loter\u00edas del mercado.","robots":{"index":"index","follow":"follow","max-snippet":"max-snippet:-1","max-image-preview":"max-image-preview:large","max-video-preview":"max-video-preview:-1"},"canonical":"https:\/\/www.lotterycritic.com\/es\/calculadoras-loteria\/calculadora-probabilidades-loteria\/","og_locale":"es_ES","og_type":"article","og_title":"Calculadora de Probabilidades de Ganar la Loter\u00eda | Calcula Tus Chances","og_description":"Aprenda a calcular las combinaciones de loter\u00eda por usted mismo, o deje que la calculadora \u00a1lo haga por usted! Encuentre sus probabilidades de ganar. Funciona con la mayor\u00eda de las loter\u00edas del mercado.","og_url":"https:\/\/www.lotterycritic.com\/es\/calculadoras-loteria\/calculadora-probabilidades-loteria\/","og_site_name":"Lottery Critic","article_modified_time":"2023-08-11T13:35:32+00:00","twitter_card":"summary_large_image","twitter_misc":{"Tiempo de lectura":"1 minuto"},"schema":{"@context":"https:\/\/schema.org","@graph":[{"@type":"WebPage","@id":"https:\/\/www.lotterycritic.com\/es\/calculadoras-loteria\/calculadora-probabilidades-loteria\/","url":"https:\/\/www.lotterycritic.com\/es\/calculadoras-loteria\/calculadora-probabilidades-loteria\/","name":"Calculadora de Probabilidades de Ganar la Loter\u00eda | Calcula Tus Chances","isPartOf":{"@id":"https:\/\/www.lotterycritic.com\/es\/#website"},"datePublished":"2023-06-28T01:06:39+00:00","dateModified":"2023-08-11T13:35:32+00:00","description":"Aprenda a calcular las combinaciones de loter\u00eda por usted mismo, o deje que la calculadora \u00a1lo haga por usted! Encuentre sus probabilidades de ganar. Funciona con la mayor\u00eda de las loter\u00edas del mercado.","breadcrumb":{"@id":"https:\/\/www.lotterycritic.com\/es\/calculadoras-loteria\/calculadora-probabilidades-loteria\/#breadcrumb"},"inLanguage":"es","potentialAction":[{"@type":"ReadAction","target":["https:\/\/www.lotterycritic.com\/es\/calculadoras-loteria\/calculadora-probabilidades-loteria\/"]}]},{"@type":"BreadcrumbList","@id":"https:\/\/www.lotterycritic.com\/es\/calculadoras-loteria\/calculadora-probabilidades-loteria\/#breadcrumb","itemListElement":[{"@type":"ListItem","position":1,"name":"Home","item":"https:\/\/www.lotterycritic.com\/es\/"},{"@type":"ListItem","position":2,"name":"Calculadoras de Loter\u00eda: Calcular Impuestos, Premios y Probabilidades de Ganar","item":"https:\/\/www.lotterycritic.com\/es\/calculadoras-loteria\/"},{"@type":"ListItem","position":3,"name":"Calculadora de Probabilidades de Loter\u00eda: Calcula Tus Chances de Ganar La Loter\u00eda"}]},{"@type":"WebSite","@id":"https:\/\/www.lotterycritic.com\/es\/#website","url":"https:\/\/www.lotterycritic.com\/es\/","name":"Lottery Critic","description":"Your Guide to Lottery Results, Winning Numbers &amp; More\u2026","potentialAction":[{"@type":"SearchAction","target":{"@type":"EntryPoint","urlTemplate":"https:\/\/www.lotterycritic.com\/es\/?s={search_term_string}"},"query-input":{"@type":"PropertyValueSpecification","valueRequired":true,"valueName":"search_term_string"}}],"inLanguage":"es"}]}},"_links":{"self":[{"href":"https:\/\/www.lotterycritic.com\/es\/wp-json\/wp\/v2\/pages\/13489"}],"collection":[{"href":"https:\/\/www.lotterycritic.com\/es\/wp-json\/wp\/v2\/pages"}],"about":[{"href":"https:\/\/www.lotterycritic.com\/es\/wp-json\/wp\/v2\/types\/page"}],"author":[{"embeddable":true,"href":"https:\/\/www.lotterycritic.com\/es\/wp-json\/wp\/v2\/users\/1"}],"replies":[{"embeddable":true,"href":"https:\/\/www.lotterycritic.com\/es\/wp-json\/wp\/v2\/comments?post=13489"}],"version-history":[{"count":4,"href":"https:\/\/www.lotterycritic.com\/es\/wp-json\/wp\/v2\/pages\/13489\/revisions"}],"predecessor-version":[{"id":13895,"href":"https:\/\/www.lotterycritic.com\/es\/wp-json\/wp\/v2\/pages\/13489\/revisions\/13895"}],"up":[{"embeddable":true,"href":"https:\/\/www.lotterycritic.com\/es\/wp-json\/wp\/v2\/pages\/13487"}],"wp:attachment":[{"href":"https:\/\/www.lotterycritic.com\/es\/wp-json\/wp\/v2\/media?parent=13489"}],"curies":[{"name":"wp","href":"https:\/\/api.w.org\/{rel}","templated":true}]}}