{"id":13487,"date":"2023-06-28T00:51:26","date_gmt":"2023-06-28T00:51:26","guid":{"rendered":"https:\/\/www.lotterycritic.com\/calculadoras-de-loteria-desde-las-probabilidades-hasta-impuestos-y-pagos\/"},"modified":"2023-07-25T16:44:08","modified_gmt":"2023-07-25T16:44:08","slug":"calculadoras-loteria","status":"publish","type":"page","link":"https:\/\/www.lotterycritic.com\/es\/calculadoras-loteria\/","title":{"rendered":"Calculadoras de Loter\u00eda: Calcular Impuestos, Premios y Probabilidades de Ganar"},"content":{"rendered":"<p><\/p>\n<p><span style=\"font-weight: 400;\">La loter\u00eda puede utilizar algunos n\u00fameros muy largos, lo que lleva a c\u00e1lculos complejos en t\u00e9rminos de probabilidades y pagos. Adem\u00e1s, los diferentes impuestos pueden ser un problema a la hora de calcular el premio de forma precisa. Aqu\u00ed en Lottery Critic, hemos creado nuestra propia calculadora para resolver todos estos inconvenientes.<\/span><\/p>\n<p>\n<\/p>\n<p><section><div class=\"section-anchor\" id=\"calculadora-de-probabilidades-de-loter--a\"><\/div><\/section><\/p>\n<p><\/p>\n<h2><a href=\"https:\/\/www.lotterycritic.com\/es\/calculadoras-loteria\/calculadora-probabilidades-loteria\/\">Calculadora de Probabilidades de Loter\u00eda<\/a><\/h2>\n<p><span style=\"font-weight: 400;\">\u00bfNo est\u00e1 seguro de c\u00f3mo calcular las combinaciones de loter\u00eda para tener oportunidades de ganar? Use nuestra calculadora de probabilidades para una \u00a1f\u00e1cil soluci\u00f3n! Le muestra todas las f\u00f3rmulas necesarias, para que pueda seguirlas f\u00e1cilmente.<\/span><\/p>\n<p>\n<\/p>\n<p><section><div class=\"section-anchor\" id=\"calculadora-de-pagos-e-impuestos-del-powerball\"><\/div><\/section><\/p>\n<p><\/p>\n<h2><a href=\"https:\/\/www.lotterycritic.com\/es\/calculadoras-loteria\/calculadora-pagos-impuestos-powerball\/\">Calculadora de Pagos e Impuestos del Powerball<\/a><\/h2>\n<p><span style=\"font-weight: 400;\">Averig\u00fce cu\u00e1nto deber\u00e1 pagar en impuestos si gana el premio mayor de Powerball, tanto para la opci\u00f3n anual como entrega en efectivo. Nuestra calculadora de impuestos tambi\u00e9n muestra un calendario de pagos para conocer cu\u00e1nto recibir\u00e1 cada a\u00f1o.<\/span><\/p>\n<p>\n<\/p>\n<p><section><div class=\"section-anchor\" id=\"calculadora-de-pagos-e-impuestos-del-mega-millions\"><\/div><\/section><\/p>\n<p><\/p>\n<h2><a href=\"https:\/\/www.lotterycritic.com\/es\/calculadoras-loteria\/calculadora-pagos-impuestos-mega-millions\/\">Calculadora de Pagos e Impuestos del Mega Millions<\/a><\/h2>\n<p><span style=\"font-weight: 400;\">De la misma manera, podr\u00e1 tambi\u00e9n determinar sus obligaciones fiscales en caso de ganar el premio mayor de Mega Millions. Nuestra calculadora le permite comparar los impuestos para entrega anual y entrega total, y por supuesto, muestra una pr\u00e1ctica tabla de pagos para un vistazo sencillo.<\/span><\/p>\n<p style=\"text-align: center;\">\n<\/p>\n<p style=\"text-align: center;\">\t\t<div class=\"row\">\n\t\t\t\n\t\t\t\t<div class=\"twelve mdSix\">\n\t\t\t\t\t<div class=\"panel\" style=\"height: 100%; padding-bottom: 0; margin-bottom: 3.5rem; font-size: 14px;\">\n\t\t\t\t\t\t<div class=\"homeLotteryCard\">\n\t\t\t\t\t\t\t<div class=\"row centerContent homeLotteryCard-resultsWrapper\">\n\t\t\t\t\t\t\t\t<div class=\"twelve\">\n\t\t\t\t\t\t\t\t\t<h3 style=\"margin: 0; padding: 0;\">Powerball<\/h3>\n\t\t\t\t\t\t\t\t<\/div>\n\t\t\t\t\t\t\t<\/div>\n\t\t\t\t\t\t\t<div class=\"homeLotteryCard-jackpot homeLotteryCard-jackpot_secondaryColor\">\n\t\t\t\t\t\t\t\t<div class=\"homeLotteryCard-jackpot-value\">$69,000,000<\/div>\n\t\t\t\t\t\t\t<\/div>\n\t\t\t\t\t\t\t<div style=\"text-align: center; padding-bottom: 1em; \">Next Draw Closes In:<\/div>\n\t\t\t\t\t\t\t<div class=\"homeLotteryCard-nextDrawing\" style=\"font-size: 14px\" data-timestamp=\"62893\">\n\t\t\t\t\t\t\t\t\t<span>00<span><\/span><\/span><span>17<span><\/span><\/span><span>28<span><\/span><\/span><span>13<span><\/span><\/span>\t\t\t\t\t\t\t<\/div>\n\t\t\t\t\t\t\t<div class=\"centerContent\" style=\"padding-top: 1rem\">\n\t\t\t\t\t\t\t\t<a style=\"margin-bottom: -1.25em;\" href=\"https:\/\/www.lotterycritic.com\/play-powerball\" class=\"btn btn_primary lcCDBannerac\" target=\"_blank\">Play Using Best Tools<\/a>\n\t\t\t\t\t\t\t<\/div>\n\t\t\t\t\t\t<\/div>\n\t\t\t\t\t<\/div>\n\t\t\t\t<\/div>\n\t\t\t\n\t\t\t\t<div class=\"twelve mdSix\">\n\t\t\t\t\t<div class=\"panel\" style=\"height: 100%; padding-bottom: 0; margin-bottom: 3.5rem; font-size: 14px;\">\n\t\t\t\t\t\t<div class=\"homeLotteryCard\">\n\t\t\t\t\t\t\t<div class=\"row centerContent homeLotteryCard-resultsWrapper\">\n\t\t\t\t\t\t\t\t<div class=\"twelve\">\n\t\t\t\t\t\t\t\t\t<h3 style=\"margin: 0; padding: 0;\">Mega Millions<\/h3>\n\t\t\t\t\t\t\t\t<\/div>\n\t\t\t\t\t\t\t<\/div>\n\t\t\t\t\t\t\t<div class=\"homeLotteryCard-jackpot homeLotteryCard-jackpot_secondaryColor\">\n\t\t\t\t\t\t\t\t<div class=\"homeLotteryCard-jackpot-value\">$251,000,000<\/div>\n\t\t\t\t\t\t\t<\/div>\n\t\t\t\t\t\t\t<div style=\"text-align: center; padding-bottom: 1em; \">Next Draw Closes In:<\/div>\n\t\t\t\t\t\t\t<div class=\"homeLotteryCard-nextDrawing\" style=\"font-size: 14px\" data-timestamp=\"235693\">\n\t\t\t\t\t\t\t\t\t<span>02<span><\/span><\/span><span>17<span><\/span><\/span><span>28<span><\/span><\/span><span>13<span><\/span><\/span>\t\t\t\t\t\t\t<\/div>\n\t\t\t\t\t\t\t<div class=\"centerContent\" style=\"padding-top: 1rem\">\n\t\t\t\t\t\t\t\t<a style=\"margin-bottom: -1.25em;\" href=\"https:\/\/www.lotterycritic.com\/play-megamillions\" class=\"btn btn_primary lcCDBannerac\" target=\"_blank\">Play Using Best Tools<\/a>\n\t\t\t\t\t\t\t<\/div>\n\t\t\t\t\t\t<\/div>\n\t\t\t\t\t<\/div>\n\t\t\t\t<\/div>\n\t\t\t\t\t<\/div>\n\t<\/p>\n<p style=\"text-align: center;\"><\/p>\n<h2>C\u00f3mo puede ayudarle nuestra Calculadora de Loter\u00eda a jugar de forma m\u00e1s inteligente<\/h2>\n<p><span style=\"font-weight: 400;\">Estas herramientas existen para ayudarle a tomar mejores decisiones<\/span><\/p>\n<p><span style=\"font-weight: 400;\">Por una parte, puede dar uso a nuestra calculadora de probabilidades para encontrar las loter\u00edas con mejores oportunidades de ganar.<\/span>\u00a0Compare las probabilidades para sus juegos de loter\u00eda favoritos, <span style=\"font-weight: 400;\">y preste atenci\u00f3n a aquellos que ense\u00f1en m\u00e1s potencial.<\/span><\/p>\n<p><span style=\"font-weight: 400;\">Llegado el caso de que gane, puede utilizar tambi\u00e9n nuestra calculadora de impuestos y tablas de pagos para ayudarle a planearse. Esperamos que le sea de utilidad, y \u00a1buena suerte!<\/span><\/p>\n<p>\n<\/p>\n","protected":false},"excerpt":{"rendered":"","protected":false},"author":2,"featured_media":0,"parent":0,"menu_order":22,"comment_status":"closed","ping_status":"closed","template":"","meta":{"footnotes":""},"class_list":["post-13487","page","type-page","status-publish","hentry"],"acf":[],"yoast_head":"<!-- This site is optimized with the Yoast SEO plugin v23.4 - https:\/\/yoast.com\/wordpress\/plugins\/seo\/ -->\n<title>Calculadora de Loter\u00eda | Calcula Impuestos, Premios y Probabilidad de Ganar<\/title>\n<meta name=\"description\" content=\"Calcule f\u00e1cilmente los impuestos para ganancias por loter\u00eda para cada estado, adem\u00e1s de los pagos para las opciones de entrega total en un solo pago o pago anual con el uso de nuestras calculadoras de loter\u00eda. Puede tambi\u00e9n calcular sus probabilidades de ganar el Mega Millions y el Powerball.\" \/>\n<meta name=\"robots\" content=\"index, follow, max-snippet:-1, max-image-preview:large, max-video-preview:-1\" \/>\n<link rel=\"canonical\" href=\"https:\/\/www.lotterycritic.com\/es\/calculadoras-loteria\/\" \/>\n<meta property=\"og:locale\" content=\"es_ES\" \/>\n<meta property=\"og:type\" content=\"article\" \/>\n<meta property=\"og:title\" content=\"Calculadora de Loter\u00eda | Calcula Impuestos, Premios y Probabilidad de Ganar\" \/>\n<meta property=\"og:description\" content=\"Calcule f\u00e1cilmente los impuestos para ganancias por loter\u00eda para cada estado, adem\u00e1s de los pagos para las opciones de entrega total en un solo pago o pago anual con el uso de nuestras calculadoras de loter\u00eda. Puede tambi\u00e9n calcular sus probabilidades de ganar el Mega Millions y el Powerball.\" \/>\n<meta property=\"og:url\" content=\"https:\/\/www.lotterycritic.com\/es\/calculadoras-loteria\/\" \/>\n<meta property=\"og:site_name\" content=\"Lottery Critic\" \/>\n<meta property=\"article:modified_time\" content=\"2023-07-25T16:44:08+00:00\" \/>\n<meta name=\"twitter:card\" content=\"summary_large_image\" \/>\n<meta name=\"twitter:label1\" content=\"Tiempo de lectura\" \/>\n\t<meta name=\"twitter:data1\" content=\"2 minutos\" \/>\n<script type=\"application\/ld+json\" class=\"yoast-schema-graph\">{\"@context\":\"https:\/\/schema.org\",\"@graph\":[{\"@type\":\"WebPage\",\"@id\":\"https:\/\/www.lotterycritic.com\/es\/calculadoras-loteria\/\",\"url\":\"https:\/\/www.lotterycritic.com\/es\/calculadoras-loteria\/\",\"name\":\"Calculadora de Loter\u00eda | Calcula Impuestos, Premios y Probabilidad de Ganar\",\"isPartOf\":{\"@id\":\"https:\/\/www.lotterycritic.com\/es\/#website\"},\"datePublished\":\"2023-06-28T00:51:26+00:00\",\"dateModified\":\"2023-07-25T16:44:08+00:00\",\"description\":\"Calcule f\u00e1cilmente los impuestos para ganancias por loter\u00eda para cada estado, adem\u00e1s de los pagos para las opciones de entrega total en un solo pago o pago anual con el uso de nuestras calculadoras de loter\u00eda. Puede tambi\u00e9n calcular sus probabilidades de ganar el Mega Millions y el Powerball.\",\"breadcrumb\":{\"@id\":\"https:\/\/www.lotterycritic.com\/es\/calculadoras-loteria\/#breadcrumb\"},\"inLanguage\":\"es\",\"potentialAction\":[{\"@type\":\"ReadAction\",\"target\":[\"https:\/\/www.lotterycritic.com\/es\/calculadoras-loteria\/\"]}]},{\"@type\":\"BreadcrumbList\",\"@id\":\"https:\/\/www.lotterycritic.com\/es\/calculadoras-loteria\/#breadcrumb\",\"itemListElement\":[{\"@type\":\"ListItem\",\"position\":1,\"name\":\"Home\",\"item\":\"https:\/\/www.lotterycritic.com\/es\/\"},{\"@type\":\"ListItem\",\"position\":2,\"name\":\"Calculadoras de Loter\u00eda: Calcular Impuestos, Premios y Probabilidades de Ganar\"}]},{\"@type\":\"WebSite\",\"@id\":\"https:\/\/www.lotterycritic.com\/es\/#website\",\"url\":\"https:\/\/www.lotterycritic.com\/es\/\",\"name\":\"Lottery Critic\",\"description\":\"Your Guide to Lottery Results, Winning Numbers &amp; More\u2026\",\"potentialAction\":[{\"@type\":\"SearchAction\",\"target\":{\"@type\":\"EntryPoint\",\"urlTemplate\":\"https:\/\/www.lotterycritic.com\/es\/?s={search_term_string}\"},\"query-input\":{\"@type\":\"PropertyValueSpecification\",\"valueRequired\":true,\"valueName\":\"search_term_string\"}}],\"inLanguage\":\"es\"}]}<\/script>\n<!-- \/ Yoast SEO plugin. -->","yoast_head_json":{"title":"Calculadora de Loter\u00eda | Calcula Impuestos, Premios y Probabilidad de Ganar","description":"Calcule f\u00e1cilmente los impuestos para ganancias por loter\u00eda para cada estado, adem\u00e1s de los pagos para las opciones de entrega total en un solo pago o pago anual con el uso de nuestras calculadoras de loter\u00eda. Puede tambi\u00e9n calcular sus probabilidades de ganar el Mega Millions y el Powerball.","robots":{"index":"index","follow":"follow","max-snippet":"max-snippet:-1","max-image-preview":"max-image-preview:large","max-video-preview":"max-video-preview:-1"},"canonical":"https:\/\/www.lotterycritic.com\/es\/calculadoras-loteria\/","og_locale":"es_ES","og_type":"article","og_title":"Calculadora de Loter\u00eda | Calcula Impuestos, Premios y Probabilidad de Ganar","og_description":"Calcule f\u00e1cilmente los impuestos para ganancias por loter\u00eda para cada estado, adem\u00e1s de los pagos para las opciones de entrega total en un solo pago o pago anual con el uso de nuestras calculadoras de loter\u00eda. Puede tambi\u00e9n calcular sus probabilidades de ganar el Mega Millions y el Powerball.","og_url":"https:\/\/www.lotterycritic.com\/es\/calculadoras-loteria\/","og_site_name":"Lottery Critic","article_modified_time":"2023-07-25T16:44:08+00:00","twitter_card":"summary_large_image","twitter_misc":{"Tiempo de lectura":"2 minutos"},"schema":{"@context":"https:\/\/schema.org","@graph":[{"@type":"WebPage","@id":"https:\/\/www.lotterycritic.com\/es\/calculadoras-loteria\/","url":"https:\/\/www.lotterycritic.com\/es\/calculadoras-loteria\/","name":"Calculadora de Loter\u00eda | Calcula Impuestos, Premios y Probabilidad de Ganar","isPartOf":{"@id":"https:\/\/www.lotterycritic.com\/es\/#website"},"datePublished":"2023-06-28T00:51:26+00:00","dateModified":"2023-07-25T16:44:08+00:00","description":"Calcule f\u00e1cilmente los impuestos para ganancias por loter\u00eda para cada estado, adem\u00e1s de los pagos para las opciones de entrega total en un solo pago o pago anual con el uso de nuestras calculadoras de loter\u00eda. Puede tambi\u00e9n calcular sus probabilidades de ganar el Mega Millions y el Powerball.","breadcrumb":{"@id":"https:\/\/www.lotterycritic.com\/es\/calculadoras-loteria\/#breadcrumb"},"inLanguage":"es","potentialAction":[{"@type":"ReadAction","target":["https:\/\/www.lotterycritic.com\/es\/calculadoras-loteria\/"]}]},{"@type":"BreadcrumbList","@id":"https:\/\/www.lotterycritic.com\/es\/calculadoras-loteria\/#breadcrumb","itemListElement":[{"@type":"ListItem","position":1,"name":"Home","item":"https:\/\/www.lotterycritic.com\/es\/"},{"@type":"ListItem","position":2,"name":"Calculadoras de Loter\u00eda: Calcular Impuestos, Premios y Probabilidades de Ganar"}]},{"@type":"WebSite","@id":"https:\/\/www.lotterycritic.com\/es\/#website","url":"https:\/\/www.lotterycritic.com\/es\/","name":"Lottery Critic","description":"Your Guide to Lottery Results, Winning Numbers &amp; More\u2026","potentialAction":[{"@type":"SearchAction","target":{"@type":"EntryPoint","urlTemplate":"https:\/\/www.lotterycritic.com\/es\/?s={search_term_string}"},"query-input":{"@type":"PropertyValueSpecification","valueRequired":true,"valueName":"search_term_string"}}],"inLanguage":"es"}]}},"_links":{"self":[{"href":"https:\/\/www.lotterycritic.com\/es\/wp-json\/wp\/v2\/pages\/13487"}],"collection":[{"href":"https:\/\/www.lotterycritic.com\/es\/wp-json\/wp\/v2\/pages"}],"about":[{"href":"https:\/\/www.lotterycritic.com\/es\/wp-json\/wp\/v2\/types\/page"}],"author":[{"embeddable":true,"href":"https:\/\/www.lotterycritic.com\/es\/wp-json\/wp\/v2\/users\/2"}],"replies":[{"embeddable":true,"href":"https:\/\/www.lotterycritic.com\/es\/wp-json\/wp\/v2\/comments?post=13487"}],"version-history":[{"count":4,"href":"https:\/\/www.lotterycritic.com\/es\/wp-json\/wp\/v2\/pages\/13487\/revisions"}],"predecessor-version":[{"id":14037,"href":"https:\/\/www.lotterycritic.com\/es\/wp-json\/wp\/v2\/pages\/13487\/revisions\/14037"}],"wp:attachment":[{"href":"https:\/\/www.lotterycritic.com\/es\/wp-json\/wp\/v2\/media?parent=13487"}],"curies":[{"name":"wp","href":"https:\/\/api.w.org\/{rel}","templated":true}]}}