{"id":13241,"date":"2023-03-09T12:06:16","date_gmt":"2023-03-09T12:06:16","guid":{"rendered":"https:\/\/www.lotterycritic.com\/mega-millions-us-lottery-draw-results-current-jackpot\/"},"modified":"2023-03-30T12:07:51","modified_gmt":"2023-03-30T12:07:51","slug":"mega-millions-us","status":"publish","type":"page","link":"https:\/\/www.lotterycritic.com\/es\/resultados-loteria\/mega-millions-us\/","title":{"rendered":"Resultados de la Loter\u00eda Mega Millions"},"content":{"rendered":"<p><span style=\"font-weight: 400;\">El Mega Millions de Estados Unidos es un juego de loter\u00eda que comenz\u00f3 en 1996.<\/span><\/p>\n<p><span style=\"font-weight: 400;\">Empez\u00f3 con el nombre de The Big Game, pero se renombr\u00f3 a The Big Game Mega Millions en 2022. Para luego comenzar a ser llamado simplemente Mega Millions. El juego se llama de esa forma por los masivos premios de millones de d\u00f3lares que ofrece.<\/span><\/p>\n<p><span style=\"font-weight: 400;\">El US Mega Millions se juega oficialmente en 44 estados, adem\u00e1s de las Islas V\u00edrgenes de Estados Unidos y el Distrito de Columbia. Los estados de Alabama, Nevada, Utah y Mississipi no se incluyen.<\/span><\/p>\n<h2><span style=\"font-weight: 400;\">Datos sobre el Mega Millions<\/span><\/h2>\n<ul>\n<li aria-level=\"1\"><b>Premio mayor GIGANTE: <\/b><span style=\"font-weight: 400;\">US Mega Millions ofrece un premio m\u00ednimo de $15 millones al comienzo de cada rotaci\u00f3n. Despu\u00e9s crece por lo menos $5 millones cada vez que el premio mayor pasa al siguiente sorteo.<\/span><\/li>\n<\/ul>\n<ul>\n<li aria-level=\"1\"><b>Dos sorteos por semana: <\/b><span style=\"font-weight: 400;\">Mega Millions se sortea dos veces cada semana, lo que otorga m\u00e1s oportunidades para ganar.<\/span><\/li>\n<\/ul>\n<ul>\n<li aria-level=\"1\"><b>Incremente sus ganancias: <\/b><span style=\"font-weight: 400;\">As\u00ed como la opci\u00f3n de Power Play en el juego de Powerball, el US Mega Millions les brinda a los jugadores la posibilidad de incrementar los premios por fuera del premio mayor hasta 5 veces.<\/span><\/li>\n<\/ul>\n<h2><b>\u00bfC\u00f3mo funciona el Mega Millions?<\/b><\/h2>\n<h3><b>Lo b\u00e1sico<\/b><\/h3>\n<p><span style=\"font-weight: 400;\">Para el Mega Millions, los jugadores eligen:<\/span><\/p>\n<ul>\n<li style=\"font-weight: 400;\" aria-level=\"1\"><span style=\"font-weight: 400;\">Cinco n\u00fameros de un grupo que van de 1 a 75, adem\u00e1s de<\/span><\/li>\n<li style=\"font-weight: 400;\" aria-level=\"1\"><span style=\"font-weight: 400;\">Un sexto n\u00famero de un grupo que va del 1 al 15.<\/span><\/li>\n<\/ul>\n<p><span style=\"font-weight: 400;\">Para ganar, deber\u00e1 coincidir en al menos un n\u00famero. Para llevarse el premio mayor, debe acertar los seis n\u00fameros.<\/span><\/p>\n<p><span style=\"font-weight: 400;\">Para elegir sus n\u00fameros, puede hacerse de forma manual o aleatoriamente con la opci\u00f3n de Elecci\u00f3n R\u00e1pida (Quick Pick).<\/span><\/p>\n<p><span style=\"font-weight: 400;\">Cada billete cuesta $1, pero a partir de octubre de 2017, el costo se increment\u00f3 en $1. Por lo que cada oportunidad de jugar ahora cuesta $2.<\/span><\/p>\n<h3><b>El MegaPlier<\/b><\/h3>\n<p><span style=\"font-weight: 400;\">Por $1 adicional, el MegaPlier opcional (que es un n\u00famero adicional) puede incrementar los premios que no sean el premio mayor por 2, 3, 4 o 5 veces.<\/span><\/p>\n<p><span style=\"font-weight: 400;\">Esto quiere decir que, debido a que el premio de segunda categor\u00eda garantiza un monto de $1.000.000, puede ganar entre $2 millones y $5 millones si juega con el MegaPlier.<\/span><\/p>\n<p><span style=\"font-weight: 400;\">Desafortunadamente, esta opci\u00f3n no est\u00e1 disponible para todos los estados en los que se juega al Mega Millions.<\/span><\/p>\n<p><span style=\"font-weight: 400;\">Revise la siguiente tabla para saber c\u00f3mo afecta el MegaPlier a cada premio:<\/span><\/p>\n<table>\n<tbody>\n<tr>\n<td rowspan=\"2\"><span style=\"font-weight: 400;\">\u00a0<\/span><\/p>\n<p><span style=\"font-weight: 400;\">Aciertos<\/span><\/td>\n<td rowspan=\"2\"><span style=\"font-weight: 400;\">\u00a0<\/span><\/p>\n<p><span style=\"font-weight: 400;\">Premio<\/span><\/td>\n<td colspan=\"4\"><span style=\"font-weight: 400;\">Premio con el MegaPlier<\/span><\/td>\n<\/tr>\n<tr>\n<td><span style=\"font-weight: 400;\">2x<\/span><\/td>\n<td><span style=\"font-weight: 400;\">3x<\/span><\/td>\n<td><span style=\"font-weight: 400;\">4x<\/span><\/td>\n<td><span style=\"font-weight: 400;\">5x<\/span><\/td>\n<\/tr>\n<tr>\n<td><span style=\"font-weight: 400;\">5 + 1<\/span><\/td>\n<td><span style=\"font-weight: 400;\">Premio mayor<\/span><\/td>\n<td><span style=\"font-weight: 400;\">&#8211;<\/span><\/td>\n<td><span style=\"font-weight: 400;\">&#8211;<\/span><\/td>\n<td><span style=\"font-weight: 400;\">&#8211;<\/span><\/td>\n<td><span style=\"font-weight: 400;\">&#8211;<\/span><\/td>\n<\/tr>\n<tr>\n<td><span style=\"font-weight: 400;\">5 + 0<\/span><\/td>\n<td><span style=\"font-weight: 400;\">$1.000.000<\/span><\/td>\n<td><span style=\"font-weight: 400;\">$2.000.000<\/span><\/td>\n<td><span style=\"font-weight: 400;\">$3.000.000<\/span><\/td>\n<td><span style=\"font-weight: 400;\">$4.000.000<\/span><\/td>\n<td><span style=\"font-weight: 400;\">$5.000.000<\/span><\/td>\n<\/tr>\n<tr>\n<td><span style=\"font-weight: 400;\">4 + 1<\/span><\/td>\n<td><span style=\"font-weight: 400;\">$5.000<\/span><\/td>\n<td><span style=\"font-weight: 400;\">$10.000<\/span><\/td>\n<td><span style=\"font-weight: 400;\">$15.000<\/span><\/td>\n<td><span style=\"font-weight: 400;\">$20.000<\/span><\/td>\n<td><span style=\"font-weight: 400;\">$25.000<\/span><\/td>\n<\/tr>\n<tr>\n<td><span style=\"font-weight: 400;\">4 + 0<\/span><\/td>\n<td><span style=\"font-weight: 400;\">$500<\/span><\/td>\n<td><span style=\"font-weight: 400;\">$1.000<\/span><\/td>\n<td><span style=\"font-weight: 400;\">$1.500<\/span><\/td>\n<td><span style=\"font-weight: 400;\">$2.000<\/span><\/td>\n<td><span style=\"font-weight: 400;\">$2.500<\/span><\/td>\n<\/tr>\n<tr>\n<td><span style=\"font-weight: 400;\">3 + 1<\/span><\/td>\n<td><span style=\"font-weight: 400;\">$50<\/span><\/td>\n<td><span style=\"font-weight: 400;\">$200<\/span><\/td>\n<td><span style=\"font-weight: 400;\">$150<\/span><\/td>\n<td><span style=\"font-weight: 400;\">$200<\/span><\/td>\n<td><span style=\"font-weight: 400;\">$250<\/span><\/td>\n<\/tr>\n<tr>\n<td><span style=\"font-weight: 400;\">3 + 0<\/span><\/td>\n<td><span style=\"font-weight: 400;\">$5<\/span><\/td>\n<td><span style=\"font-weight: 400;\">$10<\/span><\/td>\n<td><span style=\"font-weight: 400;\">$15<\/span><\/td>\n<td><span style=\"font-weight: 400;\">$20<\/span><\/td>\n<td><span style=\"font-weight: 400;\">$25<\/span><\/td>\n<\/tr>\n<tr>\n<td><span style=\"font-weight: 400;\">2 + 1<\/span><\/td>\n<td><span style=\"font-weight: 400;\">$5<\/span><\/td>\n<td><span style=\"font-weight: 400;\">$10<\/span><\/td>\n<td><span style=\"font-weight: 400;\">$15<\/span><\/td>\n<td><span style=\"font-weight: 400;\">$20<\/span><\/td>\n<td><span style=\"font-weight: 400;\">$25<\/span><\/td>\n<\/tr>\n<tr>\n<td><span style=\"font-weight: 400;\">1 + 1<\/span><\/td>\n<td><span style=\"font-weight: 400;\">$2<\/span><\/td>\n<td><span style=\"font-weight: 400;\">$4<\/span><\/td>\n<td><span style=\"font-weight: 400;\">$6<\/span><\/td>\n<td><span style=\"font-weight: 400;\">$8<\/span><\/td>\n<td><span style=\"font-weight: 400;\">$10<\/span><\/td>\n<\/tr>\n<tr>\n<td><span style=\"font-weight: 400;\">0 + 1<\/span><\/td>\n<td><span style=\"font-weight: 400;\">$1<\/span><\/td>\n<td><span style=\"font-weight: 400;\">$2<\/span><\/td>\n<td><span style=\"font-weight: 400;\">$3<\/span><\/td>\n<td><span style=\"font-weight: 400;\">$4<\/span><\/td>\n<td><span style=\"font-weight: 400;\">$5<\/span><\/td>\n<\/tr>\n<\/tbody>\n<\/table>\n<h2><span style=\"font-weight: 400;\">Las probabilidades de ganar<\/span><\/h2>\n<p><span style=\"font-weight: 400;\">Al igual que sucede con las grandes <\/span><span style=\"font-weight: 400;\">loter\u00edas<\/span><span style=\"font-weight: 400;\">, acertar a los 6 n\u00fameros no es tarea f\u00e1cil.<\/span><\/p>\n<p><span style=\"font-weight: 400;\">De hecho, las probabilidades de conseguirlo y ganar el premio mayor es de 1 en 258.890.850.<\/span><\/p>\n<p><span style=\"font-weight: 400;\">Mientras que la probabilidad general de ganar cualquier premio es de 1 en 14.7. Nada mal, a decir verdad.<\/span><\/p>\n<p><span style=\"font-weight: 400;\">Eche un vistazo a la siguiente tabla para la lista completa de las probabilidades sacadas con nuestra <\/span><span style=\"font-weight: 400;\">calculadora de probabilidades de loter\u00eda.<\/span><\/p>\n<table>\n<tbody>\n<tr>\n<td><span style=\"font-weight: 400;\">N\u00fameros acertados<\/span><\/td>\n<td><span style=\"font-weight: 400;\">Probabilidades de ganar<\/span><\/td>\n<\/tr>\n<tr>\n<td><span style=\"font-weight: 400;\">5 + 1<\/span><\/td>\n<td><span style=\"font-weight: 400;\">1 en 259.890.850<\/span><\/td>\n<\/tr>\n<tr>\n<td><span style=\"font-weight: 400;\">5<\/span><\/td>\n<td><span style=\"font-weight: 400;\">1 en 18,492,203.57<\/span><\/td>\n<\/tr>\n<tr>\n<td><span style=\"font-weight: 400;\">4 + 1<\/span><\/td>\n<td><span style=\"font-weight: 400;\">1 en 739,688.14<\/span><\/td>\n<\/tr>\n<tr>\n<td><span style=\"font-weight: 400;\">4 + 0<\/span><\/td>\n<td><span style=\"font-weight: 400;\">1 en 52,834.87<\/span><\/td>\n<\/tr>\n<tr>\n<td><span style=\"font-weight: 400;\">3 + 1<\/span><\/td>\n<td><span style=\"font-weight: 400;\">1 en 10,720.12<\/span><\/td>\n<\/tr>\n<tr>\n<td><span style=\"font-weight: 400;\">3 + 0<\/span><\/td>\n<td><span style=\"font-weight: 400;\">1 en 765.72<\/span><\/td>\n<\/tr>\n<tr>\n<td><span style=\"font-weight: 400;\">2 + 1<\/span><\/td>\n<td><span style=\"font-weight: 400;\">1 en 472.95<\/span><\/td>\n<\/tr>\n<tr>\n<td><span style=\"font-weight: 400;\">1 + 1<\/span><\/td>\n<td><span style=\"font-weight: 400;\">1 en 56.47<\/span><\/td>\n<\/tr>\n<tr>\n<td><span style=\"font-weight: 400;\">0 + 1<\/span><\/td>\n<td><span style=\"font-weight: 400;\">1 en 21.39<\/span><\/td>\n<\/tr>\n<tr>\n<td><span style=\"font-weight: 400;\">Cualquier premio<\/span><\/td>\n<td><span style=\"font-weight: 400;\">1 en 14.71<\/span><\/td>\n<\/tr>\n<\/tbody>\n<\/table>\n<h3><\/h3>\n<h3><b>Pagos de Mega Millions<\/b><\/h3>\n<p><span style=\"font-weight: 400;\">Mega Millions ofrece dos formas de pago: los ganadores puede escoger entre un pago anual (por periodos de 29 a\u00f1os) o un \u00fanico pago. Sin embargo, hay que tener en cuenta que algunos estados tienen reglas diferentes con respecto a esto.<\/span><\/p>\n<p><span style=\"font-weight: 400;\">Los estados de Georgia, Nueva Jersey y Texas, por ejemplo, requieren que los jugadores elijan por adelantado. Adicionalmente, los jugadores en Georgia y Nueva Jersey pueden cambiar un billete con pago anual por efectivo si ganan el premio mayor. Los jugadores en Texas, por otra parte, no podr\u00e1n cambiar de opini\u00f3n.<\/span><\/p>\n<p><span style=\"font-weight: 400;\">Los ganadores por lo general tienen 180 d\u00edas o un a\u00f1o para reclamar el premio. De no hacerse el reclamo, cada estado miembro recibe el monto del premio mayor de vuelta. Cada estado miembro del Mega Millions tiene diferentes reglas en el manejo de los premios sin reclamar.<\/span><\/p>\n<h2><span style=\"font-weight: 400;\">Acumulaci\u00f3n del Premio Mayor<\/span><\/h2>\n<p><span style=\"font-weight: 400;\">As\u00ed como suced\u00eda con el US Powerball, el premio mayor del Mega Millions har\u00e1 parte del siguiente sorteo si nadie lo gana. Si esto sucede, el premio mayor crece en al menos $5 millones cada vez.<\/span><\/p>\n<p><span style=\"font-weight: 400;\">Te\u00f3ricamente, si nadie gana en varios sorteos, el premio mayor puede llegar a n\u00fameros incre\u00edbles.<\/span><\/p>\n<h2><span style=\"font-weight: 400;\">Los mayores ganadores del Mega Millions<\/span><\/h2>\n<p><span style=\"font-weight: 400;\">Ganar el Mega Millions puede parecer imposible, pero muchas personas han demostrado que es lo contrario.<\/span><\/p>\n<p><span style=\"font-weight: 400;\">Estos son los tres mayores ganadores del Mega Millions hasta ahora:<\/span><\/p>\n<ul>\n<li style=\"font-weight: 400;\" aria-level=\"1\"><span style=\"font-weight: 400;\">La mayor cantidad ganada en un premio mayor de Mega Millions fue de hecho para 3 due\u00f1os de billetes ganadores. El 3 de marzo de 2012, un grupo de amigos, una pareja retirada, y un individuo que prefiri\u00f3 permanecer an\u00f3nimo, ganaron el premio de $656 millones. Cada uno se llev\u00f3 a casa $218,6 millones.<\/span><\/li>\n<li style=\"font-weight: 400;\" aria-level=\"1\"><span style=\"font-weight: 400;\">El 8 de julio de 2016, una pareja an\u00f3nima gan\u00f3 el premio mayor de $536 millones. Despu\u00e9s de impuestos, se llevaron $271 millones.<\/span><\/li>\n<li style=\"font-weight: 400;\" aria-level=\"1\"><span style=\"font-weight: 400;\">El 4 de enero de 2011, dos billetes ganadores, de Idaho y Washington, compartieron el premio mayor de $380 millones, el segundo m\u00e1s grande en la historia de Estados Unidos. Los n\u00fameros ganadores fueron 4, 8, 15, 25, 47 y 2. Las probabilidades eran de 1 en 176.000.000<\/span><\/li>\n<\/ul>\n<p><span style=\"font-weight: 400;\">Estas son algunas de las historias de los m\u00e1s grandes <\/span><span style=\"font-weight: 400;\">ganadores de loter\u00edas<\/span><span style=\"font-weight: 400;\">. Si quiere conocer m\u00e1s, eche un vistazo al art\u00edculo sobre los <\/span><span style=\"font-weight: 400;\">mayores ganadores de loter\u00edas de todos los tiempos<\/span><span style=\"font-weight: 400;\">.<\/span><\/p>\n<h2><span style=\"font-weight: 400;\">Curiosidades sobre Mega Millions<\/span><\/h2>\n<ul>\n<li style=\"font-weight: 400;\" aria-level=\"1\"><span style=\"font-weight: 400;\">Mega Million tuvo un gran inicio. El primer sorteo ya tuvo un premio mayor, que hizo al ganador $28 millones m\u00e1s rico. Una semana despu\u00e9s, alguien gan\u00f3 otro premio mayor.<\/span><\/li>\n<li style=\"font-weight: 400;\" aria-level=\"1\"><span style=\"font-weight: 400;\">En 2014, se ganaron un total de nueve premios mayores de Mega Millions. Las cifras rondaron desde $20 millones hasta $414 millones.<\/span><\/li>\n<li style=\"font-weight: 400;\" aria-level=\"1\"><span style=\"font-weight: 400;\">En 2015, mientras tanto, se ganaron un total de ocho premios mayores.<\/span><\/li>\n<li style=\"font-weight: 400;\" aria-level=\"1\"><span style=\"font-weight: 400;\">En 2016, otros ocho premios mayores se ganaron. Dos, el 19 y el 22 de julio, que fueron sorteos consecutivos, y es la sexta vez que una cosa como estas sucede en toda la historia de las loter\u00edas.<\/span><\/li>\n<li style=\"font-weight: 400;\" aria-level=\"1\"><span style=\"font-weight: 400;\">Nueva York parece el estado con m\u00e1s suerte ganando el Mega Millions. Existen un total de 6 ganadores de premios mayores en Nueva York desde que Mega Millions se relanz\u00f3 en octubre de 2013.<\/span><\/li>\n<\/ul>\n<h2><span style=\"font-weight: 400;\">En resumidas cuentas, \u00bfdeber\u00eda jugar al Mega Millions?<\/span><\/h2>\n<p><span style=\"font-weight: 400;\">El US Mega Millions es una de las loter\u00edas m\u00e1s lucrativas, superada solo por el US Powerball.<\/span><\/p>\n<p><span style=\"font-weight: 400;\">El premio mayor con la menor cantidad garantizada es de $15 millones, y puede crecer en al menos $5 millones cada vez que se pasa al siguiente sorteo. Y as\u00ed como con el Powerball, tiene la opci\u00f3n de incrementar sus ganancias en categor\u00edas por fuera del premio mayor, multiplic\u00e1ndolas hasta 5 veces.<\/span><\/p>\n<p><span style=\"font-weight: 400;\">Las probabilidades de ganar el premio mayor pueden ser verdaderamente peque\u00f1as, como con <\/span><span style=\"font-weight: 400;\">cualquier premio mayor<\/span><span style=\"font-weight: 400;\">, pero la probabilidad de ganar cualquier premio no est\u00e1 nada mal.<\/span><\/p>\n","protected":false},"excerpt":{"rendered":"<p>El Mega Millions de Estados Unidos es un juego de loter\u00eda que comenz\u00f3 en 1996. Empez\u00f3 con el nombre de The Big Game, pero se renombr\u00f3 a The Big Game Mega Millions en 2022. Para luego comenzar a ser llamado simplemente Mega Millions. El juego se llama de esa forma por los masivos premios de [&hellip;]<\/p>\n","protected":false},"author":2,"featured_media":0,"parent":13250,"menu_order":1,"comment_status":"closed","ping_status":"closed","template":"lottery-results-game-child-template.php","meta":{"footnotes":""},"class_list":["post-13241","page","type-page","status-publish","hentry"],"acf":[],"yoast_head":"<!-- This site is optimized with the Yoast SEO plugin v23.4 - https:\/\/yoast.com\/wordpress\/plugins\/seo\/ -->\n<title>Resultados de la Loter\u00eda Mega Millions<\/title>\n<meta name=\"robots\" content=\"index, follow, max-snippet:-1, max-image-preview:large, max-video-preview:-1\" \/>\n<link rel=\"canonical\" href=\"https:\/\/www.lotterycritic.com\/es\/resultados-loteria\/mega-millions-us\/\" \/>\n<meta property=\"og:locale\" content=\"es_ES\" \/>\n<meta property=\"og:type\" content=\"article\" \/>\n<meta property=\"og:title\" content=\"Resultados de la Loter\u00eda Mega Millions\" \/>\n<meta property=\"og:description\" content=\"El Mega Millions de Estados Unidos es un juego de loter\u00eda que comenz\u00f3 en 1996. Empez\u00f3 con el nombre de The Big Game, pero se renombr\u00f3 a The Big Game Mega Millions en 2022. Para luego comenzar a ser llamado simplemente Mega Millions. El juego se llama de esa forma por los masivos premios de [&hellip;]\" \/>\n<meta property=\"og:url\" content=\"https:\/\/www.lotterycritic.com\/es\/resultados-loteria\/mega-millions-us\/\" \/>\n<meta property=\"og:site_name\" content=\"Lottery Critic\" \/>\n<meta property=\"article:modified_time\" content=\"2023-03-30T12:07:51+00:00\" \/>\n<meta name=\"twitter:card\" content=\"summary_large_image\" \/>\n<meta name=\"twitter:label1\" content=\"Tiempo de lectura\" \/>\n\t<meta name=\"twitter:data1\" content=\"6 minutos\" \/>\n<script type=\"application\/ld+json\" class=\"yoast-schema-graph\">{\"@context\":\"https:\/\/schema.org\",\"@graph\":[{\"@type\":\"WebPage\",\"@id\":\"https:\/\/www.lotterycritic.com\/es\/resultados-loteria\/mega-millions-us\/\",\"url\":\"https:\/\/www.lotterycritic.com\/es\/resultados-loteria\/mega-millions-us\/\",\"name\":\"Resultados de la Loter\u00eda Mega Millions\",\"isPartOf\":{\"@id\":\"https:\/\/www.lotterycritic.com\/es\/#website\"},\"datePublished\":\"2023-03-09T12:06:16+00:00\",\"dateModified\":\"2023-03-30T12:07:51+00:00\",\"breadcrumb\":{\"@id\":\"https:\/\/www.lotterycritic.com\/es\/resultados-loteria\/mega-millions-us\/#breadcrumb\"},\"inLanguage\":\"es\",\"potentialAction\":[{\"@type\":\"ReadAction\",\"target\":[\"https:\/\/www.lotterycritic.com\/es\/resultados-loteria\/mega-millions-us\/\"]}]},{\"@type\":\"BreadcrumbList\",\"@id\":\"https:\/\/www.lotterycritic.com\/es\/resultados-loteria\/mega-millions-us\/#breadcrumb\",\"itemListElement\":[{\"@type\":\"ListItem\",\"position\":1,\"name\":\"Home\",\"item\":\"https:\/\/www.lotterycritic.com\/es\/\"},{\"@type\":\"ListItem\",\"position\":2,\"name\":\"Resultados de La Loter\u00eda Americana &#8211; Los \u00daltimos N\u00fameros Ganadores de La Loter\u00eda de Estados Unidos\",\"item\":\"https:\/\/www.lotterycritic.com\/es\/resultados-loteria\/\"},{\"@type\":\"ListItem\",\"position\":3,\"name\":\"Resultados de la Loter\u00eda Mega Millions\"}]},{\"@type\":\"WebSite\",\"@id\":\"https:\/\/www.lotterycritic.com\/es\/#website\",\"url\":\"https:\/\/www.lotterycritic.com\/es\/\",\"name\":\"Lottery Critic\",\"description\":\"Your Guide to Lottery Results, Winning Numbers &amp; More\u2026\",\"potentialAction\":[{\"@type\":\"SearchAction\",\"target\":{\"@type\":\"EntryPoint\",\"urlTemplate\":\"https:\/\/www.lotterycritic.com\/es\/?s={search_term_string}\"},\"query-input\":{\"@type\":\"PropertyValueSpecification\",\"valueRequired\":true,\"valueName\":\"search_term_string\"}}],\"inLanguage\":\"es\"}]}<\/script>\n<!-- \/ Yoast SEO plugin. -->","yoast_head_json":{"title":"Resultados de la Loter\u00eda Mega Millions","robots":{"index":"index","follow":"follow","max-snippet":"max-snippet:-1","max-image-preview":"max-image-preview:large","max-video-preview":"max-video-preview:-1"},"canonical":"https:\/\/www.lotterycritic.com\/es\/resultados-loteria\/mega-millions-us\/","og_locale":"es_ES","og_type":"article","og_title":"Resultados de la Loter\u00eda Mega Millions","og_description":"El Mega Millions de Estados Unidos es un juego de loter\u00eda que comenz\u00f3 en 1996. Empez\u00f3 con el nombre de The Big Game, pero se renombr\u00f3 a The Big Game Mega Millions en 2022. Para luego comenzar a ser llamado simplemente Mega Millions. El juego se llama de esa forma por los masivos premios de [&hellip;]","og_url":"https:\/\/www.lotterycritic.com\/es\/resultados-loteria\/mega-millions-us\/","og_site_name":"Lottery Critic","article_modified_time":"2023-03-30T12:07:51+00:00","twitter_card":"summary_large_image","twitter_misc":{"Tiempo de lectura":"6 minutos"},"schema":{"@context":"https:\/\/schema.org","@graph":[{"@type":"WebPage","@id":"https:\/\/www.lotterycritic.com\/es\/resultados-loteria\/mega-millions-us\/","url":"https:\/\/www.lotterycritic.com\/es\/resultados-loteria\/mega-millions-us\/","name":"Resultados de la Loter\u00eda Mega Millions","isPartOf":{"@id":"https:\/\/www.lotterycritic.com\/es\/#website"},"datePublished":"2023-03-09T12:06:16+00:00","dateModified":"2023-03-30T12:07:51+00:00","breadcrumb":{"@id":"https:\/\/www.lotterycritic.com\/es\/resultados-loteria\/mega-millions-us\/#breadcrumb"},"inLanguage":"es","potentialAction":[{"@type":"ReadAction","target":["https:\/\/www.lotterycritic.com\/es\/resultados-loteria\/mega-millions-us\/"]}]},{"@type":"BreadcrumbList","@id":"https:\/\/www.lotterycritic.com\/es\/resultados-loteria\/mega-millions-us\/#breadcrumb","itemListElement":[{"@type":"ListItem","position":1,"name":"Home","item":"https:\/\/www.lotterycritic.com\/es\/"},{"@type":"ListItem","position":2,"name":"Resultados de La Loter\u00eda Americana &#8211; Los \u00daltimos N\u00fameros Ganadores de La Loter\u00eda de Estados Unidos","item":"https:\/\/www.lotterycritic.com\/es\/resultados-loteria\/"},{"@type":"ListItem","position":3,"name":"Resultados de la Loter\u00eda Mega Millions"}]},{"@type":"WebSite","@id":"https:\/\/www.lotterycritic.com\/es\/#website","url":"https:\/\/www.lotterycritic.com\/es\/","name":"Lottery Critic","description":"Your Guide to Lottery Results, Winning Numbers &amp; More\u2026","potentialAction":[{"@type":"SearchAction","target":{"@type":"EntryPoint","urlTemplate":"https:\/\/www.lotterycritic.com\/es\/?s={search_term_string}"},"query-input":{"@type":"PropertyValueSpecification","valueRequired":true,"valueName":"search_term_string"}}],"inLanguage":"es"}]}},"_links":{"self":[{"href":"https:\/\/www.lotterycritic.com\/es\/wp-json\/wp\/v2\/pages\/13241"}],"collection":[{"href":"https:\/\/www.lotterycritic.com\/es\/wp-json\/wp\/v2\/pages"}],"about":[{"href":"https:\/\/www.lotterycritic.com\/es\/wp-json\/wp\/v2\/types\/page"}],"author":[{"embeddable":true,"href":"https:\/\/www.lotterycritic.com\/es\/wp-json\/wp\/v2\/users\/2"}],"replies":[{"embeddable":true,"href":"https:\/\/www.lotterycritic.com\/es\/wp-json\/wp\/v2\/comments?post=13241"}],"version-history":[{"count":5,"href":"https:\/\/www.lotterycritic.com\/es\/wp-json\/wp\/v2\/pages\/13241\/revisions"}],"predecessor-version":[{"id":13267,"href":"https:\/\/www.lotterycritic.com\/es\/wp-json\/wp\/v2\/pages\/13241\/revisions\/13267"}],"up":[{"embeddable":true,"href":"https:\/\/www.lotterycritic.com\/es\/wp-json\/wp\/v2\/pages\/13250"}],"wp:attachment":[{"href":"https:\/\/www.lotterycritic.com\/es\/wp-json\/wp\/v2\/media?parent=13241"}],"curies":[{"name":"wp","href":"https:\/\/api.w.org\/{rel}","templated":true}]}}